{"id":4051,"date":"2025-01-30T16:21:27","date_gmt":"2025-01-30T16:21:27","guid":{"rendered":"https:\/\/morrisonhugheslaw.com\/kait-hayden\/"},"modified":"2026-01-11T18:56:05","modified_gmt":"2026-01-11T18:56:05","slug":"kait-hayden","status":"publish","type":"page","link":"https:\/\/morrisonhugheslaw.com\/es\/about\/kait-hayden\/","title":{"rendered":"Kait Hayden"},"content":{"rendered":"\t\t<div data-elementor-type=\"wp-page\" data-elementor-id=\"4051\" class=\"elementor elementor-4051\" data-elementor-post-type=\"page\">\n\t\t\t\t<div class=\"elementor-element elementor-element-8fcb43b e-flex e-con-boxed e-con e-parent\" data-id=\"8fcb43b\" data-element_type=\"container\" data-e-type=\"container\" data-settings=\"{&quot;background_background&quot;:&quot;classic&quot;}\">\n\t\t\t\t\t<div class=\"e-con-inner\">\n\t\t\t\t\t<\/div>\n\t\t\t\t<\/div>\n\t\t<div class=\"elementor-element elementor-element-a4b5345 e-con-full e-flex e-con e-parent\" data-id=\"a4b5345\" data-element_type=\"container\" data-e-type=\"container\">\n\t\t<div class=\"elementor-element elementor-element-e8cc1bd e-con-full e-flex e-con e-child\" data-id=\"e8cc1bd\" data-element_type=\"container\" data-e-type=\"container\">\n\t\t\t\t<div class=\"elementor-element elementor-element-0638c3e elementor-widget elementor-widget-image\" data-id=\"0638c3e\" data-element_type=\"widget\" data-e-type=\"widget\" data-widget_type=\"image.default\">\n\t\t\t\t<div class=\"elementor-widget-container\">\n\t\t\t\t\t\t\t\t\t\t\t\t\t\t\t<img fetchpriority=\"high\" decoding=\"async\" width=\"800\" height=\"800\" src=\"https:\/\/morrisonhugheslaw.com\/wp-content\/uploads\/2025\/01\/Morrison-Hughes-Headshot-15-1-1024x1024.jpg\" class=\"attachment-large size-large wp-image-4052\" alt=\"Kait Hayden\" srcset=\"https:\/\/morrisonhugheslaw.com\/wp-content\/uploads\/2025\/01\/Morrison-Hughes-Headshot-15-1-1024x1024.jpg 1024w, https:\/\/morrisonhugheslaw.com\/wp-content\/uploads\/2025\/01\/Morrison-Hughes-Headshot-15-1-300x300.jpg 300w, https:\/\/morrisonhugheslaw.com\/wp-content\/uploads\/2025\/01\/Morrison-Hughes-Headshot-15-1-150x150.jpg 150w, https:\/\/morrisonhugheslaw.com\/wp-content\/uploads\/2025\/01\/Morrison-Hughes-Headshot-15-1-768x768.jpg 768w, https:\/\/morrisonhugheslaw.com\/wp-content\/uploads\/2025\/01\/Morrison-Hughes-Headshot-15-1-1536x1536.webp 1536w, https:\/\/morrisonhugheslaw.com\/wp-content\/uploads\/2025\/01\/Morrison-Hughes-Headshot-15-1.webp 1920w\" sizes=\"(max-width: 800px) 100vw, 800px\" \/>\t\t\t\t\t\t\t\t\t\t\t\t\t\t\t<\/div>\n\t\t\t\t<\/div>\n\t\t<div class=\"elementor-element elementor-element-49457c9 e-con-full e-flex e-con e-child\" data-id=\"49457c9\" data-element_type=\"container\" data-e-type=\"container\" data-settings=\"{&quot;background_background&quot;:&quot;classic&quot;}\">\n\t\t\t\t<div class=\"elementor-element elementor-element-88d6988 elementor-widget elementor-widget-heading\" data-id=\"88d6988\" data-element_type=\"widget\" data-e-type=\"widget\" data-widget_type=\"heading.default\">\n\t\t\t\t<div class=\"elementor-widget-container\">\n\t\t\t\t\t<h2 class=\"elementor-heading-title elementor-size-default\">Kait Hayden<\/h2>\t\t\t\t<\/div>\n\t\t\t\t<\/div>\n\t\t\t\t<div class=\"elementor-element elementor-element-24399e0 elementor-widget elementor-widget-heading\" data-id=\"24399e0\" data-element_type=\"widget\" data-e-type=\"widget\" data-widget_type=\"heading.default\">\n\t\t\t\t<div class=\"elementor-widget-container\">\n\t\t\t\t\t<h2 class=\"elementor-heading-title elementor-size-default\">Criminal Defense Partner<\/h2>\t\t\t\t<\/div>\n\t\t\t\t<\/div>\n\t\t\t\t<\/div>\n\t\t\t\t<\/div>\n\t\t<div class=\"elementor-element elementor-element-619bdc5 e-con-full e-flex e-con e-child\" data-id=\"619bdc5\" data-element_type=\"container\" data-e-type=\"container\">\n\t\t\t\t<div class=\"elementor-element elementor-element-2161a73 elementor-widget elementor-widget-heading\" data-id=\"2161a73\" data-element_type=\"widget\" data-e-type=\"widget\" data-widget_type=\"heading.default\">\n\t\t\t\t<div class=\"elementor-widget-container\">\n\t\t\t\t\t<h2 class=\"elementor-heading-title elementor-size-default\">Conoce a Kait Hayden<\/h2>\t\t\t\t<\/div>\n\t\t\t\t<\/div>\n\t\t\t\t<div class=\"elementor-element elementor-element-2d1c89e elementor-widget elementor-widget-text-editor\" data-id=\"2d1c89e\" data-element_type=\"widget\" data-e-type=\"widget\" data-widget_type=\"text-editor.default\">\n\t\t\t\t<div class=\"elementor-widget-container\">\n\t\t\t\t\t\t\t\t\t<p><strong>Kait Hayden<\/strong> se gradu\u00f3 de la Universidad de Georgia con una Licenciatura en Artes en Ingl\u00e9s, especializada en composici\u00f3n y ret\u00f3rica, y obtuvo un certificado en escritura interdisciplinaria. Durante su tiempo en UGA, Kait se destac\u00f3 como una atleta acad\u00e9mica All-American del Segundo Equipo en el equipo de remo de la Universidad, donde se desempe\u00f1\u00f3 como timonel y remero. Tambi\u00e9n tuvo el honor de estudiar en el extranjero en la Universidad de Oxford.<\/p><p>Despu\u00e9s de sus estudios de pregrado, Kait obtuvo su Juris Doctor en la Facultad de Derecho de la Universidad Estatal de Georgia, enfocando su educaci\u00f3n completamente en la defensa penal. Su dedicaci\u00f3n la llev\u00f3 a realizar m\u00faltiples pasant\u00edas y externados en defensa de indigentes, incluyendo roles con los Defensores del Capital de Georgia, el Proyecto de Inocencia de Georgia, el Consejo Est\u00e1ndar de Defensores P\u00fablicos de Georgia y los Defensores de Conflictos Metropolitanos. Como Asistente de Investigaci\u00f3n de Posgrado, contribuy\u00f3 a desafiar el est\u00e1ndar de prueba requerido por los tribunales de Georgia en casos que involucraban a acusados con discapacidad intelectual.<\/p><p>Kait comenz\u00f3 su carrera legal como abogada asociada en Morrison &amp; Hughes, litigando reclamaciones de compensaci\u00f3n laboral. Despu\u00e9s de alejarse brevemente de la pr\u00e1ctica legal para centrarse en su familia y en el nacimiento de sus dos hijos, Kait regres\u00f3 a su pasi\u00f3n por la defensa penal. Se desempe\u00f1\u00f3 como defensora p\u00fablica en el Condado de Henry y el Condado de Clayton, manejando una variedad de casos graves. A trav\u00e9s de este rol, Kait adquiri\u00f3 una amplia experiencia en juicios y capacitaci\u00f3n pr\u00e1ctica en casos que iban desde posesi\u00f3n de drogas hasta cargos graves, incluyendo violaci\u00f3n, abuso infantil agravado y asesinato.<\/p><p>Kait est\u00e1 profundamente comprometida con el papel vital de los abogados defensores penales en el sistema de justicia. Contin\u00faa mejorando sus habilidades a trav\u00e9s de rigurosos programas de educaci\u00f3n continua y defensa en juicios para proporcionar el m\u00e1s alto nivel de representaci\u00f3n a sus clientes. Es una orgullosa graduada del &#8220;Bill Daniel Trial Advocacy Program&#8221; de la Asociaci\u00f3n de Abogados de Defensa Criminal de Georgia, un prestigioso y competitivo programa de entrenamiento de habilidades en juicios dirigido por los mejores abogados defensores penales de Georgia.<\/p><p>Fuera del trabajo, a Kait le gusta hacer senderismo, acampar, leer y asistir a conciertos.<\/p>\t\t\t\t\t\t\t\t<\/div>\n\t\t\t\t<\/div>\n\t\t\t\t<\/div>\n\t\t\t\t<\/div>\n\t\t<div class=\"elementor-element elementor-element-8cbee58 e-flex e-con-boxed e-con e-parent\" data-id=\"8cbee58\" data-element_type=\"container\" data-e-type=\"container\">\n\t\t\t\t\t<div class=\"e-con-inner\">\n\t\t<div class=\"elementor-element elementor-element-ea1a4df e-con-full e-flex e-con e-child\" data-id=\"ea1a4df\" data-element_type=\"container\" data-e-type=\"container\" data-settings=\"{&quot;background_background&quot;:&quot;classic&quot;}\">\n\t\t\t\t<div class=\"elementor-element elementor-element-1e9facf elementor-widget elementor-widget-heading\" data-id=\"1e9facf\" data-element_type=\"widget\" data-e-type=\"widget\" data-widget_type=\"heading.default\">\n\t\t\t\t<div class=\"elementor-widget-container\">\n\t\t\t\t\t<h2 class=\"elementor-heading-title elementor-size-default\">Nosotros no retrocedemos<\/h2>\t\t\t\t<\/div>\n\t\t\t\t<\/div>\n\t\t\t\t<div class=\"elementor-element elementor-element-af8f84b elementor-widget elementor-widget-heading\" data-id=\"af8f84b\" data-element_type=\"widget\" data-e-type=\"widget\" data-widget_type=\"heading.default\">\n\t\t\t\t<div class=\"elementor-widget-container\">\n\t\t\t\t\t<h2 class=\"elementor-heading-title elementor-size-default\">No luches esta batalla solo<\/h2>\t\t\t\t<\/div>\n\t\t\t\t<\/div>\n\t\t\t\t<div class=\"elementor-element elementor-element-315e510 elementor-widget-divider--view-line elementor-widget elementor-widget-divider\" data-id=\"315e510\" data-element_type=\"widget\" data-e-type=\"widget\" data-widget_type=\"divider.default\">\n\t\t\t\t<div class=\"elementor-widget-container\">\n\t\t\t\t\t\t\t<div class=\"elementor-divider\">\n\t\t\t<span class=\"elementor-divider-separator\">\n\t\t\t\t\t\t<\/span>\n\t\t<\/div>\n\t\t\t\t\t\t<\/div>\n\t\t\t\t<\/div>\n\t\t\t\t<div class=\"elementor-element elementor-element-ad3e9a6 elementor-widget elementor-widget-text-editor\" data-id=\"ad3e9a6\" data-element_type=\"widget\" data-e-type=\"widget\" data-widget_type=\"text-editor.default\">\n\t\t\t\t<div class=\"elementor-widget-container\">\n\t\t\t\t\t\t\t\t\t<section id=\"ContentV1\" class=\"cnt v1 lt-bg alt-bg pd_v main_cnt anm\" data-onvisible=\"anm\">\n<div class=\"mn_wd flx-at-1280 f_gp f_t\" data-flexswap=\"\">\n<div class=\"cnt half anm_hlf-r\">\n<div id=\"MainContent\" class=\"cnt-stl \" data-content=\"true\" data-inject=\"block\" data-skip=\"\">\n<div id=\"StaffSystemS1Content\" class=\"cnt-stl mrg_bt\" data-content=\"true\" data-inject=\"block\" data-skip=\"\">\n<div class=\"ta_\">\n\nSi tiene alguna pregunta o est\u00e1 listo para empezar, nuestro equipo legal est\u00e1 listo para ayudarle. Complete nuestro formulario a continuaci\u00f3n o ll\u00e1menos al <a href=\"tel:4046892734\"><span style=\"background-color: var( --e-global-color-5ced9a8 ); font-size: 1rem;\">(404) 689-2734<\/span><\/a>\n\n<\/div>\n<\/div>\n<div class=\"fit full\"><picture class=\"img pd-h- stf-img\" role=\"presentation\"><source srcset=\"\/cms\/thumbnails\/33\/455x565\/images\/staff\/TRISTAN-MORRISON.2307271605550.jpg\" media=\"(max-width: 500px)\" \/><source srcset=\"\/cms\/thumbnails\/33\/455x565\/images\/staff\/TRISTAN-MORRISON.2307271605550.jpg\" media=\"(ancho m\u00e1ximo: 1279px)\" \/><\/picture><\/div>\n<\/div>\n<\/div>\n<\/div>\n<\/section>\t\t\t\t\t\t\t\t<\/div>\n\t\t\t\t<\/div>\n\t\t\t\t<div class=\"elementor-element elementor-element-c094f8b elementor-widget elementor-widget-html\" data-id=\"c094f8b\" data-element_type=\"widget\" data-e-type=\"widget\" data-widget_type=\"html.default\">\n\t\t\t\t<div class=\"elementor-widget-container\">\n\t\t\t\t\t<iframe\n  src=\"https:\/\/link.whipple.media\/widget\/form\/smuJijKiDfdfGUcfYPnV\"\n  style=\"width:100%;height:100%;border:none;border-radius:3px\"\n  id=\"inline-smuJijKiDfdfGUcfYPnV\" \n  data-layout=\"{'id':'INLINE'}\"\n  data-trigger-type=\"alwaysShow\"\n  data-trigger-value=\"\"\n  data-activation-type=\"alwaysActivated\"\n  data-activation-value=\"\"\n  data-deactivation-type=\"neverDeactivate\"\n  data-deactivation-value=\"\"\n  data-form-name=\"Contact Us Form\"\n  data-height=\"522\"\n  data-layout-iframe-id=\"inline-smuJijKiDfdfGUcfYPnV\"\n  data-form-id=\"smuJijKiDfdfGUcfYPnV\"\n  title=\"Contact Us Form\"\n      >\n<\/iframe>\n<script src=\"https:\/\/link.whipple.media\/js\/form_embed.js\"><\/script>\t\t\t\t<\/div>\n\t\t\t\t<\/div>\n\t\t\t\t<\/div>\n\t\t\t\t\t<\/div>\n\t\t\t\t<\/div>\n\t\t\t\t<\/div>\n\t\t","protected":false},"excerpt":{"rendered":"<p>Kait Hayden Criminal Defense Partner Conoce a Kait Hayden Kait Hayden se gradu\u00f3 de la Universidad de Georgia con una Licenciatura en Artes en Ingl\u00e9s, especializada en composici\u00f3n y ret\u00f3rica, y obtuvo un certificado en escritura interdisciplinaria. Durante su tiempo en UGA, Kait se destac\u00f3 como una atleta acad\u00e9mica All-American del Segundo Equipo en el [&hellip;]<\/p>\n","protected":false},"author":1,"featured_media":0,"parent":4202,"menu_order":0,"comment_status":"closed","ping_status":"closed","template":"elementor_header_footer","meta":{"nf_dc_page":"","footnotes":""},"class_list":["post-4051","page","type-page","status-publish","hentry"],"_links":{"self":[{"href":"https:\/\/morrisonhugheslaw.com\/es\/wp-json\/wp\/v2\/pages\/4051","targetHints":{"allow":["GET"]}}],"collection":[{"href":"https:\/\/morrisonhugheslaw.com\/es\/wp-json\/wp\/v2\/pages"}],"about":[{"href":"https:\/\/morrisonhugheslaw.com\/es\/wp-json\/wp\/v2\/types\/page"}],"author":[{"embeddable":true,"href":"https:\/\/morrisonhugheslaw.com\/es\/wp-json\/wp\/v2\/users\/1"}],"replies":[{"embeddable":true,"href":"https:\/\/morrisonhugheslaw.com\/es\/wp-json\/wp\/v2\/comments?post=4051"}],"version-history":[{"count":3,"href":"https:\/\/morrisonhugheslaw.com\/es\/wp-json\/wp\/v2\/pages\/4051\/revisions"}],"predecessor-version":[{"id":4341,"href":"https:\/\/morrisonhugheslaw.com\/es\/wp-json\/wp\/v2\/pages\/4051\/revisions\/4341"}],"up":[{"embeddable":true,"href":"https:\/\/morrisonhugheslaw.com\/es\/wp-json\/wp\/v2\/pages\/4202"}],"wp:attachment":[{"href":"https:\/\/morrisonhugheslaw.com\/es\/wp-json\/wp\/v2\/media?parent=4051"}],"curies":[{"name":"wp","href":"https:\/\/api.w.org\/{rel}","templated":true}]}}