{"id":4054,"date":"2024-12-10T21:23:20","date_gmt":"2024-12-10T21:23:20","guid":{"rendered":"https:\/\/morrisonhugheslaw.com\/sitemap\/"},"modified":"2026-01-18T11:48:40","modified_gmt":"2026-01-18T11:48:40","slug":"sitemap","status":"publish","type":"page","link":"https:\/\/morrisonhugheslaw.com\/es\/sitemap\/","title":{"rendered":"Sitemap"},"content":{"rendered":"\t\t<div data-elementor-type=\"wp-page\" data-elementor-id=\"4054\" class=\"elementor elementor-4054 elementor-1133\" data-elementor-post-type=\"page\">\n\t\t\t\t<div class=\"elementor-element elementor-element-784fb98 e-flex e-con-boxed e-con e-parent\" data-id=\"784fb98\" data-element_type=\"container\" data-e-type=\"container\" data-settings=\"{&quot;background_background&quot;:&quot;classic&quot;}\">\n\t\t\t\t\t<div class=\"e-con-inner\">\n\t\t\t\t\t<\/div>\n\t\t\t\t<\/div>\n\t\t<div class=\"elementor-element elementor-element-b6c27d8 e-flex e-con-boxed e-con e-parent\" data-id=\"b6c27d8\" data-element_type=\"container\" data-e-type=\"container\">\n\t\t\t\t\t<div class=\"e-con-inner\">\n\t\t\t\t<div class=\"elementor-element elementor-element-f8bcb14 elementor-widget-divider--view-line elementor-widget elementor-widget-divider\" data-id=\"f8bcb14\" data-element_type=\"widget\" data-e-type=\"widget\" data-widget_type=\"divider.default\">\n\t\t\t\t<div class=\"elementor-widget-container\">\n\t\t\t\t\t\t\t<div class=\"elementor-divider\">\n\t\t\t<span class=\"elementor-divider-separator\">\n\t\t\t\t\t\t<\/span>\n\t\t<\/div>\n\t\t\t\t\t\t<\/div>\n\t\t\t\t<\/div>\n\t\t\t\t<div class=\"elementor-element elementor-element-49f63b6 elementor-widget elementor-widget-heading\" data-id=\"49f63b6\" data-element_type=\"widget\" data-e-type=\"widget\" data-widget_type=\"heading.default\">\n\t\t\t\t<div class=\"elementor-widget-container\">\n\t\t\t\t\t<h2 class=\"elementor-heading-title elementor-size-default\">Mapa del sitio<\/h2>\t\t\t\t<\/div>\n\t\t\t\t<\/div>\n\t\t\t\t<div class=\"elementor-element elementor-element-c329777 elementor-widget elementor-widget-sitemap\" data-id=\"c329777\" data-element_type=\"widget\" data-e-type=\"widget\" data-widget_type=\"sitemap.default\">\n\t\t\t\t<div class=\"elementor-widget-container\">\n\t\t\t\t\t<div class=\"elementor-sitemap-wrap\"><div class=\"elementor-sitemap-section\"><h2 class=\"elementor-sitemap-title elementor-sitemap-page-title\">Pages<\/h2><ul class=\"elementor-sitemap-list elementor-sitemap-page-list\"><li class=\"elementor-sitemap-item elementor-sitemap-item-page page_item page-item-5916\"><a href=\"https:\/\/morrisonhugheslaw.com\/es\/about\/gabriela-cohen\/\">Gabriela Cohen<\/a><\/li><li class=\"elementor-sitemap-item elementor-sitemap-item-page page_item page-item-5915\"><a href=\"https:\/\/morrisonhugheslaw.com\/es\/about\/quint-kimbro\/\">Quint Kimbro<\/a><\/li><li class=\"elementor-sitemap-item elementor-sitemap-item-page page_item page-item-5914\"><a href=\"https:\/\/morrisonhugheslaw.com\/es\/about\/amada-rivero\/\">Amada Rivero<\/a><\/li><li class=\"elementor-sitemap-item elementor-sitemap-item-page page_item page-item-5901\"><a href=\"https:\/\/morrisonhugheslaw.com\/es\/workers-compensation\/lesiones-en-la-planta-de-pollos\/\">Lesiones en la planta de pollos<\/a><\/li><li class=\"elementor-sitemap-item elementor-sitemap-item-page page_item page-item-5912\"><a href=\"https:\/\/morrisonhugheslaw.com\/es\/about\/rachel-givarz\/\">Rachel Givarz<\/a><\/li><li class=\"elementor-sitemap-item elementor-sitemap-item-page page_item page-item-5919\"><a href=\"https:\/\/morrisonhugheslaw.com\/es\/workers-compensation\/reclamaciones-por-fallecimiento\/\">Reclamaciones por fallecimiento<\/a><\/li><li class=\"elementor-sitemap-item elementor-sitemap-item-page page_item page-item-5913\"><a href=\"https:\/\/morrisonhugheslaw.com\/es\/about\/john-early\/\">John Early<\/a><\/li><li class=\"elementor-sitemap-item elementor-sitemap-item-page page_item page-item-5911\"><a href=\"https:\/\/morrisonhugheslaw.com\/es\/gracias-ariana-grande-regalo-morrison-hughes\/\">Gracias | Ariana Grande Regalo | Morrison &amp; Hughes<\/a><\/li><li class=\"elementor-sitemap-item elementor-sitemap-item-page page_item page-item-5908\"><a href=\"https:\/\/morrisonhugheslaw.com\/es\/busqueda-del-tesoro-en-el-blog-para-conseguir-entradas-extra-regalo-de-ariana-grande-morrison-hughes\/\">B\u00fasqueda del tesoro en el blog para conseguir entradas extra | Regalo de Ariana Grande | Morrison &amp; Hughes<\/a><\/li><li class=\"elementor-sitemap-item elementor-sitemap-item-page page_item page-item-5904\"><a href=\"https:\/\/morrisonhugheslaw.com\/es\/envia-un-testimonio-en-video-para-conseguir-participaciones-extra-regalo-de-ariana-grande-morrison-hughes\/\">Env\u00eda un testimonio en v\u00eddeo para conseguir participaciones extra | Regalo de Ariana Grande | Morrison &amp; Hughes<\/a><\/li><li class=\"elementor-sitemap-item elementor-sitemap-item-page page_item page-item-5918\"><a href=\"https:\/\/morrisonhugheslaw.com\/es\/regalo-de-entradas-vip-para-ariana-grande-morrison-hughes\/\">Regalo de entradas VIP para Ariana Grande | Morrison &amp; Hughes<\/a><\/li><li class=\"elementor-sitemap-item elementor-sitemap-item-page page_item page-item-5917\"><a href=\"https:\/\/morrisonhugheslaw.com\/es\/terminos-y-condiciones\/\">T\u00e9rminos y condiciones<\/a><\/li><li class=\"elementor-sitemap-item elementor-sitemap-item-page page_item page-item-5147\"><a href=\"https:\/\/morrisonhugheslaw.com\/es\/death-claims\/\">Reclamaciones de muerte<\/a><\/li><li class=\"elementor-sitemap-item elementor-sitemap-item-page page_item page-item-5153\"><a href=\"https:\/\/morrisonhugheslaw.com\/es\/chicken-plant-injuries\/\">Lesiones en plantas de pollos<\/a><\/li><li class=\"elementor-sitemap-item elementor-sitemap-item-page page_item page-item-4009\"><a href=\"https:\/\/morrisonhugheslaw.com\/es\/workers-compensation\/lesiones-laborales-en-amazon\/\">Lesiones laborales en Amazon<\/a><\/li><li class=\"elementor-sitemap-item elementor-sitemap-item-page page_item page-item-4012\"><a href=\"https:\/\/morrisonhugheslaw.com\/es\/workers-compensation\/lesiones-en-fabricas-de-alfombras-y-pisos\/\">Lesiones en f\u00e1bricas de alfombras y pisos<\/a><\/li><li class=\"elementor-sitemap-item elementor-sitemap-item-page page_item page-item-4013\"><a href=\"https:\/\/morrisonhugheslaw.com\/es\/defensa-penal\/sexual-offense\/child-molestation\/\">Child Molestation<\/a><\/li><li class=\"elementor-sitemap-item elementor-sitemap-item-page page_item page-item-4015\"><a href=\"https:\/\/morrisonhugheslaw.com\/es\/defensa-penal\/cargos-por-robo\/\">Cargos por robo<\/a><\/li><li class=\"elementor-sitemap-item elementor-sitemap-item-page page_item page-item-4017\"><a href=\"https:\/\/morrisonhugheslaw.com\/es\/defensa-penal\/delitos-graves-de-conduccion\/\">Delitos graves de conducci\u00f3n<\/a><\/li><li class=\"elementor-sitemap-item elementor-sitemap-item-page page_item page-item-4019\"><a href=\"https:\/\/morrisonhugheslaw.com\/es\/defensa-penal\/burglary-destruction-of-property\/\">Robo y destrucci\u00f3n de propiedad<\/a><\/li><li class=\"elementor-sitemap-item elementor-sitemap-item-page page_item page-item-4021\"><a href=\"https:\/\/morrisonhugheslaw.com\/es\/defensa-penal\/falsificacion-fraude\/\">Cargos por falsificaci\u00f3n y fraude<\/a><\/li><li class=\"elementor-sitemap-item elementor-sitemap-item-page page_item page-item-4023\"><a href=\"https:\/\/morrisonhugheslaw.com\/es\/workers-compensation\/lesiones-en-plantas-fabricas-y-almacenes\/\">Lesiones en plantas, f\u00e1bricas y almacenes<\/a><\/li><li class=\"elementor-sitemap-item elementor-sitemap-item-page page_item page-item-4025\"><a href=\"https:\/\/morrisonhugheslaw.com\/es\/defensa-penal\/battery-aggravated-assault\/\">Agresi\u00f3n f\u00edsica y agresi\u00f3n agravada<\/a><\/li><li class=\"elementor-sitemap-item elementor-sitemap-item-page page_item page-item-4027\"><a href=\"https:\/\/morrisonhugheslaw.com\/es\/defensa-penal\/violaciones-de-la-libertad-condicional\/\">Violaciones de la libertad condicional<\/a><\/li><li class=\"elementor-sitemap-item elementor-sitemap-item-page page_item page-item-4029\"><a href=\"https:\/\/morrisonhugheslaw.com\/es\/defensa-penal\/gun-weapon-offenses\/\">Delitos con armas de fuego y armas de fuego<\/a><\/li><li class=\"elementor-sitemap-item elementor-sitemap-item-page page_item page-item-4031\"><a href=\"https:\/\/morrisonhugheslaw.com\/es\/defensa-penal\/homicidio\/\">Homicidio<\/a><\/li><li class=\"elementor-sitemap-item elementor-sitemap-item-page page_item page-item-4033\"><a href=\"https:\/\/morrisonhugheslaw.com\/es\/defensa-penal\/crimenes-violentos\/\">Cr\u00edmenes violentos<\/a><\/li><li class=\"elementor-sitemap-item elementor-sitemap-item-page page_item page-item-4035\"><a href=\"https:\/\/morrisonhugheslaw.com\/es\/atlanta-servicios-de-lesiones-personales\/lesiones-catastroficas\/\">Lesiones catastr\u00f3ficas y amputaciones<\/a><\/li><li class=\"elementor-sitemap-item elementor-sitemap-item-page page_item page-item-4037\"><a href=\"https:\/\/morrisonhugheslaw.com\/es\/workers-compensation\/lesiones-catastroficas-y-amputaciones\/\">Lesiones catastr\u00f3ficas y amputaciones<\/a><\/li><li class=\"elementor-sitemap-item elementor-sitemap-item-page page_item page-item-4039\"><a href=\"https:\/\/morrisonhugheslaw.com\/es\/defensa-penal\/dui\/\">DUI Defense \u2013 Protegiendo sus derechos<\/a><\/li><li class=\"elementor-sitemap-item elementor-sitemap-item-page page_item page-item-4041\"><a href=\"https:\/\/morrisonhugheslaw.com\/es\/defensa-penal\/sexual-offense\/\">Defensa contra cargos por delitos sexuales<\/a><\/li><li class=\"elementor-sitemap-item elementor-sitemap-item-page page_item page-item-5064\"><a href=\"https:\/\/morrisonhugheslaw.com\/es\/defensa-penal\/defensa-por-posesion-de-drogas\/\">Defensa por Posesi\u00f3n de Drogas<\/a><\/li><li class=\"elementor-sitemap-item elementor-sitemap-item-page page_item page-item-4045\"><a href=\"https:\/\/morrisonhugheslaw.com\/es\/horas-extraordinarias-no-pagadas\/\">Horas extraordinarias no pagadas<\/a><\/li><li class=\"elementor-sitemap-item elementor-sitemap-item-page page_item page-item-4047\"><a href=\"https:\/\/morrisonhugheslaw.com\/es\/defensa-penal\/\">Defensa Penal<\/a><\/li><li class=\"elementor-sitemap-item elementor-sitemap-item-page page_item page-item-4049\"><a href=\"https:\/\/morrisonhugheslaw.com\/es\/gracias\/\">Gracias<\/a><\/li><li class=\"elementor-sitemap-item elementor-sitemap-item-page page_item page-item-4050\"><a href=\"https:\/\/morrisonhugheslaw.com\/es\/fayetteville\/abogado-defensor-penal\/\">Abogado de defensa penal de Fayetteville<\/a><\/li><li class=\"elementor-sitemap-item elementor-sitemap-item-page page_item page-item-4051\"><a href=\"https:\/\/morrisonhugheslaw.com\/es\/about\/kait-hayden\/\">Kait Hayden<\/a><\/li><li class=\"elementor-sitemap-item elementor-sitemap-item-page page_item page-item-4053\"><a href=\"https:\/\/morrisonhugheslaw.com\/es\/privacy-policy-2\/\">Privacy Policy<\/a><\/li><li class=\"elementor-sitemap-item elementor-sitemap-item-page page_item page-item-4054\"><a href=\"https:\/\/morrisonhugheslaw.com\/es\/sitemap\/\">Sitemap<\/a><\/li><li class=\"elementor-sitemap-item elementor-sitemap-item-page page_item page-item-4055\"><a href=\"https:\/\/morrisonhugheslaw.com\/es\/contact-us\/\">Contacto<\/a><\/li><li class=\"elementor-sitemap-item elementor-sitemap-item-page page_item page-item-4056\"><a href=\"https:\/\/morrisonhugheslaw.com\/es\/faqs\/\">Preguntas frecuentes<\/a><\/li><li class=\"elementor-sitemap-item elementor-sitemap-item-page page_item page-item-4057\"><a href=\"https:\/\/morrisonhugheslaw.com\/es\/espanol\/indemnizacion-por-accidente-laboral\/\">Indemnizaci\u00f3n por accidente laboral<\/a><\/li><li class=\"elementor-sitemap-item elementor-sitemap-item-page page_item page-item-4058\"><a href=\"https:\/\/morrisonhugheslaw.com\/es\/espanol\/lesiones-personal\/accidentes-de-auto\/\">Accidentes de auto<\/a><\/li><li class=\"elementor-sitemap-item elementor-sitemap-item-page page_item page-item-4059\"><a href=\"https:\/\/morrisonhugheslaw.com\/es\/espanol\/lesiones-personal\/\">Lesiones Personal<\/a><\/li><li class=\"elementor-sitemap-item elementor-sitemap-item-page page_item page-item-4060\"><a href=\"https:\/\/morrisonhugheslaw.com\/es\/espanol\/acera-de-nosotros\/\">Acera de Nosotros<\/a><\/li><li class=\"elementor-sitemap-item elementor-sitemap-item-page page_item page-item-4062\"><a href=\"https:\/\/morrisonhugheslaw.com\/es\/espanol\/\">Abogado de lesiones personales en Georgia<\/a><\/li><li class=\"elementor-sitemap-item elementor-sitemap-item-page page_item page-item-4064\"><a href=\"https:\/\/morrisonhugheslaw.com\/es\/testimonios\/\">Testimonios<\/a><\/li><li class=\"elementor-sitemap-item elementor-sitemap-item-page page_item page-item-5062\"><a href=\"https:\/\/morrisonhugheslaw.com\/es\/resultados\/\">Resultados<\/a><\/li><li class=\"elementor-sitemap-item elementor-sitemap-item-page page_item page-item-4066\"><a href=\"https:\/\/morrisonhugheslaw.com\/es\/informe-de-accidente-gratuito\/\">Informe de accidente gratuito<\/a><\/li><li class=\"elementor-sitemap-item elementor-sitemap-item-page page_item page-item-4067\"><a href=\"https:\/\/morrisonhugheslaw.com\/es\/marietta\/abogado-de-muerte-por-negligencia\/\">Abogado de muerte por negligencia<\/a><\/li><li class=\"elementor-sitemap-item elementor-sitemap-item-page page_item page-item-4093\"><a href=\"https:\/\/morrisonhugheslaw.com\/es\/marietta\/abogado-de-compensacion-laboral\/\">Abogado de Compensaci\u00f3n Laboral<\/a><\/li><li class=\"elementor-sitemap-item elementor-sitemap-item-page page_item page-item-4095\"><a href=\"https:\/\/morrisonhugheslaw.com\/es\/marietta\/abogado-de-discapacidad-del-seguro-social\/\">Abogado de Discapacidad del Seguro Social<\/a><\/li><li class=\"elementor-sitemap-item elementor-sitemap-item-page page_item page-item-4096\"><a href=\"https:\/\/morrisonhugheslaw.com\/es\/marietta\/abogado-de-resbalones-y-caidas\/\">Abogado de resbalones y ca\u00eddas<\/a><\/li><li class=\"elementor-sitemap-item elementor-sitemap-item-page page_item page-item-4097\"><a href=\"https:\/\/morrisonhugheslaw.com\/es\/marietta\/abogado-de-accidentes-de-semirremolques\/\">Abogado de accidentes de semirremolques<\/a><\/li><li class=\"elementor-sitemap-item elementor-sitemap-item-page page_item page-item-4098\"><a href=\"https:\/\/morrisonhugheslaw.com\/es\/marietta\/abogado-de-accidentes-de-motocicleta\/\">Abogado de accidentes de motocicleta<\/a><\/li><li class=\"elementor-sitemap-item elementor-sitemap-item-page page_item page-item-4099\"><a href=\"https:\/\/morrisonhugheslaw.com\/es\/marietta\/abogado-de-mordeduras-de-perro\/\">Abogado de mordeduras de perro<\/a><\/li><li class=\"elementor-sitemap-item elementor-sitemap-item-page page_item page-item-5079\"><a href=\"https:\/\/morrisonhugheslaw.com\/es\/marietta\/abogado-de-accidentes-de-trafico\/\">Abogado de accidentes de tr\u00e1fico<\/a><\/li><li class=\"elementor-sitemap-item elementor-sitemap-item-page page_item page-item-4101\"><a href=\"https:\/\/morrisonhugheslaw.com\/es\/marietta\/\">Marietta<\/a><\/li><li class=\"elementor-sitemap-item elementor-sitemap-item-page page_item page-item-4102\"><a href=\"https:\/\/morrisonhugheslaw.com\/es\/lagrange\/car-accident-lawyer\/\">Voiture Accident Avocat<\/a><\/li><li class=\"elementor-sitemap-item elementor-sitemap-item-page page_item page-item-5074\"><a href=\"https:\/\/morrisonhugheslaw.com\/es\/lagrange\/accidentes-de-moto\/\">Accidentes de moto<\/a><\/li><li class=\"elementor-sitemap-item elementor-sitemap-item-page page_item page-item-4104\"><a href=\"https:\/\/morrisonhugheslaw.com\/es\/lagrange\/\">LaGrange<\/a><\/li><li class=\"elementor-sitemap-item elementor-sitemap-item-page page_item page-item-4105\"><a href=\"https:\/\/morrisonhugheslaw.com\/es\/hiram\/abogado-de-accidentes-de-coche\/\">Abogado de accidentes de coche<\/a><\/li><li class=\"elementor-sitemap-item elementor-sitemap-item-page page_item page-item-4106\"><a href=\"https:\/\/morrisonhugheslaw.com\/es\/hiram\/\">Hiram<\/a><\/li><li class=\"elementor-sitemap-item elementor-sitemap-item-page page_item page-item-4107\"><a href=\"https:\/\/morrisonhugheslaw.com\/es\/fayetteville\/accidentes-de-camiones\/\">Accidentes de camiones<\/a><\/li><li class=\"elementor-sitemap-item elementor-sitemap-item-page page_item page-item-4108\"><a href=\"https:\/\/morrisonhugheslaw.com\/es\/fayetteville\/accidentes-de-motocicleta\/\">Accidentes de motocicleta<\/a><\/li><li class=\"elementor-sitemap-item elementor-sitemap-item-page page_item page-item-4109\"><a href=\"https:\/\/morrisonhugheslaw.com\/es\/fayetteville\/abogado-de-lesiones-catastroficas\/\">Abogado de lesiones catastr\u00f3ficas<\/a><\/li><li class=\"elementor-sitemap-item elementor-sitemap-item-page page_item page-item-4110\"><a href=\"https:\/\/morrisonhugheslaw.com\/es\/fayetteville\/\">Fayetteville<\/a><\/li><li class=\"elementor-sitemap-item elementor-sitemap-item-page page_item page-item-4111\"><a href=\"https:\/\/morrisonhugheslaw.com\/es\/decatur\/truck-accident-lawyer\/\">Abogado de accidentes de camiones<\/a><\/li><li class=\"elementor-sitemap-item elementor-sitemap-item-page page_item page-item-4112\"><a href=\"https:\/\/morrisonhugheslaw.com\/es\/decatur\/motorcycle-accident-lawyer\/\">Abogado de accidentes de motocicleta<\/a><\/li><li class=\"elementor-sitemap-item elementor-sitemap-item-page page_item page-item-4113\"><a href=\"https:\/\/morrisonhugheslaw.com\/es\/decatur\/catastrophic-injury-lawyer\/\">Abogado de lesiones catastr\u00f3ficas<\/a><\/li><li class=\"elementor-sitemap-item elementor-sitemap-item-page page_item page-item-4129\"><a href=\"https:\/\/morrisonhugheslaw.com\/es\/decatur\/car-accident-lawyer\/\">Abogado de accidentes automovil\u00edsticos<\/a><\/li><li class=\"elementor-sitemap-item elementor-sitemap-item-page page_item page-item-4130\"><a href=\"https:\/\/morrisonhugheslaw.com\/es\/decatur\/\">Decatur<\/a><\/li><li class=\"elementor-sitemap-item elementor-sitemap-item-page page_item page-item-4131\"><a href=\"https:\/\/morrisonhugheslaw.com\/es\/alpharetta\/abogado-de-muerte-por-negligencia\/\">Abogado de muerte por negligencia<\/a><\/li><li class=\"elementor-sitemap-item elementor-sitemap-item-page page_item page-item-4132\"><a href=\"https:\/\/morrisonhugheslaw.com\/es\/alpharetta\/abogado-de-accidentes-de-camiones\/\">Abogado de accidentes de camiones<\/a><\/li><li class=\"elementor-sitemap-item elementor-sitemap-item-page page_item page-item-4133\"><a href=\"https:\/\/morrisonhugheslaw.com\/es\/alpharetta\/abogado-de-accidentes-de-motocicleta\/\">Abogado de accidentes de motocicleta<\/a><\/li><li class=\"elementor-sitemap-item elementor-sitemap-item-page page_item page-item-4134\"><a href=\"https:\/\/morrisonhugheslaw.com\/es\/alpharetta\/abogado-de-lesiones-catastroficas\/\">Abogado de lesiones catastr\u00f3ficas<\/a><\/li><li class=\"elementor-sitemap-item elementor-sitemap-item-page page_item page-item-4135\"><a href=\"https:\/\/morrisonhugheslaw.com\/es\/alpharetta\/abogado-de-accidentes-de-coche\/\">Abogado de accidentes de coche<\/a><\/li><li class=\"elementor-sitemap-item elementor-sitemap-item-page page_item page-item-4136\"><a href=\"https:\/\/morrisonhugheslaw.com\/es\/alpharetta\/\">Alpharetta<\/a><\/li><li class=\"elementor-sitemap-item elementor-sitemap-item-page page_item page-item-4137\"><a href=\"https:\/\/morrisonhugheslaw.com\/es\/areas-que-atendemos\/\">\u00c1reas que atendemos<\/a><\/li><li class=\"elementor-sitemap-item elementor-sitemap-item-page page_item page-item-4139\"><a href=\"https:\/\/morrisonhugheslaw.com\/es\/reclamaciones-de-empleo\/\">Reclamaciones de la Ley de empleo &#8211; Horas extraordinarias no remuneradas<\/a><\/li><li class=\"elementor-sitemap-item elementor-sitemap-item-page page_item page-item-5069\"><a href=\"https:\/\/morrisonhugheslaw.com\/es\/incapacidad-de-la-seguridad-social\/\">Incapacidad de la Seguridad Social<\/a><\/li><li class=\"elementor-sitemap-item elementor-sitemap-item-page page_item page-item-4143\"><a href=\"https:\/\/morrisonhugheslaw.com\/es\/workers-compensation\/accidentes-automovilisticos-en-el-lugar-de-trabajo\/\">Accidentes automovil\u00edsticos en el lugar de trabajo<\/a><\/li><li class=\"elementor-sitemap-item elementor-sitemap-item-page page_item page-item-4145\"><a href=\"https:\/\/morrisonhugheslaw.com\/es\/workers-compensation\/\">Workers&#8217; Compensation<\/a><\/li><li class=\"elementor-sitemap-item elementor-sitemap-item-page page_item page-item-5072\"><a href=\"https:\/\/morrisonhugheslaw.com\/es\/atlanta-servicios-de-lesiones-personales\/muerte-por-negligencia\/\">Muerte por negligencia<\/a><\/li><li class=\"elementor-sitemap-item elementor-sitemap-item-page page_item page-item-5081\"><a href=\"https:\/\/morrisonhugheslaw.com\/es\/atlanta-servicios-de-lesiones-personales\/accidentes-de-camion\/\">Accidentes de cami\u00f3n<\/a><\/li><li class=\"elementor-sitemap-item elementor-sitemap-item-page page_item page-item-5078\"><a href=\"https:\/\/morrisonhugheslaw.com\/es\/atlanta-servicios-de-lesiones-personales\/resbalones-y-caidas\/\">Resbalones y ca\u00eddas<\/a><\/li><li class=\"elementor-sitemap-item elementor-sitemap-item-page page_item page-item-4153\"><a href=\"https:\/\/morrisonhugheslaw.com\/es\/atlanta-servicios-de-lesiones-personales\/premisa-responsabilidad\/\">Premisa Responsabilidad<\/a><\/li><li class=\"elementor-sitemap-item elementor-sitemap-item-page page_item page-item-4155\"><a href=\"https:\/\/morrisonhugheslaw.com\/es\/atlanta-servicios-de-lesiones-personales\/accidentes-de-motocicleta\/\">Accidentes de motocicleta<\/a><\/li><li class=\"elementor-sitemap-item elementor-sitemap-item-page page_item page-item-4157\"><a href=\"https:\/\/morrisonhugheslaw.com\/es\/atlanta-servicios-de-lesiones-personales\/mordeduras-de-perro\/\">Mordeduras de perro<\/a><\/li><li class=\"elementor-sitemap-item elementor-sitemap-item-page page_item page-item-4159 current_page_parent\"><a href=\"https:\/\/morrisonhugheslaw.com\/es\/blog\/\">Blog<\/a><\/li><li class=\"elementor-sitemap-item elementor-sitemap-item-page page_item page-item-4182\"><a href=\"https:\/\/morrisonhugheslaw.com\/es\/atlanta-servicios-de-lesiones-personales\/accidentes-de-trafico\/\">Accidentes de tr\u00e1fico<\/a><\/li><li class=\"elementor-sitemap-item elementor-sitemap-item-page page_item page-item-4184\"><a href=\"https:\/\/morrisonhugheslaw.com\/es\/atlanta-servicios-de-lesiones-personales\/\">Atlanta Servicios de lesiones personales<\/a><\/li><li class=\"elementor-sitemap-item elementor-sitemap-item-page page_item page-item-4186\"><a href=\"https:\/\/morrisonhugheslaw.com\/es\/areas-de-practica\/\">\u00c1reas de pr\u00e1ctica<\/a><\/li><li class=\"elementor-sitemap-item elementor-sitemap-item-page page_item page-item-4188\"><a href=\"https:\/\/morrisonhugheslaw.com\/es\/about\/brenda-eaddy\/\">Brenda Eaddy<\/a><\/li><li class=\"elementor-sitemap-item elementor-sitemap-item-page page_item page-item-4189\"><a href=\"https:\/\/morrisonhugheslaw.com\/es\/about\/damariz-ortiz\/\">Damariz Ortiz<\/a><\/li><li class=\"elementor-sitemap-item elementor-sitemap-item-page page_item page-item-4190\"><a href=\"https:\/\/morrisonhugheslaw.com\/es\/about\/datha-tolar\/\">Datha Tolar<\/a><\/li><li class=\"elementor-sitemap-item elementor-sitemap-item-page page_item page-item-4191\"><a href=\"https:\/\/morrisonhugheslaw.com\/es\/about\/melissa-plumlee\/\">Melissa Plumlee<\/a><\/li><li class=\"elementor-sitemap-item elementor-sitemap-item-page page_item page-item-4192\"><a href=\"https:\/\/morrisonhugheslaw.com\/es\/about\/amy-newton\/\">Amy Newton<\/a><\/li><li class=\"elementor-sitemap-item elementor-sitemap-item-page page_item page-item-4193\"><a href=\"https:\/\/morrisonhugheslaw.com\/es\/about\/regina-ozbun\/\">Regina Ozbun<\/a><\/li><li class=\"elementor-sitemap-item elementor-sitemap-item-page page_item page-item-4194\"><a href=\"https:\/\/morrisonhugheslaw.com\/es\/about\/tawn-morrison\/\">Tawn Morrison<\/a><\/li><li class=\"elementor-sitemap-item elementor-sitemap-item-page page_item page-item-4195\"><a href=\"https:\/\/morrisonhugheslaw.com\/es\/about\/beth-haggard\/\">Beth Haggard<\/a><\/li><li class=\"elementor-sitemap-item elementor-sitemap-item-page page_item page-item-4196\"><a href=\"https:\/\/morrisonhugheslaw.com\/es\/about\/nick-ponzio\/\">Nick Ponzio<\/a><\/li><li class=\"elementor-sitemap-item elementor-sitemap-item-page page_item page-item-4197\"><a href=\"https:\/\/morrisonhugheslaw.com\/es\/about\/robert-burke\/\">Robert Burke<\/a><\/li><li class=\"elementor-sitemap-item elementor-sitemap-item-page page_item page-item-4198\"><a href=\"https:\/\/morrisonhugheslaw.com\/es\/about\/paul-l-jenkins\/\">Paul L. Jenkins<\/a><\/li><li class=\"elementor-sitemap-item elementor-sitemap-item-page page_item page-item-4199\"><a href=\"https:\/\/morrisonhugheslaw.com\/es\/about\/leon-hilliard-hughes\/\">Leon Hilliard Hughes<\/a><\/li><li class=\"elementor-sitemap-item elementor-sitemap-item-page page_item page-item-4200\"><a href=\"https:\/\/morrisonhugheslaw.com\/es\/about\/tristan-b-morrison\/\">Tristan B. Morrison<\/a><\/li><li class=\"elementor-sitemap-item elementor-sitemap-item-page page_item page-item-4202\"><a href=\"https:\/\/morrisonhugheslaw.com\/es\/about\/\">Acerca de<\/a><\/li><li class=\"elementor-sitemap-item elementor-sitemap-item-page page_item page-item-4204\"><a href=\"https:\/\/morrisonhugheslaw.com\/es\/\">P\u00e1gina de inicio<\/a><\/li><\/ul><\/div><\/div>\t\t\t\t<\/div>\n\t\t\t\t<\/div>\n\t\t\t\t\t<\/div>\n\t\t\t\t<\/div>\n\t\t\t\t<\/div>\n\t\t","protected":false},"excerpt":{"rendered":"<p>Mapa del sitio<\/p>\n","protected":false},"author":1,"featured_media":0,"parent":0,"menu_order":0,"comment_status":"closed","ping_status":"closed","template":"elementor_header_footer","meta":{"nf_dc_page":"","footnotes":""},"class_list":["post-4054","page","type-page","status-publish","hentry"],"_links":{"self":[{"href":"https:\/\/morrisonhugheslaw.com\/es\/wp-json\/wp\/v2\/pages\/4054","targetHints":{"allow":["GET"]}}],"collection":[{"href":"https:\/\/morrisonhugheslaw.com\/es\/wp-json\/wp\/v2\/pages"}],"about":[{"href":"https:\/\/morrisonhugheslaw.com\/es\/wp-json\/wp\/v2\/types\/page"}],"author":[{"embeddable":true,"href":"https:\/\/morrisonhugheslaw.com\/es\/wp-json\/wp\/v2\/users\/1"}],"replies":[{"embeddable":true,"href":"https:\/\/morrisonhugheslaw.com\/es\/wp-json\/wp\/v2\/comments?post=4054"}],"version-history":[{"count":3,"href":"https:\/\/morrisonhugheslaw.com\/es\/wp-json\/wp\/v2\/pages\/4054\/revisions"}],"predecessor-version":[{"id":4715,"href":"https:\/\/morrisonhugheslaw.com\/es\/wp-json\/wp\/v2\/pages\/4054\/revisions\/4715"}],"wp:attachment":[{"href":"https:\/\/morrisonhugheslaw.com\/es\/wp-json\/wp\/v2\/media?parent=4054"}],"curies":[{"name":"wp","href":"https:\/\/api.w.org\/{rel}","templated":true}]}}