{"id":4066,"date":"2024-12-06T23:30:59","date_gmt":"2024-12-06T23:30:59","guid":{"rendered":"https:\/\/morrisonhugheslaw.com\/free-accident-report\/"},"modified":"2026-01-19T09:33:38","modified_gmt":"2026-01-19T09:33:38","slug":"informe-de-accidente-gratuito","status":"publish","type":"page","link":"https:\/\/morrisonhugheslaw.com\/es\/informe-de-accidente-gratuito\/","title":{"rendered":"Informe de accidente gratuito"},"content":{"rendered":"\t\t<div data-elementor-type=\"wp-page\" data-elementor-id=\"4066\" class=\"elementor elementor-4066\" data-elementor-post-type=\"page\">\n\t\t\t\t<div class=\"elementor-element elementor-element-784fb98 e-flex e-con-boxed e-con e-parent\" data-id=\"784fb98\" data-element_type=\"container\" data-e-type=\"container\" data-settings=\"{&quot;background_background&quot;:&quot;classic&quot;}\">\n\t\t\t\t\t<div class=\"e-con-inner\">\n\t\t\t\t\t<\/div>\n\t\t\t\t<\/div>\n\t\t<div class=\"elementor-element elementor-element-b6c27d8 e-flex e-con-boxed e-con e-parent\" data-id=\"b6c27d8\" data-element_type=\"container\" data-e-type=\"container\">\n\t\t\t\t\t<div class=\"e-con-inner\">\n\t\t\t\t<div class=\"elementor-element elementor-element-f8bcb14 elementor-widget-divider--view-line elementor-widget elementor-widget-divider\" data-id=\"f8bcb14\" data-element_type=\"widget\" data-e-type=\"widget\" data-widget_type=\"divider.default\">\n\t\t\t\t<div class=\"elementor-widget-container\">\n\t\t\t\t\t\t\t<div class=\"elementor-divider\">\n\t\t\t<span class=\"elementor-divider-separator\">\n\t\t\t\t\t\t<\/span>\n\t\t<\/div>\n\t\t\t\t\t\t<\/div>\n\t\t\t\t<\/div>\n\t\t\t\t<div class=\"elementor-element elementor-element-49f63b6 elementor-widget elementor-widget-heading\" data-id=\"49f63b6\" data-element_type=\"widget\" data-e-type=\"widget\" data-widget_type=\"heading.default\">\n\t\t\t\t<div class=\"elementor-widget-container\">\n\t\t\t\t\t<h2 class=\"elementor-heading-title elementor-size-default\">Informe de accidente gratuito<\/h2>\t\t\t\t<\/div>\n\t\t\t\t<\/div>\n\t\t\t\t<div class=\"elementor-element elementor-element-9c7617e elementor-widget elementor-widget-heading\" data-id=\"9c7617e\" data-element_type=\"widget\" data-e-type=\"widget\" data-widget_type=\"heading.default\">\n\t\t\t\t<div class=\"elementor-widget-container\">\n\t\t\t\t\t<h2 class=\"elementor-heading-title elementor-size-default\">\u00a1Comun\u00edquese con M&amp;H para obtener un informe de accidente GRATUITO y una evaluaci\u00f3n de caso SIN COMPROMISO!<\/h2>\t\t\t\t<\/div>\n\t\t\t\t<\/div>\n\t\t\t\t<div class=\"elementor-element elementor-element-7dfd6b2 elementor-widget elementor-widget-text-editor\" data-id=\"7dfd6b2\" data-element_type=\"widget\" data-e-type=\"widget\" data-widget_type=\"text-editor.default\">\n\t\t\t\t<div class=\"elementor-widget-container\">\n\t\t\t\t\t\t\t\t\t<section id=\"ContentS4\" class=\"cnt s4 lt-bg pd_v-30\"><div class=\"mn_tn\"><div id=\"ContentS4Content\" class=\"cnt-stl \" data-content=\"true\" data-inject=\"block\" data-skip=\"\"><p>Morrison &amp; Hughes ofrece un informe policial de accidente y una evaluaci\u00f3n de caso gratuitos a cualquier persona en Georgia que haya resultado lesionada por la negligencia de otro conductor. Es nuestra manera de contribuir y le ayudar\u00e1 a ahorrar dinero durante estos momentos de dificultades econ\u00f3micas. Hay mucho que hacer inmediatamente despu\u00e9s de un accidente de auto, pero tambi\u00e9n es el momento en que menos movilidad tiene. \u00a1Usted est\u00e1 lesionado y su veh\u00edculo queda declarado p\u00e9rdida total! No deber\u00eda tener que alquilar un auto solo para obtener su informe de accidente. Obtener su informe policial de tr\u00e1fico puede parecer una prioridad secundaria despu\u00e9s de un accidente grave, \u00a1pero es fundamental para su caso! Perm\u00edtanos hacer el trabajo por usted. En M&amp;H, nos dedicamos a facilitarle la vida para que pueda retomar el camino hacia la recuperaci\u00f3n.<\/p><\/div><\/div><\/section>\t\t\t\t\t\t\t\t<\/div>\n\t\t\t\t<\/div>\n\t\t\t\t\t<\/div>\n\t\t\t\t<\/div>\n\t\t<div class=\"elementor-element elementor-element-8bc800f e-flex e-con-boxed e-con e-parent\" data-id=\"8bc800f\" data-element_type=\"container\" data-e-type=\"container\" data-settings=\"{&quot;background_background&quot;:&quot;classic&quot;}\">\n\t\t\t\t\t<div class=\"e-con-inner\">\n\t\t\t\t<div class=\"elementor-element elementor-element-03e891c elementor-widget elementor-widget-heading\" data-id=\"03e891c\" data-element_type=\"widget\" data-e-type=\"widget\" data-widget_type=\"heading.default\">\n\t\t\t\t<div class=\"elementor-widget-container\">\n\t\t\t\t\t<h2 class=\"elementor-heading-title elementor-size-default\">Cu\u00e9ntenos sobre su caso<\/h2>\t\t\t\t<\/div>\n\t\t\t\t<\/div>\n\t\t\t\t<div class=\"elementor-element elementor-element-14b5813 elementor-widget-divider--view-line elementor-widget elementor-widget-divider\" data-id=\"14b5813\" data-element_type=\"widget\" data-e-type=\"widget\" data-widget_type=\"divider.default\">\n\t\t\t\t<div class=\"elementor-widget-container\">\n\t\t\t\t\t\t\t<div class=\"elementor-divider\">\n\t\t\t<span class=\"elementor-divider-separator\">\n\t\t\t\t\t\t<\/span>\n\t\t<\/div>\n\t\t\t\t\t\t<\/div>\n\t\t\t\t<\/div>\n\t\t\t\t<div class=\"elementor-element elementor-element-bad5615 elementor-widget elementor-widget-text-editor\" data-id=\"bad5615\" data-element_type=\"widget\" data-e-type=\"widget\" data-widget_type=\"text-editor.default\">\n\t\t\t\t<div class=\"elementor-widget-container\">\n\t\t\t\t\t\t\t\t\t<section id=\"ContentV1\" class=\"cnt v1 lt-bg alt-bg pd_v main_cnt anm\" data-onvisible=\"anm\"><div class=\"mn_wd flx-at-1280 f_gp f_t\" data-flexswap=\"\"><div class=\"cnt half anm_hlf-r\"><div id=\"MainContent\" class=\"cnt-stl \" data-content=\"true\" data-inject=\"block\" data-skip=\"\"><div id=\"ContactS2Header\" class=\"\"><header class=\"mrg_bt-40\"><p class=\"mrg_bt-0\">Responda unas sencillas preguntas y le ayudaremos a determinar si tiene un caso v\u00e1lido. Tenga en cuenta que esto no constituye asesoramiento legal y que a\u00fan no somos sus abogados. Es solo una forma r\u00e1pida de obtener informaci\u00f3n b\u00e1sica. Le recomendamos encarecidamente que se ponga en contacto con nosotros para una consulta gratuita y hable con un abogado en persona para determinar el valor de su caso.<\/p><\/header><\/div><\/div><\/div><\/div><\/section>\t\t\t\t\t\t\t\t<\/div>\n\t\t\t\t<\/div>\n\t\t\t\t<div class=\"elementor-element elementor-element-c73561d elementor-widget elementor-widget-html\" data-id=\"c73561d\" data-element_type=\"widget\" data-e-type=\"widget\" data-widget_type=\"html.default\">\n\t\t\t\t<div class=\"elementor-widget-container\">\n\t\t\t\t\t<iframe\n  src=\"https:\/\/link.whipple.media\/widget\/form\/BZgR1otaaQLv9RG1XuMA\"\n  style=\"width:100%;height:100%;border:none;border-radius:3px\"\n  id=\"inline-BZgR1otaaQLv9RG1XuMA\" \n  data-layout=\"{'id':'INLINE'}\"\n  data-trigger-type=\"alwaysShow\"\n  data-trigger-value=\"\"\n  data-activation-type=\"alwaysActivated\"\n  data-activation-value=\"\"\n  data-deactivation-type=\"neverDeactivate\"\n  data-deactivation-value=\"\"\n  data-form-name=\"Tell Us About Your Case Form\"\n  data-height=\"1567\"\n  data-layout-iframe-id=\"inline-BZgR1otaaQLv9RG1XuMA\"\n  data-form-id=\"BZgR1otaaQLv9RG1XuMA\"\n  title=\"Tell Us About Your Case Form\"\n      >\n<\/iframe>\n<script src=\"https:\/\/link.whipple.media\/js\/form_embed.js\"><\/script>\t\t\t\t<\/div>\n\t\t\t\t<\/div>\n\t\t\t\t\t<\/div>\n\t\t\t\t<\/div>\n\t\t\t\t<\/div>\n\t\t","protected":false},"excerpt":{"rendered":"<p>Informe de accidente gratuito \u00a1Comun\u00edquese con M&amp;H para obtener un informe de accidente GRATUITO y una evaluaci\u00f3n de caso SIN COMPROMISO! Morrison &amp; Hughes ofrece un informe policial de accidente y una evaluaci\u00f3n de caso gratuitos a cualquier persona en Georgia que haya resultado lesionada por la negligencia de otro conductor. Es nuestra manera de [&hellip;]<\/p>\n","protected":false},"author":1,"featured_media":0,"parent":0,"menu_order":0,"comment_status":"closed","ping_status":"closed","template":"elementor_header_footer","meta":{"nf_dc_page":"","footnotes":""},"class_list":["post-4066","page","type-page","status-publish","hentry"],"_links":{"self":[{"href":"https:\/\/morrisonhugheslaw.com\/es\/wp-json\/wp\/v2\/pages\/4066","targetHints":{"allow":["GET"]}}],"collection":[{"href":"https:\/\/morrisonhugheslaw.com\/es\/wp-json\/wp\/v2\/pages"}],"about":[{"href":"https:\/\/morrisonhugheslaw.com\/es\/wp-json\/wp\/v2\/types\/page"}],"author":[{"embeddable":true,"href":"https:\/\/morrisonhugheslaw.com\/es\/wp-json\/wp\/v2\/users\/1"}],"replies":[{"embeddable":true,"href":"https:\/\/morrisonhugheslaw.com\/es\/wp-json\/wp\/v2\/comments?post=4066"}],"version-history":[{"count":7,"href":"https:\/\/morrisonhugheslaw.com\/es\/wp-json\/wp\/v2\/pages\/4066\/revisions"}],"predecessor-version":[{"id":4795,"href":"https:\/\/morrisonhugheslaw.com\/es\/wp-json\/wp\/v2\/pages\/4066\/revisions\/4795"}],"wp:attachment":[{"href":"https:\/\/morrisonhugheslaw.com\/es\/wp-json\/wp\/v2\/media?parent=4066"}],"curies":[{"name":"wp","href":"https:\/\/api.w.org\/{rel}","templated":true}]}}