{"id":4188,"date":"2024-11-26T19:58:09","date_gmt":"2024-11-26T19:58:09","guid":{"rendered":"https:\/\/morrisonhugheslaw.com\/brenda-eaddy\/"},"modified":"2026-01-11T18:51:15","modified_gmt":"2026-01-11T18:51:15","slug":"brenda-eaddy","status":"publish","type":"page","link":"https:\/\/morrisonhugheslaw.com\/es\/about\/brenda-eaddy\/","title":{"rendered":"Brenda Eaddy"},"content":{"rendered":"\t\t<div data-elementor-type=\"wp-page\" data-elementor-id=\"4188\" class=\"elementor elementor-4188\" data-elementor-post-type=\"page\">\n\t\t\t\t<div class=\"elementor-element elementor-element-8fcb43b e-flex e-con-boxed e-con e-parent\" data-id=\"8fcb43b\" data-element_type=\"container\" data-e-type=\"container\" data-settings=\"{&quot;background_background&quot;:&quot;classic&quot;}\">\n\t\t\t\t\t<div class=\"e-con-inner\">\n\t\t\t\t\t<\/div>\n\t\t\t\t<\/div>\n\t\t<div class=\"elementor-element elementor-element-a4b5345 e-con-full e-flex e-con e-parent\" data-id=\"a4b5345\" data-element_type=\"container\" data-e-type=\"container\">\n\t\t<div class=\"elementor-element elementor-element-e8cc1bd e-con-full e-flex e-con e-child\" data-id=\"e8cc1bd\" data-element_type=\"container\" data-e-type=\"container\">\n\t\t\t\t<div class=\"elementor-element elementor-element-0638c3e elementor-widget elementor-widget-image\" data-id=\"0638c3e\" data-element_type=\"widget\" data-e-type=\"widget\" data-widget_type=\"image.default\">\n\t\t\t\t<div class=\"elementor-widget-container\">\n\t\t\t\t\t\t\t\t\t\t\t\t\t\t\t<img fetchpriority=\"high\" decoding=\"async\" width=\"800\" height=\"800\" src=\"https:\/\/morrisonhugheslaw.com\/wp-content\/uploads\/2025\/01\/Morrison-Hughes-Headshot-19-1024x1024.jpg\" class=\"attachment-large size-large wp-image-4224\" alt=\"\" srcset=\"https:\/\/morrisonhugheslaw.com\/wp-content\/uploads\/2025\/01\/Morrison-Hughes-Headshot-19-1024x1024.jpg 1024w, https:\/\/morrisonhugheslaw.com\/wp-content\/uploads\/2025\/01\/Morrison-Hughes-Headshot-19-300x300.jpg 300w, https:\/\/morrisonhugheslaw.com\/wp-content\/uploads\/2025\/01\/Morrison-Hughes-Headshot-19-150x150.jpg 150w, https:\/\/morrisonhugheslaw.com\/wp-content\/uploads\/2025\/01\/Morrison-Hughes-Headshot-19-768x768.jpg 768w, https:\/\/morrisonhugheslaw.com\/wp-content\/uploads\/2025\/01\/Morrison-Hughes-Headshot-19.webp 1354w\" sizes=\"(max-width: 800px) 100vw, 800px\" \/>\t\t\t\t\t\t\t\t\t\t\t\t\t\t\t<\/div>\n\t\t\t\t<\/div>\n\t\t<div class=\"elementor-element elementor-element-49457c9 e-con-full e-flex e-con e-child\" data-id=\"49457c9\" data-element_type=\"container\" data-e-type=\"container\" data-settings=\"{&quot;background_background&quot;:&quot;classic&quot;}\">\n\t\t\t\t<div class=\"elementor-element elementor-element-88d6988 elementor-widget elementor-widget-heading\" data-id=\"88d6988\" data-element_type=\"widget\" data-e-type=\"widget\" data-widget_type=\"heading.default\">\n\t\t\t\t<div class=\"elementor-widget-container\">\n\t\t\t\t\t<h2 class=\"elementor-heading-title elementor-size-default\">Brenda Eaddy\n<\/h2>\t\t\t\t<\/div>\n\t\t\t\t<\/div>\n\t\t\t\t<div class=\"elementor-element elementor-element-24399e0 elementor-widget elementor-widget-heading\" data-id=\"24399e0\" data-element_type=\"widget\" data-e-type=\"widget\" data-widget_type=\"heading.default\">\n\t\t\t\t<div class=\"elementor-widget-container\">\n\t\t\t\t\t<h2 class=\"elementor-heading-title elementor-size-default\">Director de operaciones<\/h2>\t\t\t\t<\/div>\n\t\t\t\t<\/div>\n\t\t\t\t<\/div>\n\t\t\t\t<\/div>\n\t\t<div class=\"elementor-element elementor-element-619bdc5 e-con-full e-flex e-con e-child\" data-id=\"619bdc5\" data-element_type=\"container\" data-e-type=\"container\">\n\t\t\t\t<div class=\"elementor-element elementor-element-2161a73 elementor-widget elementor-widget-heading\" data-id=\"2161a73\" data-element_type=\"widget\" data-e-type=\"widget\" data-widget_type=\"heading.default\">\n\t\t\t\t<div class=\"elementor-widget-container\">\n\t\t\t\t\t<h2 class=\"elementor-heading-title elementor-size-default\">Conoce a Brenda Eaddy<\/h2>\t\t\t\t<\/div>\n\t\t\t\t<\/div>\n\t\t\t\t<div class=\"elementor-element elementor-element-2d1c89e elementor-widget elementor-widget-text-editor\" data-id=\"2d1c89e\" data-element_type=\"widget\" data-e-type=\"widget\" data-widget_type=\"text-editor.default\">\n\t\t\t\t<div class=\"elementor-widget-container\">\n\t\t\t\t\t\t\t\t\t<section id=\"StaffSystemS1Profile\" class=\"stf-pfl s1 lt-bg pd_v ui-repeater\"><div class=\"mn_wd\" data-item=\"i\" data-key=\"49995\"><div class=\"flx-at-1280 f_gp f_t \"><div class=\"two-thirds mrg_tp\"><div class=\"cnt-stl\"><p>Brenda Eaddy es la Directora de Operaciones en Morrison y Hughes. Ella aporta una gran experiencia en la gesti\u00f3n de operaciones en diversas industrias y ha entregado consistentemente resultados impresionantes a lo largo de su carrera. Desde transformar operaciones con flujo de caja negativo en emprendimientos rentables hasta dise\u00f1ar y gestionar estructuras organizativas, tiene un historial comprobado de liderazgo en iniciativas estrat\u00e9gicas, mejora de eficiencia y gesti\u00f3n de proyectos a gran escala. Brenda tiene un MBA en Gesti\u00f3n de Operaciones y t\u00edtulos universitarios en Tecnolog\u00eda Radiol\u00f3gica, Medicina Nuclear y Sonograf\u00eda M\u00e9dica Diagn\u00f3stica de la Facultad de Medicina de Georgia.<\/p><p>En Morrison y Hughes, Brenda canaliza su experiencia en eficiencia operativa para optimizar procesos mediante la toma de decisiones basadas en datos y la resoluci\u00f3n de problemas. Su dedicaci\u00f3n a la excelencia y su capacidad para alinear los objetivos comerciales con las necesidades de los clientes la convierten en un activo invaluable para el equipo. Impulsada por el deseo de tener un impacto positivo tanto dentro de la firma como en la comunidad en general, Brenda est\u00e1 activamente involucrada en trabajos de consultor\u00eda enfocados en la educaci\u00f3n juvenil y el mentorazgo.<\/p><p>M\u00e1s all\u00e1 de sus logros profesionales, Brenda es una \u00e1vida jugadora de tenis y entusiasta del aire libre, que disfruta de la aventura y el desaf\u00edo. Desde torneos de tenis y escalada en roca hasta mochileo, su pasi\u00f3n por mantenerse activa y superar desaf\u00edos refleja la motivaci\u00f3n y el entusiasmo que aporta a su rol en Morrison y Hughes.<\/p><\/div><\/div><\/div><\/div><\/section>\t\t\t\t\t\t\t\t<\/div>\n\t\t\t\t<\/div>\n\t\t\t\t<\/div>\n\t\t\t\t<\/div>\n\t\t<div class=\"elementor-element elementor-element-332535e e-flex e-con-boxed e-con e-parent\" data-id=\"332535e\" data-element_type=\"container\" data-e-type=\"container\">\n\t\t\t\t\t<div class=\"e-con-inner\">\n\t\t<div class=\"elementor-element elementor-element-dc70f37 e-con-full e-flex e-con e-child\" data-id=\"dc70f37\" data-element_type=\"container\" data-e-type=\"container\" data-settings=\"{&quot;background_background&quot;:&quot;classic&quot;}\">\n\t\t\t\t<div class=\"elementor-element elementor-element-f844982 elementor-widget elementor-widget-heading\" data-id=\"f844982\" data-element_type=\"widget\" data-e-type=\"widget\" data-widget_type=\"heading.default\">\n\t\t\t\t<div class=\"elementor-widget-container\">\n\t\t\t\t\t<h2 class=\"elementor-heading-title elementor-size-default\">Nosotros no retrocedemos<\/h2>\t\t\t\t<\/div>\n\t\t\t\t<\/div>\n\t\t\t\t<div class=\"elementor-element elementor-element-71d6a2a elementor-widget elementor-widget-heading\" data-id=\"71d6a2a\" data-element_type=\"widget\" data-e-type=\"widget\" data-widget_type=\"heading.default\">\n\t\t\t\t<div class=\"elementor-widget-container\">\n\t\t\t\t\t<h2 class=\"elementor-heading-title elementor-size-default\">No luches esta batalla solo<\/h2>\t\t\t\t<\/div>\n\t\t\t\t<\/div>\n\t\t\t\t<div class=\"elementor-element elementor-element-e5470cd elementor-widget-divider--view-line elementor-widget elementor-widget-divider\" data-id=\"e5470cd\" data-element_type=\"widget\" data-e-type=\"widget\" data-widget_type=\"divider.default\">\n\t\t\t\t<div class=\"elementor-widget-container\">\n\t\t\t\t\t\t\t<div class=\"elementor-divider\">\n\t\t\t<span class=\"elementor-divider-separator\">\n\t\t\t\t\t\t<\/span>\n\t\t<\/div>\n\t\t\t\t\t\t<\/div>\n\t\t\t\t<\/div>\n\t\t\t\t<div class=\"elementor-element elementor-element-8836ac3 elementor-widget elementor-widget-text-editor\" data-id=\"8836ac3\" data-element_type=\"widget\" data-e-type=\"widget\" data-widget_type=\"text-editor.default\">\n\t\t\t\t<div class=\"elementor-widget-container\">\n\t\t\t\t\t\t\t\t\t<section id=\"ContentV1\" class=\"cnt v1 lt-bg alt-bg pd_v main_cnt anm\" data-onvisible=\"anm\">\n<div class=\"mn_wd flx-at-1280 f_gp f_t\" data-flexswap=\"\">\n<div class=\"cnt half anm_hlf-r\">\n<div id=\"MainContent\" class=\"cnt-stl \" data-content=\"true\" data-inject=\"block\" data-skip=\"\">\n<div id=\"StaffSystemS1Content\" class=\"cnt-stl mrg_bt\" data-content=\"true\" data-inject=\"block\" data-skip=\"\">\n<div class=\"ta_\">\n\nSi tiene alguna pregunta o est\u00e1 listo para empezar, nuestro equipo legal est\u00e1 listo para ayudarle. Complete nuestro formulario a continuaci\u00f3n o ll\u00e1menos al <a href=\"tel:4046892734\"><span style=\"background-color: var( --e-global-color-5ced9a8 ); font-size: 1rem;\">(404) 689-2734<\/span><\/a>\n\n<\/div>\n<\/div>\n<div class=\"fit full\"><picture class=\"img pd-h- stf-img\" role=\"presentation\"><source srcset=\"\/cms\/thumbnails\/33\/455x565\/images\/staff\/TRISTAN-MORRISON.2307271605550.jpg\" media=\"(max-width: 500px)\" \/><source srcset=\"\/cms\/thumbnails\/33\/455x565\/images\/staff\/TRISTAN-MORRISON.2307271605550.jpg\" media=\"(ancho m\u00e1ximo: 1279px)\" \/><\/picture><\/div>\n<\/div>\n<\/div>\n<\/div>\n<\/section>\t\t\t\t\t\t\t\t<\/div>\n\t\t\t\t<\/div>\n\t\t\t\t<div class=\"elementor-element elementor-element-8fc6dc3 elementor-widget elementor-widget-html\" data-id=\"8fc6dc3\" data-element_type=\"widget\" data-e-type=\"widget\" data-widget_type=\"html.default\">\n\t\t\t\t<div class=\"elementor-widget-container\">\n\t\t\t\t\t<iframe\n  src=\"https:\/\/link.whipple.media\/widget\/form\/smuJijKiDfdfGUcfYPnV\"\n  style=\"width:100%;height:100%;border:none;border-radius:3px\"\n  id=\"inline-smuJijKiDfdfGUcfYPnV\" \n  data-layout=\"{'id':'INLINE'}\"\n  data-trigger-type=\"alwaysShow\"\n  data-trigger-value=\"\"\n  data-activation-type=\"alwaysActivated\"\n  data-activation-value=\"\"\n  data-deactivation-type=\"neverDeactivate\"\n  data-deactivation-value=\"\"\n  data-form-name=\"Contact Us Form\"\n  data-height=\"522\"\n  data-layout-iframe-id=\"inline-smuJijKiDfdfGUcfYPnV\"\n  data-form-id=\"smuJijKiDfdfGUcfYPnV\"\n  title=\"Contact Us Form\"\n      >\n<\/iframe>\n<script src=\"https:\/\/link.whipple.media\/js\/form_embed.js\"><\/script>\t\t\t\t<\/div>\n\t\t\t\t<\/div>\n\t\t\t\t<\/div>\n\t\t\t\t\t<\/div>\n\t\t\t\t<\/div>\n\t\t\t\t<\/div>\n\t\t","protected":false},"excerpt":{"rendered":"<p>Brenda Eaddy Director de operaciones Conoce a Brenda Eaddy Brenda Eaddy es la Directora de Operaciones en Morrison y Hughes. Ella aporta una gran experiencia en la gesti\u00f3n de operaciones en diversas industrias y ha entregado consistentemente resultados impresionantes a lo largo de su carrera. Desde transformar operaciones con flujo de caja negativo en emprendimientos [&hellip;]<\/p>\n","protected":false},"author":1,"featured_media":0,"parent":4202,"menu_order":0,"comment_status":"closed","ping_status":"closed","template":"elementor_header_footer","meta":{"nf_dc_page":"","footnotes":""},"class_list":["post-4188","page","type-page","status-publish","hentry"],"_links":{"self":[{"href":"https:\/\/morrisonhugheslaw.com\/es\/wp-json\/wp\/v2\/pages\/4188","targetHints":{"allow":["GET"]}}],"collection":[{"href":"https:\/\/morrisonhugheslaw.com\/es\/wp-json\/wp\/v2\/pages"}],"about":[{"href":"https:\/\/morrisonhugheslaw.com\/es\/wp-json\/wp\/v2\/types\/page"}],"author":[{"embeddable":true,"href":"https:\/\/morrisonhugheslaw.com\/es\/wp-json\/wp\/v2\/users\/1"}],"replies":[{"embeddable":true,"href":"https:\/\/morrisonhugheslaw.com\/es\/wp-json\/wp\/v2\/comments?post=4188"}],"version-history":[{"count":3,"href":"https:\/\/morrisonhugheslaw.com\/es\/wp-json\/wp\/v2\/pages\/4188\/revisions"}],"predecessor-version":[{"id":4332,"href":"https:\/\/morrisonhugheslaw.com\/es\/wp-json\/wp\/v2\/pages\/4188\/revisions\/4332"}],"up":[{"embeddable":true,"href":"https:\/\/morrisonhugheslaw.com\/es\/wp-json\/wp\/v2\/pages\/4202"}],"wp:attachment":[{"href":"https:\/\/morrisonhugheslaw.com\/es\/wp-json\/wp\/v2\/media?parent=4188"}],"curies":[{"name":"wp","href":"https:\/\/api.w.org\/{rel}","templated":true}]}}