{"id":4189,"date":"2024-11-26T19:57:18","date_gmt":"2024-11-26T19:57:18","guid":{"rendered":"https:\/\/morrisonhugheslaw.com\/damariz-ortiz\/"},"modified":"2026-05-01T17:12:31","modified_gmt":"2026-05-01T17:12:31","slug":"damariz-ortiz","status":"publish","type":"page","link":"https:\/\/morrisonhugheslaw.com\/es\/about\/damariz-ortiz\/","title":{"rendered":"Damariz Ortiz"},"content":{"rendered":"\t\t<div data-elementor-type=\"wp-page\" data-elementor-id=\"4189\" class=\"elementor elementor-4189 elementor-390\" data-elementor-post-type=\"page\">\n\t\t\t\t<div class=\"elementor-element elementor-element-8fcb43b e-flex e-con-boxed e-con e-parent\" data-id=\"8fcb43b\" data-element_type=\"container\" data-e-type=\"container\" data-settings=\"{&quot;background_background&quot;:&quot;classic&quot;}\">\n\t\t\t\t\t<div class=\"e-con-inner\">\n\t\t\t\t\t<\/div>\n\t\t\t\t<\/div>\n\t\t<div class=\"elementor-element elementor-element-a4b5345 e-con-full e-flex e-con e-parent\" data-id=\"a4b5345\" data-element_type=\"container\" data-e-type=\"container\">\n\t\t<div class=\"elementor-element elementor-element-e8cc1bd e-con-full e-flex e-con e-child\" data-id=\"e8cc1bd\" data-element_type=\"container\" data-e-type=\"container\">\n\t\t\t\t<div class=\"elementor-element elementor-element-0638c3e elementor-widget elementor-widget-image\" data-id=\"0638c3e\" data-element_type=\"widget\" data-e-type=\"widget\" data-widget_type=\"image.default\">\n\t\t\t\t<div class=\"elementor-widget-container\">\n\t\t\t\t\t\t\t\t\t\t\t\t\t\t\t<img fetchpriority=\"high\" decoding=\"async\" width=\"800\" height=\"800\" src=\"https:\/\/morrisonhugheslaw.com\/wp-content\/uploads\/2025\/01\/Morrison-Hughes-Headshot-21-e1736193411667-1024x1024.jpg\" class=\"attachment-large size-large wp-image-4225\" alt=\"\" srcset=\"https:\/\/morrisonhugheslaw.com\/wp-content\/uploads\/2025\/01\/Morrison-Hughes-Headshot-21-e1736193411667-1024x1024.jpg 1024w, https:\/\/morrisonhugheslaw.com\/wp-content\/uploads\/2025\/01\/Morrison-Hughes-Headshot-21-e1736193411667-300x300.jpg 300w, https:\/\/morrisonhugheslaw.com\/wp-content\/uploads\/2025\/01\/Morrison-Hughes-Headshot-21-e1736193411667-150x150.jpg 150w, https:\/\/morrisonhugheslaw.com\/wp-content\/uploads\/2025\/01\/Morrison-Hughes-Headshot-21-e1736193411667-768x768.jpg 768w, https:\/\/morrisonhugheslaw.com\/wp-content\/uploads\/2025\/01\/Morrison-Hughes-Headshot-21-e1736193411667.webp 1157w\" sizes=\"(max-width: 800px) 100vw, 800px\" \/>\t\t\t\t\t\t\t\t\t\t\t\t\t\t\t<\/div>\n\t\t\t\t<\/div>\n\t\t<div class=\"elementor-element elementor-element-49457c9 e-con-full e-flex e-con e-child\" data-id=\"49457c9\" data-element_type=\"container\" data-e-type=\"container\" data-settings=\"{&quot;background_background&quot;:&quot;classic&quot;}\">\n\t\t\t\t<div class=\"elementor-element elementor-element-88d6988 elementor-widget elementor-widget-heading\" data-id=\"88d6988\" data-element_type=\"widget\" data-e-type=\"widget\" data-widget_type=\"heading.default\">\n\t\t\t\t<div class=\"elementor-widget-container\">\n\t\t\t\t\t<h2 class=\"elementor-heading-title elementor-size-default\">Damariz Ortiz\n<\/h2>\t\t\t\t<\/div>\n\t\t\t\t<\/div>\n\t\t\t\t<div class=\"elementor-element elementor-element-24399e0 elementor-widget elementor-widget-heading\" data-id=\"24399e0\" data-element_type=\"widget\" data-e-type=\"widget\" data-widget_type=\"heading.default\">\n\t\t\t\t<div class=\"elementor-widget-container\">\n\t\t\t\t\t<h2 class=\"elementor-heading-title elementor-size-default\">Paralegal<\/h2>\t\t\t\t<\/div>\n\t\t\t\t<\/div>\n\t\t\t\t<\/div>\n\t\t\t\t<\/div>\n\t\t<div class=\"elementor-element elementor-element-619bdc5 e-con-full e-flex e-con e-child\" data-id=\"619bdc5\" data-element_type=\"container\" data-e-type=\"container\">\n\t\t\t\t<div class=\"elementor-element elementor-element-2161a73 elementor-widget elementor-widget-heading\" data-id=\"2161a73\" data-element_type=\"widget\" data-e-type=\"widget\" data-widget_type=\"heading.default\">\n\t\t\t\t<div class=\"elementor-widget-container\">\n\t\t\t\t\t<h2 class=\"elementor-heading-title elementor-size-default\">Conoce a Damariz Ortiz\n<\/h2>\t\t\t\t<\/div>\n\t\t\t\t<\/div>\n\t\t\t\t<div class=\"elementor-element elementor-element-2d1c89e elementor-widget elementor-widget-text-editor\" data-id=\"2d1c89e\" data-element_type=\"widget\" data-e-type=\"widget\" data-widget_type=\"text-editor.default\">\n\t\t\t\t<div class=\"elementor-widget-container\">\n\t\t\t\t\t\t\t\t\t<p><strong>Biograf\u00eda: Damariz Ortiz es una paralegal biling\u00fce que habla espa\u00f1ol e ingl\u00e9s con fluidez.<\/strong> Es licenciada en&nbsp;<i>Summa Cum Laude<\/i> por la Universidad Estatal de Georgia en mayo de 2024 con una licenciatura en Estudios Interdisciplinarios y una especializaci\u00f3n en Derecho y Sociedad. Ahora cursa el tercer a\u00f1o en la Facultad de Derecho de la Universidad Estatal de Georgia, donde espera obtener el t\u00edtulo de Doctora en Derecho en mayo de 2027. <u><\/u><u><\/u><\/p>\n<p>Durante sus estudios universitarios, la Sra. Ortiz form\u00f3 parte de la Lista del Presidente en cuatro ocasiones y fue distinguida como Becaria Goizueta de Liderazgo Latino y Becaria Coca-Cola de Primera Generaci\u00f3n. Fue Vicepresidenta del Consejo Asesor del Decano de 2021 a 2022 y trabaj\u00f3 como asistente universitaria en la oficina de Servicios y Divulgaci\u00f3n para Estudiantes Latinos de la universidad (ahora Culturas, Comunidades e Inclusi\u00f3n). Tambi\u00e9n trabaj\u00f3 como int\u00e9rprete voluntaria en la Cl\u00ednica de Inmigraci\u00f3n de la Facultad de Derecho, ayudando a los clientes en procesos legales complejos.  <u><\/u><u><\/u><\/p>\n<p>Damariz vive en Marietta, donde le gusta pasar su tiempo libre leyendo en cafeter\u00edas deliciosamente caras, haciendo senderismo con sus perros, corriendo medias maratones y viajando. Hasta ahora, ha explorado 13 estados y 11 pa\u00edses, y siempre est\u00e1 planeando su pr\u00f3xima aventura. &nbsp;<\/p>\t\t\t\t\t\t\t\t<\/div>\n\t\t\t\t<\/div>\n\t\t\t\t<\/div>\n\t\t\t\t<\/div>\n\t\t<div class=\"elementor-element elementor-element-816d235 e-flex e-con-boxed e-con e-parent\" data-id=\"816d235\" data-element_type=\"container\" data-e-type=\"container\">\n\t\t\t\t\t<div class=\"e-con-inner\">\n\t\t<div class=\"elementor-element elementor-element-0c9c65c e-con-full e-flex e-con e-child\" data-id=\"0c9c65c\" data-element_type=\"container\" data-e-type=\"container\" data-settings=\"{&quot;background_background&quot;:&quot;classic&quot;}\">\n\t\t\t\t<div class=\"elementor-element elementor-element-3d806b6 elementor-widget elementor-widget-heading\" data-id=\"3d806b6\" data-element_type=\"widget\" data-e-type=\"widget\" data-widget_type=\"heading.default\">\n\t\t\t\t<div class=\"elementor-widget-container\">\n\t\t\t\t\t<h2 class=\"elementor-heading-title elementor-size-default\">No retrocedemos<\/h2>\t\t\t\t<\/div>\n\t\t\t\t<\/div>\n\t\t\t\t<div class=\"elementor-element elementor-element-93399d4 elementor-widget elementor-widget-heading\" data-id=\"93399d4\" data-element_type=\"widget\" data-e-type=\"widget\" data-widget_type=\"heading.default\">\n\t\t\t\t<div class=\"elementor-widget-container\">\n\t\t\t\t\t<h2 class=\"elementor-heading-title elementor-size-default\">No luches solo esta batalla\n<\/h2>\t\t\t\t<\/div>\n\t\t\t\t<\/div>\n\t\t\t\t<div class=\"elementor-element elementor-element-7302e5b elementor-widget-divider--view-line elementor-widget elementor-widget-divider\" data-id=\"7302e5b\" data-element_type=\"widget\" data-e-type=\"widget\" data-widget_type=\"divider.default\">\n\t\t\t\t<div class=\"elementor-widget-container\">\n\t\t\t\t\t\t\t<div class=\"elementor-divider\">\n\t\t\t<span class=\"elementor-divider-separator\">\n\t\t\t\t\t\t<\/span>\n\t\t<\/div>\n\t\t\t\t\t\t<\/div>\n\t\t\t\t<\/div>\n\t\t\t\t<div class=\"elementor-element elementor-element-cf2da45 elementor-widget elementor-widget-text-editor\" data-id=\"cf2da45\" data-element_type=\"widget\" data-e-type=\"widget\" data-widget_type=\"text-editor.default\">\n\t\t\t\t<div class=\"elementor-widget-container\">\n\t\t\t\t\t\t\t\t\t<section id=\"ContentV1\" class=\"cnt v1 lt-bg alt-bg pd_v main_cnt anm\" data-onvisible=\"anm\"><div class=\"mn_wd flx-at-1280 f_gp f_t\" data-flexswap=\"\"><div class=\"cnt half anm_hlf-r\"><div id=\"MainContent\" class=\"cnt-stl \" data-content=\"true\" data-inject=\"block\" data-skip=\"\"><div id=\"StaffSystemS1Content\" class=\"cnt-stl mrg_bt\" data-content=\"true\" data-inject=\"block\" data-skip=\"\"><div class=\"ta_\"><p>Tanto si tienes preguntas como si est\u00e1s listo para empezar, nuestro equipo jur\u00eddico est\u00e1 dispuesto a ayudarte. Rellena nuestro formulario o ll\u00e1manos al <a href=\"tel:4046892734\">(404) 689-2734<\/a> <\/p><\/div><\/div><div class=\"fit full\"><picture class=\"img pd-h- stf-img\" role=\"presentation\"><source srcset=\"\/cms\/thumbnails\/33\/455x565\/images\/staff\/TRISTAN-MORRISON.2307271605550.jpg\" media=\"(max-width: 500px)\"><\/source><source srcset=\"\/cms\/thumbnails\/33\/455x565\/images\/staff\/TRISTAN-MORRISON.2307271605550.jpg\" media=\"(max-width: 1279px)\"><\/source><\/picture><\/div><\/div><\/div><\/div><\/section>\t\t\t\t\t\t\t\t<\/div>\n\t\t\t\t<\/div>\n\t\t\t\t<div class=\"elementor-element elementor-element-1d3337f elementor-widget elementor-widget-html\" data-id=\"1d3337f\" data-element_type=\"widget\" data-e-type=\"widget\" data-widget_type=\"html.default\">\n\t\t\t\t<div class=\"elementor-widget-container\">\n\t\t\t\t\t<iframe src=\"https:\/\/link.whipple.media\/widget\/form\/smuJijKiDfdfGUcfYPnV\" style=\"width:100%;height:100%;border:none;border-radius:3px\" id=\"inline-smuJijKiDfdfGUcfYPnV\" data-layout=\"{'id':'INLINE'}\" data-trigger-type=\"alwaysShow\" data-trigger-value=\"\" data-activation-type=\"alwaysActivated\" data-activation-value=\"\" data-deactivation-type=\"neverDeactivate\" data-deactivation-value=\"\" data-form-name=\"Contact Us Form\" data-height=\"522\" data-layout-iframe-id=\"inline-smuJijKiDfdfGUcfYPnV\" data-form-id=\"smuJijKiDfdfGUcfYPnV\" title=\"Formulario de contacto\">\n<\/iframe>\n<script src=\"https:\/\/link.whipple.media\/js\/form_embed.js\"><\/script>\t\t\t\t<\/div>\n\t\t\t\t<\/div>\n\t\t\t\t<\/div>\n\t\t\t\t\t<\/div>\n\t\t\t\t<\/div>\n\t\t\t\t<\/div>\n\t\t","protected":false},"excerpt":{"rendered":"<p>Damariz Ortiz Paralegal Conoce a Damariz Ortiz Biograf\u00eda: Damariz Ortiz es una paralegal biling\u00fce que habla espa\u00f1ol e ingl\u00e9s con fluidez. Es licenciada en&nbsp;Summa Cum Laude por la Universidad Estatal de Georgia en mayo de 2024 con una licenciatura en Estudios Interdisciplinarios y una especializaci\u00f3n en Derecho y Sociedad. Ahora cursa el tercer a\u00f1o en [&hellip;]<\/p>\n","protected":false},"author":1,"featured_media":0,"parent":4202,"menu_order":0,"comment_status":"closed","ping_status":"closed","template":"elementor_header_footer","meta":{"nf_dc_page":"","footnotes":""},"class_list":["post-4189","page","type-page","status-publish","hentry"],"_links":{"self":[{"href":"https:\/\/morrisonhugheslaw.com\/es\/wp-json\/wp\/v2\/pages\/4189","targetHints":{"allow":["GET"]}}],"collection":[{"href":"https:\/\/morrisonhugheslaw.com\/es\/wp-json\/wp\/v2\/pages"}],"about":[{"href":"https:\/\/morrisonhugheslaw.com\/es\/wp-json\/wp\/v2\/types\/page"}],"author":[{"embeddable":true,"href":"https:\/\/morrisonhugheslaw.com\/es\/wp-json\/wp\/v2\/users\/1"}],"replies":[{"embeddable":true,"href":"https:\/\/morrisonhugheslaw.com\/es\/wp-json\/wp\/v2\/comments?post=4189"}],"version-history":[{"count":10,"href":"https:\/\/morrisonhugheslaw.com\/es\/wp-json\/wp\/v2\/pages\/4189\/revisions"}],"predecessor-version":[{"id":6188,"href":"https:\/\/morrisonhugheslaw.com\/es\/wp-json\/wp\/v2\/pages\/4189\/revisions\/6188"}],"up":[{"embeddable":true,"href":"https:\/\/morrisonhugheslaw.com\/es\/wp-json\/wp\/v2\/pages\/4202"}],"wp:attachment":[{"href":"https:\/\/morrisonhugheslaw.com\/es\/wp-json\/wp\/v2\/media?parent=4189"}],"curies":[{"name":"wp","href":"https:\/\/api.w.org\/{rel}","templated":true}]}}