{"id":4191,"date":"2024-11-26T19:55:04","date_gmt":"2024-11-26T19:55:04","guid":{"rendered":"https:\/\/morrisonhugheslaw.com\/melissa-plumlee\/"},"modified":"2026-01-11T18:59:05","modified_gmt":"2026-01-11T18:59:05","slug":"melissa-plumlee","status":"publish","type":"page","link":"https:\/\/morrisonhugheslaw.com\/es\/about\/melissa-plumlee\/","title":{"rendered":"Melissa Plumlee"},"content":{"rendered":"\t\t<div data-elementor-type=\"wp-page\" data-elementor-id=\"4191\" class=\"elementor elementor-4191\" data-elementor-post-type=\"page\">\n\t\t\t\t<div class=\"elementor-element elementor-element-8fcb43b e-flex e-con-boxed e-con e-parent\" data-id=\"8fcb43b\" data-element_type=\"container\" data-e-type=\"container\" data-settings=\"{&quot;background_background&quot;:&quot;classic&quot;}\">\n\t\t\t\t\t<div class=\"e-con-inner\">\n\t\t\t\t\t<\/div>\n\t\t\t\t<\/div>\n\t\t<div class=\"elementor-element elementor-element-a4b5345 e-con-full e-flex e-con e-parent\" data-id=\"a4b5345\" data-element_type=\"container\" data-e-type=\"container\">\n\t\t<div class=\"elementor-element elementor-element-e8cc1bd e-con-full e-flex e-con e-child\" data-id=\"e8cc1bd\" data-element_type=\"container\" data-e-type=\"container\">\n\t\t\t\t<div class=\"elementor-element elementor-element-0638c3e elementor-widget elementor-widget-image\" data-id=\"0638c3e\" data-element_type=\"widget\" data-e-type=\"widget\" data-widget_type=\"image.default\">\n\t\t\t\t<div class=\"elementor-widget-container\">\n\t\t\t\t\t\t\t\t\t\t\t\t\t\t\t<img fetchpriority=\"high\" decoding=\"async\" width=\"800\" height=\"800\" src=\"https:\/\/morrisonhugheslaw.com\/wp-content\/uploads\/2025\/01\/Morrison-Hughes-Headshot-02-e1736193460995-1024x1024.jpg\" class=\"attachment-large size-large wp-image-4226\" alt=\"\" srcset=\"https:\/\/morrisonhugheslaw.com\/wp-content\/uploads\/2025\/01\/Morrison-Hughes-Headshot-02-e1736193460995-1024x1024.jpg 1024w, https:\/\/morrisonhugheslaw.com\/wp-content\/uploads\/2025\/01\/Morrison-Hughes-Headshot-02-e1736193460995-300x300.jpg 300w, https:\/\/morrisonhugheslaw.com\/wp-content\/uploads\/2025\/01\/Morrison-Hughes-Headshot-02-e1736193460995-150x150.jpg 150w, https:\/\/morrisonhugheslaw.com\/wp-content\/uploads\/2025\/01\/Morrison-Hughes-Headshot-02-e1736193460995-768x768.jpg 768w, https:\/\/morrisonhugheslaw.com\/wp-content\/uploads\/2025\/01\/Morrison-Hughes-Headshot-02-e1736193460995.webp 1365w\" sizes=\"(max-width: 800px) 100vw, 800px\" \/>\t\t\t\t\t\t\t\t\t\t\t\t\t\t\t<\/div>\n\t\t\t\t<\/div>\n\t\t<div class=\"elementor-element elementor-element-49457c9 e-con-full e-flex e-con e-child\" data-id=\"49457c9\" data-element_type=\"container\" data-e-type=\"container\" data-settings=\"{&quot;background_background&quot;:&quot;classic&quot;}\">\n\t\t\t\t<div class=\"elementor-element elementor-element-88d6988 elementor-widget elementor-widget-heading\" data-id=\"88d6988\" data-element_type=\"widget\" data-e-type=\"widget\" data-widget_type=\"heading.default\">\n\t\t\t\t<div class=\"elementor-widget-container\">\n\t\t\t\t\t<h2 class=\"elementor-heading-title elementor-size-default\">Melissa Plumlee\n<\/h2>\t\t\t\t<\/div>\n\t\t\t\t<\/div>\n\t\t\t\t<div class=\"elementor-element elementor-element-24399e0 elementor-widget elementor-widget-heading\" data-id=\"24399e0\" data-element_type=\"widget\" data-e-type=\"widget\" data-widget_type=\"heading.default\">\n\t\t\t\t<div class=\"elementor-widget-container\">\n\t\t\t\t\t<h2 class=\"elementor-heading-title elementor-size-default\">Gerente de Admisi\u00f3n<\/h2>\t\t\t\t<\/div>\n\t\t\t\t<\/div>\n\t\t\t\t<\/div>\n\t\t\t\t<\/div>\n\t\t<div class=\"elementor-element elementor-element-619bdc5 e-con-full e-flex e-con e-child\" data-id=\"619bdc5\" data-element_type=\"container\" data-e-type=\"container\">\n\t\t\t\t<div class=\"elementor-element elementor-element-2161a73 elementor-widget elementor-widget-heading\" data-id=\"2161a73\" data-element_type=\"widget\" data-e-type=\"widget\" data-widget_type=\"heading.default\">\n\t\t\t\t<div class=\"elementor-widget-container\">\n\t\t\t\t\t<h2 class=\"elementor-heading-title elementor-size-default\">Conoce a Melissa Plumlee<\/h2>\t\t\t\t<\/div>\n\t\t\t\t<\/div>\n\t\t\t\t<div class=\"elementor-element elementor-element-2d1c89e elementor-widget elementor-widget-text-editor\" data-id=\"2d1c89e\" data-element_type=\"widget\" data-e-type=\"widget\" data-widget_type=\"text-editor.default\">\n\t\t\t\t<div class=\"elementor-widget-container\">\n\t\t\t\t\t\t\t\t\t<p>Melissa es una profesional decidida y compasiva, que actualmente se desempe\u00f1a como gerente de intake y asistente legal en Morrison y Hughes. Originaria del Estado del Sol, Florida, Melissa siempre ha estado fascinada por la intersecci\u00f3n entre la ley y la justicia. El trasfondo de su madre en la justicia penal solo ha alimentado m\u00e1s su pasi\u00f3n por el trabajo legal. Si bien Melissa est\u00e1 dedicada a ayudar a las personas lesionadas, tambi\u00e9n tiene un lado m\u00e1s suave. Se considera amante de los animales y una entusiasta del senderismo, disfrutando de la belleza de la naturaleza y de la compa\u00f1\u00eda de sus amigos peludos. Con su compromiso con la justicia y un coraz\u00f3n para aquellos que lo necesitan, quienes han trabajado con Melissa la encuentran una aliada y un miembro invaluable de cualquier equipo.<\/p>\t\t\t\t\t\t\t\t<\/div>\n\t\t\t\t<\/div>\n\t\t\t\t<\/div>\n\t\t\t\t<\/div>\n\t\t<div class=\"elementor-element elementor-element-23e13d86 e-flex e-con-boxed e-con e-parent\" data-id=\"23e13d86\" data-element_type=\"container\" data-e-type=\"container\">\n\t\t\t\t\t<div class=\"e-con-inner\">\n\t\t<div class=\"elementor-element elementor-element-42738087 e-con-full e-flex e-con e-child\" data-id=\"42738087\" data-element_type=\"container\" data-e-type=\"container\" data-settings=\"{&quot;background_background&quot;:&quot;classic&quot;}\">\n\t\t\t\t<div class=\"elementor-element elementor-element-5e915c07 elementor-widget elementor-widget-heading\" data-id=\"5e915c07\" data-element_type=\"widget\" data-e-type=\"widget\" data-widget_type=\"heading.default\">\n\t\t\t\t<div class=\"elementor-widget-container\">\n\t\t\t\t\t<h2 class=\"elementor-heading-title elementor-size-default\">Nosotros no retrocedemos<\/h2>\t\t\t\t<\/div>\n\t\t\t\t<\/div>\n\t\t\t\t<div class=\"elementor-element elementor-element-60737370 elementor-widget elementor-widget-heading\" data-id=\"60737370\" data-element_type=\"widget\" data-e-type=\"widget\" data-widget_type=\"heading.default\">\n\t\t\t\t<div class=\"elementor-widget-container\">\n\t\t\t\t\t<h2 class=\"elementor-heading-title elementor-size-default\">No luches esta batalla solo<\/h2>\t\t\t\t<\/div>\n\t\t\t\t<\/div>\n\t\t\t\t<div class=\"elementor-element elementor-element-16e5af9f elementor-widget-divider--view-line elementor-widget elementor-widget-divider\" data-id=\"16e5af9f\" data-element_type=\"widget\" data-e-type=\"widget\" data-widget_type=\"divider.default\">\n\t\t\t\t<div class=\"elementor-widget-container\">\n\t\t\t\t\t\t\t<div class=\"elementor-divider\">\n\t\t\t<span class=\"elementor-divider-separator\">\n\t\t\t\t\t\t<\/span>\n\t\t<\/div>\n\t\t\t\t\t\t<\/div>\n\t\t\t\t<\/div>\n\t\t\t\t<div class=\"elementor-element elementor-element-3f5c723e elementor-widget elementor-widget-text-editor\" data-id=\"3f5c723e\" data-element_type=\"widget\" data-e-type=\"widget\" data-widget_type=\"text-editor.default\">\n\t\t\t\t<div class=\"elementor-widget-container\">\n\t\t\t\t\t\t\t\t\t<section id=\"ContentV1\" class=\"cnt v1 lt-bg alt-bg pd_v main_cnt anm\" data-onvisible=\"anm\">\n<div class=\"mn_wd flx-at-1280 f_gp f_t\" data-flexswap=\"\">\n<div class=\"cnt half anm_hlf-r\">\n<div id=\"MainContent\" class=\"cnt-stl \" data-content=\"true\" data-inject=\"block\" data-skip=\"\">\n<div id=\"StaffSystemS1Content\" class=\"cnt-stl mrg_bt\" data-content=\"true\" data-inject=\"block\" data-skip=\"\">\n<div class=\"ta_\">\n\nSi tiene alguna pregunta o est\u00e1 listo para empezar, nuestro equipo legal est\u00e1 listo para ayudarle. Complete nuestro formulario a continuaci\u00f3n o ll\u00e1menos al <a href=\"tel:4046892734\"><span style=\"background-color: var( --e-global-color-5ced9a8 ); font-size: 1rem;\">(404) 689-2734<\/span><\/a>\n\n<\/div>\n<\/div>\n<div class=\"fit full\"><picture class=\"img pd-h- stf-img\" role=\"presentation\"><source srcset=\"\/cms\/thumbnails\/33\/455x565\/images\/staff\/TRISTAN-MORRISON.2307271605550.jpg\" media=\"(max-width: 500px)\" \/><source srcset=\"\/cms\/thumbnails\/33\/455x565\/images\/staff\/TRISTAN-MORRISON.2307271605550.jpg\" media=\"(ancho m\u00e1ximo: 1279px)\" \/><\/picture><\/div>\n<\/div>\n<\/div>\n<\/div>\n<\/section>\t\t\t\t\t\t\t\t<\/div>\n\t\t\t\t<\/div>\n\t\t\t\t<div class=\"elementor-element elementor-element-2c5fc8a elementor-widget elementor-widget-html\" data-id=\"2c5fc8a\" data-element_type=\"widget\" data-e-type=\"widget\" data-widget_type=\"html.default\">\n\t\t\t\t<div class=\"elementor-widget-container\">\n\t\t\t\t\t<iframe\n  src=\"https:\/\/link.whipple.media\/widget\/form\/smuJijKiDfdfGUcfYPnV\"\n  style=\"width:100%;height:100%;border:none;border-radius:3px\"\n  id=\"inline-smuJijKiDfdfGUcfYPnV\" \n  data-layout=\"{'id':'INLINE'}\"\n  data-trigger-type=\"alwaysShow\"\n  data-trigger-value=\"\"\n  data-activation-type=\"alwaysActivated\"\n  data-activation-value=\"\"\n  data-deactivation-type=\"neverDeactivate\"\n  data-deactivation-value=\"\"\n  data-form-name=\"Contact Us Form\"\n  data-height=\"522\"\n  data-layout-iframe-id=\"inline-smuJijKiDfdfGUcfYPnV\"\n  data-form-id=\"smuJijKiDfdfGUcfYPnV\"\n  title=\"Contact Us Form\"\n      >\n<\/iframe>\n<script src=\"https:\/\/link.whipple.media\/js\/form_embed.js\"><\/script>\t\t\t\t<\/div>\n\t\t\t\t<\/div>\n\t\t\t\t<\/div>\n\t\t\t\t\t<\/div>\n\t\t\t\t<\/div>\n\t\t\t\t<\/div>\n\t\t","protected":false},"excerpt":{"rendered":"<p>Melissa Plumlee Gerente de Admisi\u00f3n Conoce a Melissa Plumlee Melissa es una profesional decidida y compasiva, que actualmente se desempe\u00f1a como gerente de intake y asistente legal en Morrison y Hughes. Originaria del Estado del Sol, Florida, Melissa siempre ha estado fascinada por la intersecci\u00f3n entre la ley y la justicia. El trasfondo de su [&hellip;]<\/p>\n","protected":false},"author":1,"featured_media":0,"parent":4202,"menu_order":0,"comment_status":"closed","ping_status":"closed","template":"elementor_header_footer","meta":{"nf_dc_page":"","footnotes":""},"class_list":["post-4191","page","type-page","status-publish","hentry"],"_links":{"self":[{"href":"https:\/\/morrisonhugheslaw.com\/es\/wp-json\/wp\/v2\/pages\/4191","targetHints":{"allow":["GET"]}}],"collection":[{"href":"https:\/\/morrisonhugheslaw.com\/es\/wp-json\/wp\/v2\/pages"}],"about":[{"href":"https:\/\/morrisonhugheslaw.com\/es\/wp-json\/wp\/v2\/types\/page"}],"author":[{"embeddable":true,"href":"https:\/\/morrisonhugheslaw.com\/es\/wp-json\/wp\/v2\/users\/1"}],"replies":[{"embeddable":true,"href":"https:\/\/morrisonhugheslaw.com\/es\/wp-json\/wp\/v2\/comments?post=4191"}],"version-history":[{"count":3,"href":"https:\/\/morrisonhugheslaw.com\/es\/wp-json\/wp\/v2\/pages\/4191\/revisions"}],"predecessor-version":[{"id":4347,"href":"https:\/\/morrisonhugheslaw.com\/es\/wp-json\/wp\/v2\/pages\/4191\/revisions\/4347"}],"up":[{"embeddable":true,"href":"https:\/\/morrisonhugheslaw.com\/es\/wp-json\/wp\/v2\/pages\/4202"}],"wp:attachment":[{"href":"https:\/\/morrisonhugheslaw.com\/es\/wp-json\/wp\/v2\/media?parent=4191"}],"curies":[{"name":"wp","href":"https:\/\/api.w.org\/{rel}","templated":true}]}}