{"id":4192,"date":"2024-11-26T19:54:11","date_gmt":"2024-11-26T19:54:11","guid":{"rendered":"https:\/\/morrisonhugheslaw.com\/amy-newton\/"},"modified":"2026-01-11T18:43:49","modified_gmt":"2026-01-11T18:43:49","slug":"amy-newton","status":"publish","type":"page","link":"https:\/\/morrisonhugheslaw.com\/es\/about\/amy-newton\/","title":{"rendered":"Amy Newton"},"content":{"rendered":"\t\t<div data-elementor-type=\"wp-page\" data-elementor-id=\"4192\" class=\"elementor elementor-4192\" data-elementor-post-type=\"page\">\n\t\t\t\t<div class=\"elementor-element elementor-element-8fcb43b e-flex e-con-boxed e-con e-parent\" data-id=\"8fcb43b\" data-element_type=\"container\" data-e-type=\"container\" data-settings=\"{&quot;background_background&quot;:&quot;classic&quot;}\">\n\t\t\t\t\t<div class=\"e-con-inner\">\n\t\t\t\t\t<\/div>\n\t\t\t\t<\/div>\n\t\t<div class=\"elementor-element elementor-element-a4b5345 e-con-full e-flex e-con e-parent\" data-id=\"a4b5345\" data-element_type=\"container\" data-e-type=\"container\">\n\t\t<div class=\"elementor-element elementor-element-e8cc1bd e-con-full e-flex e-con e-child\" data-id=\"e8cc1bd\" data-element_type=\"container\" data-e-type=\"container\">\n\t\t\t\t<div class=\"elementor-element elementor-element-0638c3e elementor-widget elementor-widget-image\" data-id=\"0638c3e\" data-element_type=\"widget\" data-e-type=\"widget\" data-widget_type=\"image.default\">\n\t\t\t\t<div class=\"elementor-widget-container\">\n\t\t\t\t\t\t\t\t\t\t\t\t\t\t\t<img fetchpriority=\"high\" decoding=\"async\" width=\"800\" height=\"800\" src=\"https:\/\/morrisonhugheslaw.com\/wp-content\/uploads\/2025\/01\/Morrison-Hughes-Headshot-22-1024x1024.jpg\" class=\"attachment-large size-large wp-image-4227\" alt=\"\" srcset=\"https:\/\/morrisonhugheslaw.com\/wp-content\/uploads\/2025\/01\/Morrison-Hughes-Headshot-22-1024x1024.jpg 1024w, https:\/\/morrisonhugheslaw.com\/wp-content\/uploads\/2025\/01\/Morrison-Hughes-Headshot-22-300x300.jpg 300w, https:\/\/morrisonhugheslaw.com\/wp-content\/uploads\/2025\/01\/Morrison-Hughes-Headshot-22-150x150.jpg 150w, https:\/\/morrisonhugheslaw.com\/wp-content\/uploads\/2025\/01\/Morrison-Hughes-Headshot-22-768x768.jpg 768w, https:\/\/morrisonhugheslaw.com\/wp-content\/uploads\/2025\/01\/Morrison-Hughes-Headshot-22-1536x1536.webp 1536w, https:\/\/morrisonhugheslaw.com\/wp-content\/uploads\/2025\/01\/Morrison-Hughes-Headshot-22-scaled.webp 1920w\" sizes=\"(max-width: 800px) 100vw, 800px\" \/>\t\t\t\t\t\t\t\t\t\t\t\t\t\t\t<\/div>\n\t\t\t\t<\/div>\n\t\t<div class=\"elementor-element elementor-element-49457c9 e-con-full e-flex e-con e-child\" data-id=\"49457c9\" data-element_type=\"container\" data-e-type=\"container\" data-settings=\"{&quot;background_background&quot;:&quot;classic&quot;}\">\n\t\t\t\t<div class=\"elementor-element elementor-element-88d6988 elementor-widget elementor-widget-heading\" data-id=\"88d6988\" data-element_type=\"widget\" data-e-type=\"widget\" data-widget_type=\"heading.default\">\n\t\t\t\t<div class=\"elementor-widget-container\">\n\t\t\t\t\t<h2 class=\"elementor-heading-title elementor-size-default\">Amy Newton\n<\/h2>\t\t\t\t<\/div>\n\t\t\t\t<\/div>\n\t\t\t\t<div class=\"elementor-element elementor-element-24399e0 elementor-widget elementor-widget-heading\" data-id=\"24399e0\" data-element_type=\"widget\" data-e-type=\"widget\" data-widget_type=\"heading.default\">\n\t\t\t\t<div class=\"elementor-widget-container\">\n\t\t\t\t\t<h2 class=\"elementor-heading-title elementor-size-default\">Senior Paralegal<\/h2>\t\t\t\t<\/div>\n\t\t\t\t<\/div>\n\t\t\t\t<\/div>\n\t\t\t\t<\/div>\n\t\t<div class=\"elementor-element elementor-element-619bdc5 e-con-full e-flex e-con e-child\" data-id=\"619bdc5\" data-element_type=\"container\" data-e-type=\"container\">\n\t\t\t\t<div class=\"elementor-element elementor-element-2161a73 elementor-widget elementor-widget-heading\" data-id=\"2161a73\" data-element_type=\"widget\" data-e-type=\"widget\" data-widget_type=\"heading.default\">\n\t\t\t\t<div class=\"elementor-widget-container\">\n\t\t\t\t\t<h2 class=\"elementor-heading-title elementor-size-default\">Conoce a Amy Newton<\/h2>\t\t\t\t<\/div>\n\t\t\t\t<\/div>\n\t\t\t\t<div class=\"elementor-element elementor-element-2d1c89e elementor-widget elementor-widget-text-editor\" data-id=\"2d1c89e\" data-element_type=\"widget\" data-e-type=\"widget\" data-widget_type=\"text-editor.default\">\n\t\t\t\t<div class=\"elementor-widget-container\">\n\t\t\t\t\t\t\t\t\t<section id=\"StaffSystemS1Profile\" class=\"stf-pfl s1 lt-bg pd_v ui-repeater\"><div class=\"mn_wd\" data-item=\"i\" data-key=\"49995\"><div class=\"flx-at-1280 f_gp f_t \"><div class=\"two-thirds mrg_tp\"><div class=\"cnt-stl\"><p>Amy Newton ha estado en el campo legal durante m\u00e1s de 25 a\u00f1os. Durante esos 25 a\u00f1os, ha trabajado en varias \u00e1reas del derecho, incluyendo derecho de familia, defensa criminal y sucesiones. Sin embargo, Amy encontr\u00f3 su pasi\u00f3n en lesiones personales, lo que le permiti\u00f3 ayudar a sus compa\u00f1eros de Georgia que han sido lesionados debido a la negligencia de otros. Ahora, Amy tiene experiencia en muchos tipos de casos de lesiones personales, incluyendo accidentes de autos, ca\u00eddas y mordeduras de perros. Amy se uni\u00f3 a Morrison &amp; Hughes en 2021, como nuestra Paralegal Senior de lesiones personales. A Amy le encanta el b\u00e9isbol, las playas y pasar tiempo con su familia. Amy vive en Marietta con su esposo y sus mascotas. Tambi\u00e9n tiene un hijo que es estudiante en la Universidad del Oeste de Georgia.<\/p><\/div><\/div><\/div><\/div><\/section>\t\t\t\t\t\t\t\t<\/div>\n\t\t\t\t<\/div>\n\t\t\t\t<\/div>\n\t\t\t\t<\/div>\n\t\t<div class=\"elementor-element elementor-element-125da91 e-flex e-con-boxed e-con e-parent\" data-id=\"125da91\" data-element_type=\"container\" data-e-type=\"container\">\n\t\t\t\t\t<div class=\"e-con-inner\">\n\t\t<div class=\"elementor-element elementor-element-a6b95bb e-con-full e-flex e-con e-child\" data-id=\"a6b95bb\" data-element_type=\"container\" data-e-type=\"container\" data-settings=\"{&quot;background_background&quot;:&quot;classic&quot;}\">\n\t\t\t\t<div class=\"elementor-element elementor-element-f4fdce8 elementor-widget elementor-widget-heading\" data-id=\"f4fdce8\" data-element_type=\"widget\" data-e-type=\"widget\" data-widget_type=\"heading.default\">\n\t\t\t\t<div class=\"elementor-widget-container\">\n\t\t\t\t\t<h2 class=\"elementor-heading-title elementor-size-default\">Nosotros no retrocedemos<\/h2>\t\t\t\t<\/div>\n\t\t\t\t<\/div>\n\t\t\t\t<div class=\"elementor-element elementor-element-8892fbb elementor-widget elementor-widget-heading\" data-id=\"8892fbb\" data-element_type=\"widget\" data-e-type=\"widget\" data-widget_type=\"heading.default\">\n\t\t\t\t<div class=\"elementor-widget-container\">\n\t\t\t\t\t<h2 class=\"elementor-heading-title elementor-size-default\">No luches esta batalla solo<\/h2>\t\t\t\t<\/div>\n\t\t\t\t<\/div>\n\t\t\t\t<div class=\"elementor-element elementor-element-a0333db elementor-widget-divider--view-line elementor-widget elementor-widget-divider\" data-id=\"a0333db\" data-element_type=\"widget\" data-e-type=\"widget\" data-widget_type=\"divider.default\">\n\t\t\t\t<div class=\"elementor-widget-container\">\n\t\t\t\t\t\t\t<div class=\"elementor-divider\">\n\t\t\t<span class=\"elementor-divider-separator\">\n\t\t\t\t\t\t<\/span>\n\t\t<\/div>\n\t\t\t\t\t\t<\/div>\n\t\t\t\t<\/div>\n\t\t\t\t<div class=\"elementor-element elementor-element-f4dd59b elementor-widget elementor-widget-text-editor\" data-id=\"f4dd59b\" data-element_type=\"widget\" data-e-type=\"widget\" data-widget_type=\"text-editor.default\">\n\t\t\t\t<div class=\"elementor-widget-container\">\n\t\t\t\t\t\t\t\t\t<section id=\"ContentV1\" class=\"cnt v1 lt-bg alt-bg pd_v main_cnt anm\" data-onvisible=\"anm\"><div class=\"mn_wd flx-at-1280 f_gp f_t\" data-flexswap=\"\"><div class=\"cnt half anm_hlf-r\"><div id=\"MainContent\" class=\"cnt-stl \" data-content=\"true\" data-inject=\"block\" data-skip=\"\"><div id=\"StaffSystemS1Content\" class=\"cnt-stl mrg_bt\" data-content=\"true\" data-inject=\"block\" data-skip=\"\"><div class=\"ta_\"><p>Si tiene alguna pregunta o est\u00e1 listo para empezar, nuestro equipo legal est\u00e1 listo para ayudarle. Complete nuestro formulario a continuaci\u00f3n o ll\u00e1menos al <a href=\"tel:4046892734\"><span style=\"background-color: var( --e-global-color-5ced9a8 ); font-size: 1rem;\">(404) 689-2734<\/span><\/a><\/p><\/div><\/div><div class=\"fit full\"><picture class=\"img pd-h- stf-img\" role=\"presentation\"><source srcset=\"\/cms\/thumbnails\/33\/455x565\/images\/staff\/TRISTAN-MORRISON.2307271605550.jpg\" media=\"(max-width: 500px)\" \/><source srcset=\"\/cms\/thumbnails\/33\/455x565\/images\/staff\/TRISTAN-MORRISON.2307271605550.jpg\" media=\"(ancho m\u00e1ximo: 1279px)\" \/><\/picture><\/div><\/div><\/div><\/div><\/section>\t\t\t\t\t\t\t\t<\/div>\n\t\t\t\t<\/div>\n\t\t\t\t<div class=\"elementor-element elementor-element-0aafcab elementor-widget elementor-widget-html\" data-id=\"0aafcab\" data-element_type=\"widget\" data-e-type=\"widget\" data-widget_type=\"html.default\">\n\t\t\t\t<div class=\"elementor-widget-container\">\n\t\t\t\t\t<iframe\n  src=\"https:\/\/link.whipple.media\/widget\/form\/smuJijKiDfdfGUcfYPnV\"\n  style=\"width:100%;height:100%;border:none;border-radius:3px\"\n  id=\"inline-smuJijKiDfdfGUcfYPnV\" \n  data-layout=\"{'id':'INLINE'}\"\n  data-trigger-type=\"alwaysShow\"\n  data-trigger-value=\"\"\n  data-activation-type=\"alwaysActivated\"\n  data-activation-value=\"\"\n  data-deactivation-type=\"neverDeactivate\"\n  data-deactivation-value=\"\"\n  data-form-name=\"Contact Us Form\"\n  data-height=\"522\"\n  data-layout-iframe-id=\"inline-smuJijKiDfdfGUcfYPnV\"\n  data-form-id=\"smuJijKiDfdfGUcfYPnV\"\n  title=\"Contact Us Form\"\n      >\n<\/iframe>\n<script src=\"https:\/\/link.whipple.media\/js\/form_embed.js\"><\/script>\t\t\t\t<\/div>\n\t\t\t\t<\/div>\n\t\t\t\t<\/div>\n\t\t\t\t\t<\/div>\n\t\t\t\t<\/div>\n\t\t\t\t<\/div>\n\t\t","protected":false},"excerpt":{"rendered":"<p>Amy Newton Senior Paralegal Conoce a Amy Newton Amy Newton ha estado en el campo legal durante m\u00e1s de 25 a\u00f1os. Durante esos 25 a\u00f1os, ha trabajado en varias \u00e1reas del derecho, incluyendo derecho de familia, defensa criminal y sucesiones. Sin embargo, Amy encontr\u00f3 su pasi\u00f3n en lesiones personales, lo que le permiti\u00f3 ayudar a [&hellip;]<\/p>\n","protected":false},"author":1,"featured_media":0,"parent":4202,"menu_order":0,"comment_status":"closed","ping_status":"closed","template":"elementor_header_footer","meta":{"nf_dc_page":"","footnotes":""},"class_list":["post-4192","page","type-page","status-publish","hentry"],"_links":{"self":[{"href":"https:\/\/morrisonhugheslaw.com\/es\/wp-json\/wp\/v2\/pages\/4192","targetHints":{"allow":["GET"]}}],"collection":[{"href":"https:\/\/morrisonhugheslaw.com\/es\/wp-json\/wp\/v2\/pages"}],"about":[{"href":"https:\/\/morrisonhugheslaw.com\/es\/wp-json\/wp\/v2\/types\/page"}],"author":[{"embeddable":true,"href":"https:\/\/morrisonhugheslaw.com\/es\/wp-json\/wp\/v2\/users\/1"}],"replies":[{"embeddable":true,"href":"https:\/\/morrisonhugheslaw.com\/es\/wp-json\/wp\/v2\/comments?post=4192"}],"version-history":[{"count":6,"href":"https:\/\/morrisonhugheslaw.com\/es\/wp-json\/wp\/v2\/pages\/4192\/revisions"}],"predecessor-version":[{"id":4325,"href":"https:\/\/morrisonhugheslaw.com\/es\/wp-json\/wp\/v2\/pages\/4192\/revisions\/4325"}],"up":[{"embeddable":true,"href":"https:\/\/morrisonhugheslaw.com\/es\/wp-json\/wp\/v2\/pages\/4202"}],"wp:attachment":[{"href":"https:\/\/morrisonhugheslaw.com\/es\/wp-json\/wp\/v2\/media?parent=4192"}],"curies":[{"name":"wp","href":"https:\/\/api.w.org\/{rel}","templated":true}]}}