{"id":4193,"date":"2024-11-26T19:49:58","date_gmt":"2024-11-26T19:49:58","guid":{"rendered":"https:\/\/morrisonhugheslaw.com\/regina-ozbun\/"},"modified":"2026-04-29T20:00:32","modified_gmt":"2026-04-29T20:00:32","slug":"regina-ozbun","status":"publish","type":"page","link":"https:\/\/morrisonhugheslaw.com\/es\/about\/regina-ozbun\/","title":{"rendered":"Regina Ozbun"},"content":{"rendered":"\t\t<div data-elementor-type=\"wp-page\" data-elementor-id=\"4193\" class=\"elementor elementor-4193 elementor-366\" data-elementor-post-type=\"page\">\n\t\t\t\t<div class=\"elementor-element elementor-element-8fcb43b e-flex e-con-boxed e-con e-parent\" data-id=\"8fcb43b\" data-element_type=\"container\" data-e-type=\"container\" data-settings=\"{&quot;background_background&quot;:&quot;classic&quot;}\">\n\t\t\t\t\t<div class=\"e-con-inner\">\n\t\t\t\t\t<\/div>\n\t\t\t\t<\/div>\n\t\t<div class=\"elementor-element elementor-element-a4b5345 e-con-full e-flex e-con e-parent\" data-id=\"a4b5345\" data-element_type=\"container\" data-e-type=\"container\">\n\t\t<div class=\"elementor-element elementor-element-e8cc1bd e-con-full e-flex e-con e-child\" data-id=\"e8cc1bd\" data-element_type=\"container\" data-e-type=\"container\">\n\t\t\t\t<div class=\"elementor-element elementor-element-0638c3e elementor-widget elementor-widget-image\" data-id=\"0638c3e\" data-element_type=\"widget\" data-e-type=\"widget\" data-widget_type=\"image.default\">\n\t\t\t\t<div class=\"elementor-widget-container\">\n\t\t\t\t\t\t\t\t\t\t\t\t\t\t\t<img decoding=\"async\" src=\"https:\/\/morrisonhugheslaw.com\/wp-content\/uploads\/2026\/04\/Professional-portrait-in-warm-office-setting-1.png\" title=\"\" alt=\"\" loading=\"lazy\" \/>\t\t\t\t\t\t\t\t\t\t\t\t\t\t\t<\/div>\n\t\t\t\t<\/div>\n\t\t<div class=\"elementor-element elementor-element-49457c9 e-con-full e-flex e-con e-child\" data-id=\"49457c9\" data-element_type=\"container\" data-e-type=\"container\" data-settings=\"{&quot;background_background&quot;:&quot;classic&quot;}\">\n\t\t\t\t<div class=\"elementor-element elementor-element-88d6988 elementor-widget elementor-widget-heading\" data-id=\"88d6988\" data-element_type=\"widget\" data-e-type=\"widget\" data-widget_type=\"heading.default\">\n\t\t\t\t<div class=\"elementor-widget-container\">\n\t\t\t\t\t<h2 class=\"elementor-heading-title elementor-size-default\">Regina Ozbun\n<\/h2>\t\t\t\t<\/div>\n\t\t\t\t<\/div>\n\t\t\t\t<div class=\"elementor-element elementor-element-24399e0 elementor-widget elementor-widget-heading\" data-id=\"24399e0\" data-element_type=\"widget\" data-e-type=\"widget\" data-widget_type=\"heading.default\">\n\t\t\t\t<div class=\"elementor-widget-container\">\n\t\t\t\t\t<h2 class=\"elementor-heading-title elementor-size-default\">Coordinador Jur\u00eddico Ejecutivo<\/h2>\t\t\t\t<\/div>\n\t\t\t\t<\/div>\n\t\t\t\t<\/div>\n\t\t\t\t<\/div>\n\t\t<div class=\"elementor-element elementor-element-619bdc5 e-con-full e-flex e-con e-child\" data-id=\"619bdc5\" data-element_type=\"container\" data-e-type=\"container\">\n\t\t\t\t<div class=\"elementor-element elementor-element-2161a73 elementor-widget elementor-widget-heading\" data-id=\"2161a73\" data-element_type=\"widget\" data-e-type=\"widget\" data-widget_type=\"heading.default\">\n\t\t\t\t<div class=\"elementor-widget-container\">\n\t\t\t\t\t<h2 class=\"elementor-heading-title elementor-size-default\">Conoce a Regina Ozbun\n<\/h2>\t\t\t\t<\/div>\n\t\t\t\t<\/div>\n\t\t\t\t<div class=\"elementor-element elementor-element-2d1c89e elementor-widget elementor-widget-text-editor\" data-id=\"2d1c89e\" data-element_type=\"widget\" data-e-type=\"widget\" data-widget_type=\"text-editor.default\">\n\t\t\t\t<div class=\"elementor-widget-container\">\n\t\t\t\t\t\t\t\t\t<section id=\"StaffSystemS1Profile\" class=\"stf-pfl s1 lt-bg pd_v ui-repeater\"><div class=\"mn_wd\" data-item=\"i\" data-key=\"50005\"><div class=\"flx-at-1280 f_gp f_t \"><div class=\"two-thirds mrg_tp\"><div class=\"cnt-stl\"><p>Regina Ozbun lleva m\u00e1s de 30 a\u00f1os en el \u00e1mbito jur\u00eddico. Ha trabajado en los campos de indemnizaci\u00f3n laboral, lesiones personales y litigios de seguros. Regina &#8220;pag\u00f3 sus deudas&#8221; trabajando para los bufetes de abogados defensores que representan a las compa\u00f1\u00edas de seguros. Aprendi\u00f3 los trucos del oficio, y se alegra de estar de nuevo del lado de los georgianos lesionados, en una posici\u00f3n en la que puede ayudar a la gente en estos momentos dif\u00edciles de su vida. Regina tambi\u00e9n es experta en la tramitaci\u00f3n de solicitudes de expedientes abiertos y \u00a1ex polic\u00eda de informaci\u00f3n privilegiada! Antes de trasladarse a Georgia en 2005, hab\u00eda trabajado en una fiscal\u00eda, un juzgado de distrito, un departamento de polic\u00eda y para un sheriff, en varios estados. En Los \u00c1ngeles, California, tambi\u00e9n trabaj\u00f3 con abogados que se ocupaban de asuntos inmobiliarios, de propiedad intelectual, delitos de cuello blanco, infracci\u00f3n de marcas y responsabilidad por productos defectuosos. Regina vive en Marietta y le encanta pasar tiempo con sus amigos y su hijo, Skyler.       <\/p><\/div><\/div><\/div><\/div><\/section>\t\t\t\t\t\t\t\t<\/div>\n\t\t\t\t<\/div>\n\t\t\t\t<\/div>\n\t\t\t\t<\/div>\n\t\t<div class=\"elementor-element elementor-element-9f4b283 e-flex e-con-boxed e-con e-parent\" data-id=\"9f4b283\" data-element_type=\"container\" data-e-type=\"container\">\n\t\t\t\t\t<div class=\"e-con-inner\">\n\t\t<div class=\"elementor-element elementor-element-a6f651b e-con-full e-flex e-con e-child\" data-id=\"a6f651b\" data-element_type=\"container\" data-e-type=\"container\" data-settings=\"{&quot;background_background&quot;:&quot;classic&quot;}\">\n\t\t\t\t<div class=\"elementor-element elementor-element-01c1c27 elementor-widget elementor-widget-heading\" data-id=\"01c1c27\" data-element_type=\"widget\" data-e-type=\"widget\" data-widget_type=\"heading.default\">\n\t\t\t\t<div class=\"elementor-widget-container\">\n\t\t\t\t\t<h2 class=\"elementor-heading-title elementor-size-default\">No retrocedemos<\/h2>\t\t\t\t<\/div>\n\t\t\t\t<\/div>\n\t\t\t\t<div class=\"elementor-element elementor-element-14362d6 elementor-widget elementor-widget-heading\" data-id=\"14362d6\" data-element_type=\"widget\" data-e-type=\"widget\" data-widget_type=\"heading.default\">\n\t\t\t\t<div class=\"elementor-widget-container\">\n\t\t\t\t\t<h2 class=\"elementor-heading-title elementor-size-default\">No luches solo esta batalla\n<\/h2>\t\t\t\t<\/div>\n\t\t\t\t<\/div>\n\t\t\t\t<div class=\"elementor-element elementor-element-2b8c907 elementor-widget-divider--view-line elementor-widget elementor-widget-divider\" data-id=\"2b8c907\" data-element_type=\"widget\" data-e-type=\"widget\" data-widget_type=\"divider.default\">\n\t\t\t\t<div class=\"elementor-widget-container\">\n\t\t\t\t\t\t\t<div class=\"elementor-divider\">\n\t\t\t<span class=\"elementor-divider-separator\">\n\t\t\t\t\t\t<\/span>\n\t\t<\/div>\n\t\t\t\t\t\t<\/div>\n\t\t\t\t<\/div>\n\t\t\t\t<div class=\"elementor-element elementor-element-864c8b5 elementor-widget elementor-widget-text-editor\" data-id=\"864c8b5\" data-element_type=\"widget\" data-e-type=\"widget\" data-widget_type=\"text-editor.default\">\n\t\t\t\t<div class=\"elementor-widget-container\">\n\t\t\t\t\t\t\t\t\t<section id=\"ContentV1\" class=\"cnt v1 lt-bg alt-bg pd_v main_cnt anm\" data-onvisible=\"anm\"><div class=\"mn_wd flx-at-1280 f_gp f_t\" data-flexswap=\"\"><div class=\"cnt half anm_hlf-r\"><div id=\"MainContent\" class=\"cnt-stl \" data-content=\"true\" data-inject=\"block\" data-skip=\"\"><div id=\"StaffSystemS1Content\" class=\"cnt-stl mrg_bt\" data-content=\"true\" data-inject=\"block\" data-skip=\"\"><div class=\"ta_\"><p>Tanto si tienes preguntas como si est\u00e1s listo para empezar, nuestro equipo jur\u00eddico est\u00e1 dispuesto a ayudarte. Rellena nuestro formulario o ll\u00e1manos al <a href=\"tel:4046892734\">(404) 689-2734<\/a> <\/p><\/div><\/div><div class=\"fit full\"><picture class=\"img pd-h- stf-img\" role=\"presentation\"><source srcset=\"\/cms\/thumbnails\/33\/455x565\/images\/staff\/TRISTAN-MORRISON.2307271605550.jpg\" media=\"(max-width: 500px)\"><\/source><source srcset=\"\/cms\/thumbnails\/33\/455x565\/images\/staff\/TRISTAN-MORRISON.2307271605550.jpg\" media=\"(max-width: 1279px)\"><\/source><\/picture><\/div><\/div><\/div><\/div><\/section>\t\t\t\t\t\t\t\t<\/div>\n\t\t\t\t<\/div>\n\t\t\t\t<div class=\"elementor-element elementor-element-bbb6843 elementor-widget elementor-widget-html\" data-id=\"bbb6843\" data-element_type=\"widget\" data-e-type=\"widget\" data-widget_type=\"html.default\">\n\t\t\t\t<div class=\"elementor-widget-container\">\n\t\t\t\t\t<iframe src=\"https:\/\/link.whipple.media\/widget\/form\/smuJijKiDfdfGUcfYPnV\" style=\"width:100%;height:100%;border:none;border-radius:3px\" id=\"inline-smuJijKiDfdfGUcfYPnV\" data-layout=\"{'id':'INLINE'}\" data-trigger-type=\"alwaysShow\" data-trigger-value=\"\" data-activation-type=\"alwaysActivated\" data-activation-value=\"\" data-deactivation-type=\"neverDeactivate\" data-deactivation-value=\"\" data-form-name=\"Contact Us Form\" data-height=\"522\" data-layout-iframe-id=\"inline-smuJijKiDfdfGUcfYPnV\" data-form-id=\"smuJijKiDfdfGUcfYPnV\" title=\"Formulario de contacto\">\n<\/iframe>\n<script src=\"https:\/\/link.whipple.media\/js\/form_embed.js\"><\/script>\t\t\t\t<\/div>\n\t\t\t\t<\/div>\n\t\t\t\t<\/div>\n\t\t\t\t\t<\/div>\n\t\t\t\t<\/div>\n\t\t\t\t<\/div>\n\t\t","protected":false},"excerpt":{"rendered":"<p>Regina Ozbun Coordinador Jur\u00eddico Ejecutivo Conoce a Regina Ozbun Regina Ozbun lleva m\u00e1s de 30 a\u00f1os en el \u00e1mbito jur\u00eddico. Ha trabajado en los campos de indemnizaci\u00f3n laboral, lesiones personales y litigios de seguros. Regina &#8220;pag\u00f3 sus deudas&#8221; trabajando para los bufetes de abogados defensores que representan a las compa\u00f1\u00edas de seguros. Aprendi\u00f3 los trucos [&hellip;]<\/p>\n","protected":false},"author":1,"featured_media":0,"parent":4202,"menu_order":0,"comment_status":"closed","ping_status":"closed","template":"elementor_header_footer","meta":{"nf_dc_page":"","footnotes":""},"class_list":["post-4193","page","type-page","status-publish","hentry"],"_links":{"self":[{"href":"https:\/\/morrisonhugheslaw.com\/es\/wp-json\/wp\/v2\/pages\/4193","targetHints":{"allow":["GET"]}}],"collection":[{"href":"https:\/\/morrisonhugheslaw.com\/es\/wp-json\/wp\/v2\/pages"}],"about":[{"href":"https:\/\/morrisonhugheslaw.com\/es\/wp-json\/wp\/v2\/types\/page"}],"author":[{"embeddable":true,"href":"https:\/\/morrisonhugheslaw.com\/es\/wp-json\/wp\/v2\/users\/1"}],"replies":[{"embeddable":true,"href":"https:\/\/morrisonhugheslaw.com\/es\/wp-json\/wp\/v2\/comments?post=4193"}],"version-history":[{"count":7,"href":"https:\/\/morrisonhugheslaw.com\/es\/wp-json\/wp\/v2\/pages\/4193\/revisions"}],"predecessor-version":[{"id":6154,"href":"https:\/\/morrisonhugheslaw.com\/es\/wp-json\/wp\/v2\/pages\/4193\/revisions\/6154"}],"up":[{"embeddable":true,"href":"https:\/\/morrisonhugheslaw.com\/es\/wp-json\/wp\/v2\/pages\/4202"}],"wp:attachment":[{"href":"https:\/\/morrisonhugheslaw.com\/es\/wp-json\/wp\/v2\/media?parent=4193"}],"curies":[{"name":"wp","href":"https:\/\/api.w.org\/{rel}","templated":true}]}}