{"id":4194,"date":"2024-11-26T19:48:45","date_gmt":"2024-11-26T19:48:45","guid":{"rendered":"https:\/\/morrisonhugheslaw.com\/tawn-morrison\/"},"modified":"2026-01-11T19:13:02","modified_gmt":"2026-01-11T19:13:02","slug":"tawn-morrison","status":"publish","type":"page","link":"https:\/\/morrisonhugheslaw.com\/es\/about\/tawn-morrison\/","title":{"rendered":"Tawn Morrison"},"content":{"rendered":"\t\t<div data-elementor-type=\"wp-page\" data-elementor-id=\"4194\" class=\"elementor elementor-4194\" data-elementor-post-type=\"page\">\n\t\t\t\t<div class=\"elementor-element elementor-element-8fcb43b e-flex e-con-boxed e-con e-parent\" data-id=\"8fcb43b\" data-element_type=\"container\" data-e-type=\"container\" data-settings=\"{&quot;background_background&quot;:&quot;classic&quot;}\">\n\t\t\t\t\t<div class=\"e-con-inner\">\n\t\t\t\t\t<\/div>\n\t\t\t\t<\/div>\n\t\t<div class=\"elementor-element elementor-element-a4b5345 e-con-full e-flex e-con e-parent\" data-id=\"a4b5345\" data-element_type=\"container\" data-e-type=\"container\">\n\t\t<div class=\"elementor-element elementor-element-e8cc1bd e-con-full e-flex e-con e-child\" data-id=\"e8cc1bd\" data-element_type=\"container\" data-e-type=\"container\">\n\t\t\t\t<div class=\"elementor-element elementor-element-0638c3e elementor-widget elementor-widget-image\" data-id=\"0638c3e\" data-element_type=\"widget\" data-e-type=\"widget\" data-widget_type=\"image.default\">\n\t\t\t\t<div class=\"elementor-widget-container\">\n\t\t\t\t\t\t\t\t\t\t\t\t\t\t\t<img fetchpriority=\"high\" decoding=\"async\" width=\"455\" height=\"455\" src=\"https:\/\/morrisonhugheslaw.com\/wp-content\/uploads\/2024\/11\/Tawn-Morrison.2307271606550.jpg\" class=\"attachment-large size-large wp-image-4270\" alt=\"\" srcset=\"https:\/\/morrisonhugheslaw.com\/wp-content\/uploads\/2024\/11\/Tawn-Morrison.2307271606550.jpg 455w, https:\/\/morrisonhugheslaw.com\/wp-content\/uploads\/2024\/11\/Tawn-Morrison.2307271606550-300x300.jpg 300w, https:\/\/morrisonhugheslaw.com\/wp-content\/uploads\/2024\/11\/Tawn-Morrison.2307271606550-150x150.jpg 150w\" sizes=\"(max-width: 455px) 100vw, 455px\" \/>\t\t\t\t\t\t\t\t\t\t\t\t\t\t\t<\/div>\n\t\t\t\t<\/div>\n\t\t<div class=\"elementor-element elementor-element-49457c9 e-con-full e-flex e-con e-child\" data-id=\"49457c9\" data-element_type=\"container\" data-e-type=\"container\" data-settings=\"{&quot;background_background&quot;:&quot;classic&quot;}\">\n\t\t\t\t<div class=\"elementor-element elementor-element-88d6988 elementor-widget elementor-widget-heading\" data-id=\"88d6988\" data-element_type=\"widget\" data-e-type=\"widget\" data-widget_type=\"heading.default\">\n\t\t\t\t<div class=\"elementor-widget-container\">\n\t\t\t\t\t<h2 class=\"elementor-heading-title elementor-size-default\">Tawn Morrison<\/h2>\t\t\t\t<\/div>\n\t\t\t\t<\/div>\n\t\t\t\t<div class=\"elementor-element elementor-element-24399e0 elementor-widget elementor-widget-heading\" data-id=\"24399e0\" data-element_type=\"widget\" data-e-type=\"widget\" data-widget_type=\"heading.default\">\n\t\t\t\t<div class=\"elementor-widget-container\">\n\t\t\t\t\t<h2 class=\"elementor-heading-title elementor-size-default\">Director M\u00e9dico<\/h2>\t\t\t\t<\/div>\n\t\t\t\t<\/div>\n\t\t\t\t<\/div>\n\t\t\t\t<\/div>\n\t\t<div class=\"elementor-element elementor-element-619bdc5 e-con-full e-flex e-con e-child\" data-id=\"619bdc5\" data-element_type=\"container\" data-e-type=\"container\">\n\t\t\t\t<div class=\"elementor-element elementor-element-2161a73 elementor-widget elementor-widget-heading\" data-id=\"2161a73\" data-element_type=\"widget\" data-e-type=\"widget\" data-widget_type=\"heading.default\">\n\t\t\t\t<div class=\"elementor-widget-container\">\n\t\t\t\t\t<h2 class=\"elementor-heading-title elementor-size-default\">Meet Tawn Morrison\n<\/h2>\t\t\t\t<\/div>\n\t\t\t\t<\/div>\n\t\t\t\t<div class=\"elementor-element elementor-element-2d1c89e elementor-widget elementor-widget-text-editor\" data-id=\"2d1c89e\" data-element_type=\"widget\" data-e-type=\"widget\" data-widget_type=\"text-editor.default\">\n\t\t\t\t<div class=\"elementor-widget-container\">\n\t\t\t\t\t\t\t\t\t<section id=\"StaffSystemS1Profile\" class=\"stf-pfl s1 lt-bg pd_v ui-repeater\"><div class=\"mn_wd\" data-item=\"i\" data-key=\"50004\"><div class=\"flx-at-1280 f_gp f_t \"><div class=\"two-thirds mrg_tp\"><div class=\"cnt-stl\"><p>Tawn Morrison no es solo nuestra recepcionista, sino tambi\u00e9n nuestra Directora M\u00e9dica. Tawn se encarga de solicitar los historiales m\u00e9dicos, de verificar que los recibamos lo antes posible y de que lleguen a uno de nuestros abogados. Tambi\u00e9n se encarga de gran parte de las operaciones diarias y es, en esencia, nuestra mano derecha. A Tawn tambi\u00e9n le gusta viajar, es una orgullosa abuela primeriza y disfruta pasando tiempo con su familia.<\/p><\/div><\/div><\/div><\/div><\/section>\t\t\t\t\t\t\t\t<\/div>\n\t\t\t\t<\/div>\n\t\t\t\t<\/div>\n\t\t\t\t<\/div>\n\t\t<div class=\"elementor-element elementor-element-23e13d86 e-flex e-con-boxed e-con e-parent\" data-id=\"23e13d86\" data-element_type=\"container\" data-e-type=\"container\">\n\t\t\t\t\t<div class=\"e-con-inner\">\n\t\t<div class=\"elementor-element elementor-element-42738087 e-con-full e-flex e-con e-child\" data-id=\"42738087\" data-element_type=\"container\" data-e-type=\"container\" data-settings=\"{&quot;background_background&quot;:&quot;classic&quot;}\">\n\t\t\t\t<div class=\"elementor-element elementor-element-5e915c07 elementor-widget elementor-widget-heading\" data-id=\"5e915c07\" data-element_type=\"widget\" data-e-type=\"widget\" data-widget_type=\"heading.default\">\n\t\t\t\t<div class=\"elementor-widget-container\">\n\t\t\t\t\t<h2 class=\"elementor-heading-title elementor-size-default\">Nosotros no retrocedemos<\/h2>\t\t\t\t<\/div>\n\t\t\t\t<\/div>\n\t\t\t\t<div class=\"elementor-element elementor-element-60737370 elementor-widget elementor-widget-heading\" data-id=\"60737370\" data-element_type=\"widget\" data-e-type=\"widget\" data-widget_type=\"heading.default\">\n\t\t\t\t<div class=\"elementor-widget-container\">\n\t\t\t\t\t<h2 class=\"elementor-heading-title elementor-size-default\">No luches esta batalla solo<\/h2>\t\t\t\t<\/div>\n\t\t\t\t<\/div>\n\t\t\t\t<div class=\"elementor-element elementor-element-16e5af9f elementor-widget-divider--view-line elementor-widget elementor-widget-divider\" data-id=\"16e5af9f\" data-element_type=\"widget\" data-e-type=\"widget\" data-widget_type=\"divider.default\">\n\t\t\t\t<div class=\"elementor-widget-container\">\n\t\t\t\t\t\t\t<div class=\"elementor-divider\">\n\t\t\t<span class=\"elementor-divider-separator\">\n\t\t\t\t\t\t<\/span>\n\t\t<\/div>\n\t\t\t\t\t\t<\/div>\n\t\t\t\t<\/div>\n\t\t<div class=\"elementor-element elementor-element-59024b6d e-grid e-con-full e-con e-child\" data-id=\"59024b6d\" data-element_type=\"container\" data-e-type=\"container\">\n\t\t\t\t<div class=\"elementor-element elementor-element-3f5c723e elementor-widget elementor-widget-text-editor\" data-id=\"3f5c723e\" data-element_type=\"widget\" data-e-type=\"widget\" data-widget_type=\"text-editor.default\">\n\t\t\t\t<div class=\"elementor-widget-container\">\n\t\t\t\t\t\t\t\t\t<section id=\"ContentV1\" class=\"cnt v1 lt-bg alt-bg pd_v main_cnt anm\" data-onvisible=\"anm\"><div class=\"mn_wd flx-at-1280 f_gp f_t\" data-flexswap=\"\"><div class=\"cnt half anm_hlf-r\"><div id=\"MainContent\" class=\"cnt-stl \" data-content=\"true\" data-inject=\"block\" data-skip=\"\"><div id=\"StaffSystemS1Content\" class=\"cnt-stl mrg_bt\" data-content=\"true\" data-inject=\"block\" data-skip=\"\"><div class=\"ta_\"><p>Si tiene preguntas o est\u00e1 listo para comenzar, nuestro equipo legal est\u00e1 listo para ayudarle. Complete el formulario a continuaci\u00f3n o ll\u00e1menos al (404) 689-2734.<\/p><\/div><\/div><div class=\"fit full\"><picture class=\"img pd-h- stf-img\" role=\"presentation\"><source srcset=\"\/cms\/thumbnails\/33\/455x565\/images\/staff\/TRISTAN-MORRISON.2307271605550.jpg\" media=\"(max-width: 500px)\" \/><source srcset=\"\/cms\/thumbnails\/33\/455x565\/images\/staff\/TRISTAN-MORRISON.2307271605550.jpg\" media=\"(max-width: 1279px)\" \/><\/picture><\/div><\/div><\/div><\/div><\/section>\t\t\t\t\t\t\t\t<\/div>\n\t\t\t\t<\/div>\n\t\t\t\t<\/div>\n\t\t\t\t<div class=\"elementor-element elementor-element-bb3c728 elementor-widget elementor-widget-html\" data-id=\"bb3c728\" data-element_type=\"widget\" data-e-type=\"widget\" data-widget_type=\"html.default\">\n\t\t\t\t<div class=\"elementor-widget-container\">\n\t\t\t\t\t<iframe\n  src=\"https:\/\/link.whipple.media\/widget\/form\/smuJijKiDfdfGUcfYPnV\"\n  style=\"width:100%;height:100%;border:none;border-radius:3px\"\n  id=\"inline-smuJijKiDfdfGUcfYPnV\" \n  data-layout=\"{'id':'INLINE'}\"\n  data-trigger-type=\"alwaysShow\"\n  data-trigger-value=\"\"\n  data-activation-type=\"alwaysActivated\"\n  data-activation-value=\"\"\n  data-deactivation-type=\"neverDeactivate\"\n  data-deactivation-value=\"\"\n  data-form-name=\"Form 0\"\n  data-height=\"600\"\n  data-layout-iframe-id=\"inline-smuJijKiDfdfGUcfYPnV\"\n  data-form-id=\"smuJijKiDfdfGUcfYPnV\"\n  title=\"Form 0\"\n      >\n<\/iframe>\n<script src=\"https:\/\/link.whipple.media\/js\/form_embed.js\"><\/script>\t\t\t\t<\/div>\n\t\t\t\t<\/div>\n\t\t\t\t<\/div>\n\t\t\t\t\t<\/div>\n\t\t\t\t<\/div>\n\t\t\t\t<\/div>\n\t\t","protected":false},"excerpt":{"rendered":"<p>Tawn Morrison Director M\u00e9dico Meet Tawn Morrison Tawn Morrison no es solo nuestra recepcionista, sino tambi\u00e9n nuestra Directora M\u00e9dica. Tawn se encarga de solicitar los historiales m\u00e9dicos, de verificar que los recibamos lo antes posible y de que lleguen a uno de nuestros abogados. Tambi\u00e9n se encarga de gran parte de las operaciones diarias y [&hellip;]<\/p>\n","protected":false},"author":1,"featured_media":0,"parent":4202,"menu_order":0,"comment_status":"closed","ping_status":"closed","template":"elementor_header_footer","meta":{"nf_dc_page":"","footnotes":""},"class_list":["post-4194","page","type-page","status-publish","hentry"],"_links":{"self":[{"href":"https:\/\/morrisonhugheslaw.com\/es\/wp-json\/wp\/v2\/pages\/4194","targetHints":{"allow":["GET"]}}],"collection":[{"href":"https:\/\/morrisonhugheslaw.com\/es\/wp-json\/wp\/v2\/pages"}],"about":[{"href":"https:\/\/morrisonhugheslaw.com\/es\/wp-json\/wp\/v2\/types\/page"}],"author":[{"embeddable":true,"href":"https:\/\/morrisonhugheslaw.com\/es\/wp-json\/wp\/v2\/users\/1"}],"replies":[{"embeddable":true,"href":"https:\/\/morrisonhugheslaw.com\/es\/wp-json\/wp\/v2\/comments?post=4194"}],"version-history":[{"count":3,"href":"https:\/\/morrisonhugheslaw.com\/es\/wp-json\/wp\/v2\/pages\/4194\/revisions"}],"predecessor-version":[{"id":4366,"href":"https:\/\/morrisonhugheslaw.com\/es\/wp-json\/wp\/v2\/pages\/4194\/revisions\/4366"}],"up":[{"embeddable":true,"href":"https:\/\/morrisonhugheslaw.com\/es\/wp-json\/wp\/v2\/pages\/4202"}],"wp:attachment":[{"href":"https:\/\/morrisonhugheslaw.com\/es\/wp-json\/wp\/v2\/media?parent=4194"}],"curies":[{"name":"wp","href":"https:\/\/api.w.org\/{rel}","templated":true}]}}