{"id":4198,"date":"2024-11-26T19:40:44","date_gmt":"2024-11-26T19:40:44","guid":{"rendered":"https:\/\/morrisonhugheslaw.com\/paul-l-jenkins\/"},"modified":"2026-04-29T14:01:09","modified_gmt":"2026-04-29T14:01:09","slug":"paul-l-jenkins","status":"publish","type":"page","link":"https:\/\/morrisonhugheslaw.com\/es\/about\/paul-l-jenkins\/","title":{"rendered":"Paul L. Jenkins"},"content":{"rendered":"\t\t<div data-elementor-type=\"wp-page\" data-elementor-id=\"4198\" class=\"elementor elementor-4198 elementor-351\" data-elementor-post-type=\"page\">\n\t\t\t\t<div class=\"elementor-element elementor-element-8fcb43b e-flex e-con-boxed e-con e-parent\" data-id=\"8fcb43b\" data-element_type=\"container\" data-e-type=\"container\" data-settings=\"{&quot;background_background&quot;:&quot;classic&quot;}\">\n\t\t\t\t\t<div class=\"e-con-inner\">\n\t\t\t\t\t<\/div>\n\t\t\t\t<\/div>\n\t\t<div class=\"elementor-element elementor-element-a4b5345 e-con-full e-flex e-con e-parent\" data-id=\"a4b5345\" data-element_type=\"container\" data-e-type=\"container\">\n\t\t<div class=\"elementor-element elementor-element-e8cc1bd e-con-full e-flex e-con e-child\" data-id=\"e8cc1bd\" data-element_type=\"container\" data-e-type=\"container\">\n\t\t\t\t<div class=\"elementor-element elementor-element-0638c3e elementor-widget elementor-widget-image\" data-id=\"0638c3e\" data-element_type=\"widget\" data-e-type=\"widget\" data-widget_type=\"image.default\">\n\t\t\t\t<div class=\"elementor-widget-container\">\n\t\t\t\t\t\t\t\t\t\t\t\t\t\t\t<img decoding=\"async\" src=\"https:\/\/morrisonhugheslaw.com\/wp-content\/uploads\/2026\/04\/paul-updated-headshot.png\" title=\"\" alt=\"\" loading=\"lazy\" \/>\t\t\t\t\t\t\t\t\t\t\t\t\t\t\t<\/div>\n\t\t\t\t<\/div>\n\t\t<div class=\"elementor-element elementor-element-49457c9 e-con-full e-flex e-con e-child\" data-id=\"49457c9\" data-element_type=\"container\" data-e-type=\"container\" data-settings=\"{&quot;background_background&quot;:&quot;classic&quot;}\">\n\t\t\t\t<div class=\"elementor-element elementor-element-88d6988 elementor-widget elementor-widget-heading\" data-id=\"88d6988\" data-element_type=\"widget\" data-e-type=\"widget\" data-widget_type=\"heading.default\">\n\t\t\t\t<div class=\"elementor-widget-container\">\n\t\t\t\t\t<h2 class=\"elementor-heading-title elementor-size-default\">Paul L. Jenkins<\/h2>\t\t\t\t<\/div>\n\t\t\t\t<\/div>\n\t\t\t\t<div class=\"elementor-element elementor-element-24399e0 elementor-widget elementor-widget-heading\" data-id=\"24399e0\" data-element_type=\"widget\" data-e-type=\"widget\" data-widget_type=\"heading.default\">\n\t\t\t\t<div class=\"elementor-widget-container\">\n\t\t\t\t\t<h2 class=\"elementor-heading-title elementor-size-default\">Socio<\/h2>\t\t\t\t<\/div>\n\t\t\t\t<\/div>\n\t\t\t\t<\/div>\n\t\t\t\t<\/div>\n\t\t<div class=\"elementor-element elementor-element-619bdc5 e-con-full e-flex e-con e-child\" data-id=\"619bdc5\" data-element_type=\"container\" data-e-type=\"container\">\n\t\t\t\t<div class=\"elementor-element elementor-element-2161a73 elementor-widget elementor-widget-heading\" data-id=\"2161a73\" data-element_type=\"widget\" data-e-type=\"widget\" data-widget_type=\"heading.default\">\n\t\t\t\t<div class=\"elementor-widget-container\">\n\t\t\t\t\t<h2 class=\"elementor-heading-title elementor-size-default\">Conoce a Paul L. Jenkins\n<\/h2>\t\t\t\t<\/div>\n\t\t\t\t<\/div>\n\t\t\t\t<div class=\"elementor-element elementor-element-2d1c89e elementor-widget elementor-widget-text-editor\" data-id=\"2d1c89e\" data-element_type=\"widget\" data-e-type=\"widget\" data-widget_type=\"text-editor.default\">\n\t\t\t\t<div class=\"elementor-widget-container\">\n\t\t\t\t\t\t\t\t\t<p data-pm-slice=\"1 1 []\">Paul Jenkins ha dedicado su carrera a defender con pasi\u00f3n los derechos de los trabajadores lesionados y las personas con discapacidad. Con m\u00e1s de 20 a\u00f1os de experiencia jur\u00eddica, ha representado con \u00e9xito a clientes en casos de indemnizaci\u00f3n laboral y lesiones personales, enfrent\u00e1ndose a empresarios de todos los tama\u00f1os y a muchas de las mayores compa\u00f1\u00edas de seguros del pa\u00eds. Su pr\u00e1ctica en lesiones personales incluye la representaci\u00f3n de v\u00edctimas de accidentes de tr\u00e1fico, resbalones y ca\u00eddas, y mordeduras de perro. Conocido por su asesoramiento claro y preciso, el Sr. Jenkins se compromete a lograr los mejores resultados posibles para sus clientes, que respetan su tenacidad y capacidad para litigar eficazmente los casos de principio a fin.   <\/p><p>El Sr. Jenkins est\u00e1 autorizado para ejercer la abogac\u00eda en Massachusetts y Georgia, incluido el Tribunal de Apelaciones de Georgia y el Tribunal de Distrito de EE.UU. para el Distrito Norte de Georgia. Nacido en Massachusetts, se licenci\u00f3 cum laude en Derecho en la Universidad de Nueva Inglaterra de Boston, donde fue distinguido como &#8220;New England Scholar&#8221; por sus excepcionales logros acad\u00e9micos. <\/p><p>Desde que se convirti\u00f3 en socio de Morrison &amp; Hughes en 2018, el Sr. Jenkins ha aprovechado su amplia experiencia en la ley de Incapacidad de la Seguridad Social para apoyar a\u00fan m\u00e1s a sus clientes de compensaci\u00f3n de trabajadores y lesiones personales. Antes de incorporarse al bufete, compareci\u00f3 regularmente ante Jueces de Derecho Administrativo de la Administraci\u00f3n de la Seguridad Social, llevando con \u00e9xito m\u00e1s de 2.000 vistas por incapacidad en todo el territorio continental de EE.UU. y Hawai. <\/p><p>Como conferenciante muy solicitado, Paul ha compartido sus conocimientos sobre la ley de Incapacidad de la Seguridad Social con organizaciones como la Asociaci\u00f3n Internacional de Reclamaciones, Munich Reinsurance Corporation, la Organizaci\u00f3n Nacional de Representantes de la Seguridad Social, la Coalici\u00f3n de Empresarios por Incapacidad y la Fundaci\u00f3n Nacional contra el Parkinson. Adem\u00e1s, ha sido autor de herramientas multimedia ampliamente reconocidas y utilizadas por empresas de discapacidad de todo el pa\u00eds para educar a los demandantes sobre el proceso de Incapacidad de la Seguridad Social. Fuera del trabajo, Paul es un \u00e1vido viajero y un apasionado de la gastronom\u00eda que disfruta explorando la cocina internacional. Su ma\u00f1ana perfecta consiste en leer el New York Times con un caf\u00e9 en la mano mientras lanza una pelota a su querido labradoodle, Buckley.   <\/p>\t\t\t\t\t\t\t\t<\/div>\n\t\t\t\t<\/div>\n\t\t\t\t<\/div>\n\t\t\t\t<\/div>\n\t\t<div class=\"elementor-element elementor-element-8cbee58 e-flex e-con-boxed e-con e-parent\" data-id=\"8cbee58\" data-element_type=\"container\" data-e-type=\"container\">\n\t\t\t\t\t<div class=\"e-con-inner\">\n\t\t<div class=\"elementor-element elementor-element-ea1a4df e-con-full e-flex e-con e-child\" data-id=\"ea1a4df\" data-element_type=\"container\" data-e-type=\"container\" data-settings=\"{&quot;background_background&quot;:&quot;classic&quot;}\">\n\t\t\t\t<div class=\"elementor-element elementor-element-1e9facf elementor-widget elementor-widget-heading\" data-id=\"1e9facf\" data-element_type=\"widget\" data-e-type=\"widget\" data-widget_type=\"heading.default\">\n\t\t\t\t<div class=\"elementor-widget-container\">\n\t\t\t\t\t<h2 class=\"elementor-heading-title elementor-size-default\">No retrocedemos<\/h2>\t\t\t\t<\/div>\n\t\t\t\t<\/div>\n\t\t\t\t<div class=\"elementor-element elementor-element-af8f84b elementor-widget elementor-widget-heading\" data-id=\"af8f84b\" data-element_type=\"widget\" data-e-type=\"widget\" data-widget_type=\"heading.default\">\n\t\t\t\t<div class=\"elementor-widget-container\">\n\t\t\t\t\t<h2 class=\"elementor-heading-title elementor-size-default\">No luches solo esta batalla\n<\/h2>\t\t\t\t<\/div>\n\t\t\t\t<\/div>\n\t\t\t\t<div class=\"elementor-element elementor-element-315e510 elementor-widget-divider--view-line elementor-widget elementor-widget-divider\" data-id=\"315e510\" data-element_type=\"widget\" data-e-type=\"widget\" data-widget_type=\"divider.default\">\n\t\t\t\t<div class=\"elementor-widget-container\">\n\t\t\t\t\t\t\t<div class=\"elementor-divider\">\n\t\t\t<span class=\"elementor-divider-separator\">\n\t\t\t\t\t\t<\/span>\n\t\t<\/div>\n\t\t\t\t\t\t<\/div>\n\t\t\t\t<\/div>\n\t\t\t\t<div class=\"elementor-element elementor-element-ad3e9a6 elementor-widget elementor-widget-text-editor\" data-id=\"ad3e9a6\" data-element_type=\"widget\" data-e-type=\"widget\" data-widget_type=\"text-editor.default\">\n\t\t\t\t<div class=\"elementor-widget-container\">\n\t\t\t\t\t\t\t\t\t<section id=\"ContentV1\" class=\"cnt v1 lt-bg alt-bg pd_v main_cnt anm\" data-onvisible=\"anm\"><div class=\"mn_wd flx-at-1280 f_gp f_t\" data-flexswap=\"\"><div class=\"cnt half anm_hlf-r\"><div id=\"MainContent\" class=\"cnt-stl \" data-content=\"true\" data-inject=\"block\" data-skip=\"\"><div id=\"StaffSystemS1Content\" class=\"cnt-stl mrg_bt\" data-content=\"true\" data-inject=\"block\" data-skip=\"\"><div class=\"ta_\"><p>Tanto si tienes preguntas como si est\u00e1s listo para empezar, nuestro equipo jur\u00eddico est\u00e1 dispuesto a ayudarte. Rellena nuestro formulario o ll\u00e1manos al <a href=\"tel:4046892734\">(404) 689-2734<\/a> <\/p><\/div><\/div><div class=\"fit full\"><picture class=\"img pd-h- stf-img\" role=\"presentation\"><source srcset=\"\/cms\/thumbnails\/33\/455x565\/images\/staff\/TRISTAN-MORRISON.2307271605550.jpg\" media=\"(max-width: 500px)\"><\/source><source srcset=\"\/cms\/thumbnails\/33\/455x565\/images\/staff\/TRISTAN-MORRISON.2307271605550.jpg\" media=\"(max-width: 1279px)\"><\/source><\/picture><\/div><\/div><\/div><\/div><\/section>\t\t\t\t\t\t\t\t<\/div>\n\t\t\t\t<\/div>\n\t\t\t\t<div class=\"elementor-element elementor-element-c094f8b elementor-widget elementor-widget-html\" data-id=\"c094f8b\" data-element_type=\"widget\" data-e-type=\"widget\" data-widget_type=\"html.default\">\n\t\t\t\t<div class=\"elementor-widget-container\">\n\t\t\t\t\t<iframe src=\"https:\/\/link.whipple.media\/widget\/form\/smuJijKiDfdfGUcfYPnV\" style=\"width:100%;height:100%;border:none;border-radius:3px\" id=\"inline-smuJijKiDfdfGUcfYPnV\" data-layout=\"{'id':'INLINE'}\" data-trigger-type=\"alwaysShow\" data-trigger-value=\"\" data-activation-type=\"alwaysActivated\" data-activation-value=\"\" data-deactivation-type=\"neverDeactivate\" data-deactivation-value=\"\" data-form-name=\"Contact Us Form\" data-height=\"522\" data-layout-iframe-id=\"inline-smuJijKiDfdfGUcfYPnV\" data-form-id=\"smuJijKiDfdfGUcfYPnV\" title=\"Formulario de contacto\">\n<\/iframe>\n<script src=\"https:\/\/link.whipple.media\/js\/form_embed.js\"><\/script>\t\t\t\t<\/div>\n\t\t\t\t<\/div>\n\t\t\t\t<\/div>\n\t\t\t\t\t<\/div>\n\t\t\t\t<\/div>\n\t\t\t\t<\/div>\n\t\t","protected":false},"excerpt":{"rendered":"<p>Paul L. Jenkins Socio Conoce a Paul L. Jenkins Paul Jenkins ha dedicado su carrera a defender con pasi\u00f3n los derechos de los trabajadores lesionados y las personas con discapacidad. Con m\u00e1s de 20 a\u00f1os de experiencia jur\u00eddica, ha representado con \u00e9xito a clientes en casos de indemnizaci\u00f3n laboral y lesiones personales, enfrent\u00e1ndose a empresarios [&hellip;]<\/p>\n","protected":false},"author":1,"featured_media":0,"parent":4202,"menu_order":0,"comment_status":"closed","ping_status":"closed","template":"elementor_header_footer","meta":{"nf_dc_page":"","footnotes":""},"class_list":["post-4198","page","type-page","status-publish","hentry"],"_links":{"self":[{"href":"https:\/\/morrisonhugheslaw.com\/es\/wp-json\/wp\/v2\/pages\/4198","targetHints":{"allow":["GET"]}}],"collection":[{"href":"https:\/\/morrisonhugheslaw.com\/es\/wp-json\/wp\/v2\/pages"}],"about":[{"href":"https:\/\/morrisonhugheslaw.com\/es\/wp-json\/wp\/v2\/types\/page"}],"author":[{"embeddable":true,"href":"https:\/\/morrisonhugheslaw.com\/es\/wp-json\/wp\/v2\/users\/1"}],"replies":[{"embeddable":true,"href":"https:\/\/morrisonhugheslaw.com\/es\/wp-json\/wp\/v2\/comments?post=4198"}],"version-history":[{"count":10,"href":"https:\/\/morrisonhugheslaw.com\/es\/wp-json\/wp\/v2\/pages\/4198\/revisions"}],"predecessor-version":[{"id":6113,"href":"https:\/\/morrisonhugheslaw.com\/es\/wp-json\/wp\/v2\/pages\/4198\/revisions\/6113"}],"up":[{"embeddable":true,"href":"https:\/\/morrisonhugheslaw.com\/es\/wp-json\/wp\/v2\/pages\/4202"}],"wp:attachment":[{"href":"https:\/\/morrisonhugheslaw.com\/es\/wp-json\/wp\/v2\/media?parent=4198"}],"curies":[{"name":"wp","href":"https:\/\/api.w.org\/{rel}","templated":true}]}}