{"id":4199,"date":"2024-11-26T19:40:29","date_gmt":"2024-11-26T19:40:29","guid":{"rendered":"https:\/\/morrisonhugheslaw.com\/leon-hilliard-hughes\/"},"modified":"2026-01-11T18:57:38","modified_gmt":"2026-01-11T18:57:38","slug":"leon-hilliard-hughes","status":"publish","type":"page","link":"https:\/\/morrisonhugheslaw.com\/es\/about\/leon-hilliard-hughes\/","title":{"rendered":"Leon Hilliard Hughes"},"content":{"rendered":"\t\t<div data-elementor-type=\"wp-page\" data-elementor-id=\"4199\" class=\"elementor elementor-4199 elementor-352\" data-elementor-post-type=\"page\">\n\t\t\t\t<div class=\"elementor-element elementor-element-8fcb43b e-flex e-con-boxed e-con e-parent\" data-id=\"8fcb43b\" data-element_type=\"container\" data-e-type=\"container\" data-settings=\"{&quot;background_background&quot;:&quot;classic&quot;}\">\n\t\t\t\t\t<div class=\"e-con-inner\">\n\t\t\t\t\t<\/div>\n\t\t\t\t<\/div>\n\t\t<div class=\"elementor-element elementor-element-a4b5345 e-con-full e-flex e-con e-parent\" data-id=\"a4b5345\" data-element_type=\"container\" data-e-type=\"container\">\n\t\t<div class=\"elementor-element elementor-element-e8cc1bd e-con-full e-flex e-con e-child\" data-id=\"e8cc1bd\" data-element_type=\"container\" data-e-type=\"container\">\n\t\t\t\t<div class=\"elementor-element elementor-element-0638c3e elementor-widget elementor-widget-image\" data-id=\"0638c3e\" data-element_type=\"widget\" data-e-type=\"widget\" data-widget_type=\"image.default\">\n\t\t\t\t<div class=\"elementor-widget-container\">\n\t\t\t\t\t\t\t\t\t\t\t\t\t\t\t<img fetchpriority=\"high\" decoding=\"async\" width=\"800\" height=\"800\" src=\"https:\/\/morrisonhugheslaw.com\/wp-content\/uploads\/2025\/01\/Morrison-Hughes-Headshot-17-e1736192732146-1024x1024.jpg\" class=\"attachment-large size-large wp-image-4218\" alt=\"\" srcset=\"https:\/\/morrisonhugheslaw.com\/wp-content\/uploads\/2025\/01\/Morrison-Hughes-Headshot-17-e1736192732146-1024x1024.jpg 1024w, https:\/\/morrisonhugheslaw.com\/wp-content\/uploads\/2025\/01\/Morrison-Hughes-Headshot-17-e1736192732146-300x300.jpg 300w, https:\/\/morrisonhugheslaw.com\/wp-content\/uploads\/2025\/01\/Morrison-Hughes-Headshot-17-e1736192732146-150x150.jpg 150w, https:\/\/morrisonhugheslaw.com\/wp-content\/uploads\/2025\/01\/Morrison-Hughes-Headshot-17-e1736192732146-768x768.jpg 768w, https:\/\/morrisonhugheslaw.com\/wp-content\/uploads\/2025\/01\/Morrison-Hughes-Headshot-17-e1736192732146.webp 1365w\" sizes=\"(max-width: 800px) 100vw, 800px\" \/>\t\t\t\t\t\t\t\t\t\t\t\t\t\t\t<\/div>\n\t\t\t\t<\/div>\n\t\t<div class=\"elementor-element elementor-element-49457c9 e-con-full e-flex e-con e-child\" data-id=\"49457c9\" data-element_type=\"container\" data-e-type=\"container\" data-settings=\"{&quot;background_background&quot;:&quot;classic&quot;}\">\n\t\t\t\t<div class=\"elementor-element elementor-element-88d6988 elementor-widget elementor-widget-heading\" data-id=\"88d6988\" data-element_type=\"widget\" data-e-type=\"widget\" data-widget_type=\"heading.default\">\n\t\t\t\t<div class=\"elementor-widget-container\">\n\t\t\t\t\t<h2 class=\"elementor-heading-title elementor-size-default\">Leon Hilliard Hughes<\/h2>\t\t\t\t<\/div>\n\t\t\t\t<\/div>\n\t\t\t\t<div class=\"elementor-element elementor-element-24399e0 elementor-widget elementor-widget-heading\" data-id=\"24399e0\" data-element_type=\"widget\" data-e-type=\"widget\" data-widget_type=\"heading.default\">\n\t\t\t\t<div class=\"elementor-widget-container\">\n\t\t\t\t\t<h2 class=\"elementor-heading-title elementor-size-default\">Socia fundadora<\/h2>\t\t\t\t<\/div>\n\t\t\t\t<\/div>\n\t\t\t\t<\/div>\n\t\t\t\t<\/div>\n\t\t<div class=\"elementor-element elementor-element-619bdc5 e-con-full e-flex e-con e-child\" data-id=\"619bdc5\" data-element_type=\"container\" data-e-type=\"container\">\n\t\t\t\t<div class=\"elementor-element elementor-element-2161a73 elementor-widget elementor-widget-heading\" data-id=\"2161a73\" data-element_type=\"widget\" data-e-type=\"widget\" data-widget_type=\"heading.default\">\n\t\t\t\t<div class=\"elementor-widget-container\">\n\t\t\t\t\t<h2 class=\"elementor-heading-title elementor-size-default\">Conozca a Leon Hilliard Hughes<\/h2>\t\t\t\t<\/div>\n\t\t\t\t<\/div>\n\t\t\t\t<div class=\"elementor-element elementor-element-2d1c89e elementor-widget elementor-widget-text-editor\" data-id=\"2d1c89e\" data-element_type=\"widget\" data-e-type=\"widget\" data-widget_type=\"text-editor.default\">\n\t\t\t\t<div class=\"elementor-widget-container\">\n\t\t\t\t\t\t\t\t\t<p>Hil Hughes asisti\u00f3 a la Universidad de Emory como estudiante de pregrado, especializ\u00e1ndose en Qu\u00edmica, Filosof\u00eda y Estudios Asi\u00e1ticos. Este enfoque en el estudio de Asia incluye la participaci\u00f3n en el programa de japon\u00e9s de la Universidad de Stanford en Kioto. Hil tiene un MBA tanto de la Universidad Estatal de Georgia como de la Sorbona en Par\u00eds. Tambi\u00e9n obtuvo su t\u00edtulo de derecho de la Universidad de Georgia.<\/p><p>Hil ha practicado ante los tribunales de Georgia, la Corte de Apelaciones y la Corte Suprema de Georgia. Tambi\u00e9n ha defendido con vehemencia los derechos de los trabajadores lesionados ante la Junta Estatal de Compensaci\u00f3n de Trabajadores de Georgia y en apelaciones. Tambi\u00e9n representa a los demandantes para la Discapacidad del Seguro Social y ha ganado beneficios para esos demandantes en audiencias del Seguro Social.<\/p><p>Tiene una amplia experiencia en consultor\u00eda, que abarca desde peque\u00f1as empresas emergentes hasta consultor\u00eda con compa\u00f1\u00edas Fortune 500 en temas que incluyen formaci\u00f3n empresarial, preocupaciones sobre propiedad intelectual, estrategia de marketing e infraestructura. Aunque ha trabajado con grandes corporaciones exitosas, prefiere las empresas emergentes m\u00e1s peque\u00f1as y los desaf\u00edos de ayudar a los emprendedores a hacer crecer nuevos negocios y maximizar su rentabilidad.<\/p>\t\t\t\t\t\t\t\t<\/div>\n\t\t\t\t<\/div>\n\t\t\t\t<div class=\"elementor-element elementor-element-c47effd elementor-widget elementor-widget-heading\" data-id=\"c47effd\" data-element_type=\"widget\" data-e-type=\"widget\" data-widget_type=\"heading.default\">\n\t\t\t\t<div class=\"elementor-widget-container\">\n\t\t\t\t\t<h2 class=\"elementor-heading-title elementor-size-default\">Awards<\/h2>\t\t\t\t<\/div>\n\t\t\t\t<\/div>\n\t\t<div class=\"elementor-element elementor-element-18a7a73 e-grid e-con-full e-con e-child\" data-id=\"18a7a73\" data-element_type=\"container\" data-e-type=\"container\">\n\t\t\t\t<div class=\"elementor-element elementor-element-5dab995 elementor-widget elementor-widget-image\" data-id=\"5dab995\" data-element_type=\"widget\" data-e-type=\"widget\" data-widget_type=\"image.default\">\n\t\t\t\t<div class=\"elementor-widget-container\">\n\t\t\t\t\t\t\t\t\t\t\t\t\t\t\t<img decoding=\"async\" width=\"214\" height=\"216\" src=\"https:\/\/morrisonhugheslaw.com\/wp-content\/uploads\/2024\/11\/Million-Dollar-Advocates-Forum-1.2402221134550.png\" class=\"attachment-large size-large wp-image-4238\" alt=\"\" srcset=\"https:\/\/morrisonhugheslaw.com\/wp-content\/uploads\/2024\/11\/Million-Dollar-Advocates-Forum-1.2402221134550.png 214w, https:\/\/morrisonhugheslaw.com\/wp-content\/uploads\/2024\/11\/Million-Dollar-Advocates-Forum-1.2402221134550-150x150.png 150w\" sizes=\"(max-width: 214px) 100vw, 214px\" \/>\t\t\t\t\t\t\t\t\t\t\t\t\t\t\t<\/div>\n\t\t\t\t<\/div>\n\t\t\t\t<div class=\"elementor-element elementor-element-bfd7d93 elementor-widget elementor-widget-image\" data-id=\"bfd7d93\" data-element_type=\"widget\" data-e-type=\"widget\" data-widget_type=\"image.default\">\n\t\t\t\t<div class=\"elementor-widget-container\">\n\t\t\t\t\t\t\t\t\t\t\t\t\t\t\t<img decoding=\"async\" width=\"215\" height=\"218\" src=\"https:\/\/morrisonhugheslaw.com\/wp-content\/uploads\/2024\/11\/multi-million-dollar-2.2402221133550.png\" class=\"attachment-large size-large wp-image-4237\" alt=\"\" \/>\t\t\t\t\t\t\t\t\t\t\t\t\t\t\t<\/div>\n\t\t\t\t<\/div>\n\t\t\t\t<\/div>\n\t\t\t\t<\/div>\n\t\t\t\t<\/div>\n\t\t<div class=\"elementor-element elementor-element-46cbb59 e-flex e-con-boxed e-con e-parent\" data-id=\"46cbb59\" data-element_type=\"container\" data-e-type=\"container\">\n\t\t\t\t\t<div class=\"e-con-inner\">\n\t\t<div class=\"elementor-element elementor-element-c18cb02 e-con-full e-flex e-con e-child\" data-id=\"c18cb02\" data-element_type=\"container\" data-e-type=\"container\" data-settings=\"{&quot;background_background&quot;:&quot;classic&quot;}\">\n\t\t\t\t<div class=\"elementor-element elementor-element-ab22865 elementor-widget elementor-widget-heading\" data-id=\"ab22865\" data-element_type=\"widget\" data-e-type=\"widget\" data-widget_type=\"heading.default\">\n\t\t\t\t<div class=\"elementor-widget-container\">\n\t\t\t\t\t<h2 class=\"elementor-heading-title elementor-size-default\">Nosotros no retrocedemos<\/h2>\t\t\t\t<\/div>\n\t\t\t\t<\/div>\n\t\t\t\t<div class=\"elementor-element elementor-element-8aa067c elementor-widget elementor-widget-heading\" data-id=\"8aa067c\" data-element_type=\"widget\" data-e-type=\"widget\" data-widget_type=\"heading.default\">\n\t\t\t\t<div class=\"elementor-widget-container\">\n\t\t\t\t\t<h2 class=\"elementor-heading-title elementor-size-default\">No luches esta batalla solo<\/h2>\t\t\t\t<\/div>\n\t\t\t\t<\/div>\n\t\t\t\t<div class=\"elementor-element elementor-element-db7987f elementor-widget-divider--view-line elementor-widget elementor-widget-divider\" data-id=\"db7987f\" data-element_type=\"widget\" data-e-type=\"widget\" data-widget_type=\"divider.default\">\n\t\t\t\t<div class=\"elementor-widget-container\">\n\t\t\t\t\t\t\t<div class=\"elementor-divider\">\n\t\t\t<span class=\"elementor-divider-separator\">\n\t\t\t\t\t\t<\/span>\n\t\t<\/div>\n\t\t\t\t\t\t<\/div>\n\t\t\t\t<\/div>\n\t\t\t\t<div class=\"elementor-element elementor-element-c691343 elementor-widget elementor-widget-text-editor\" data-id=\"c691343\" data-element_type=\"widget\" data-e-type=\"widget\" data-widget_type=\"text-editor.default\">\n\t\t\t\t<div class=\"elementor-widget-container\">\n\t\t\t\t\t\t\t\t\t<section id=\"ContentV1\" class=\"cnt v1 lt-bg alt-bg pd_v main_cnt anm\" data-onvisible=\"anm\">\n<div class=\"mn_wd flx-at-1280 f_gp f_t\" data-flexswap=\"\">\n<div class=\"cnt half anm_hlf-r\">\n<div id=\"MainContent\" class=\"cnt-stl \" data-content=\"true\" data-inject=\"block\" data-skip=\"\">\n<div id=\"StaffSystemS1Content\" class=\"cnt-stl mrg_bt\" data-content=\"true\" data-inject=\"block\" data-skip=\"\">\n<div class=\"ta_\">\n\nSi tiene alguna pregunta o est\u00e1 listo para empezar, nuestro equipo legal est\u00e1 listo para ayudarle. Complete nuestro formulario a continuaci\u00f3n o ll\u00e1menos al <a href=\"tel:4046892734\"><span style=\"background-color: var( --e-global-color-5ced9a8 ); font-size: 1rem;\">(404) 689-2734<\/span><\/a>\n\n<\/div>\n<\/div>\n<div class=\"fit full\"><picture class=\"img pd-h- stf-img\" role=\"presentation\"><source srcset=\"\/cms\/thumbnails\/33\/455x565\/images\/staff\/TRISTAN-MORRISON.2307271605550.jpg\" media=\"(max-width: 500px)\" \/><source srcset=\"\/cms\/thumbnails\/33\/455x565\/images\/staff\/TRISTAN-MORRISON.2307271605550.jpg\" media=\"(ancho m\u00e1ximo: 1279px)\" \/><\/picture><\/div>\n<\/div>\n<\/div>\n<\/div>\n<\/section>\t\t\t\t\t\t\t\t<\/div>\n\t\t\t\t<\/div>\n\t\t\t\t<div class=\"elementor-element elementor-element-e873e2d elementor-widget elementor-widget-html\" data-id=\"e873e2d\" data-element_type=\"widget\" data-e-type=\"widget\" data-widget_type=\"html.default\">\n\t\t\t\t<div class=\"elementor-widget-container\">\n\t\t\t\t\t<iframe\n  src=\"https:\/\/link.whipple.media\/widget\/form\/smuJijKiDfdfGUcfYPnV\"\n  style=\"width:100%;height:100%;border:none;border-radius:3px\"\n  id=\"inline-smuJijKiDfdfGUcfYPnV\" \n  data-layout=\"{'id':'INLINE'}\"\n  data-trigger-type=\"alwaysShow\"\n  data-trigger-value=\"\"\n  data-activation-type=\"alwaysActivated\"\n  data-activation-value=\"\"\n  data-deactivation-type=\"neverDeactivate\"\n  data-deactivation-value=\"\"\n  data-form-name=\"Contact Us Form\"\n  data-height=\"522\"\n  data-layout-iframe-id=\"inline-smuJijKiDfdfGUcfYPnV\"\n  data-form-id=\"smuJijKiDfdfGUcfYPnV\"\n  title=\"Contact Us Form\"\n      >\n<\/iframe>\n<script src=\"https:\/\/link.whipple.media\/js\/form_embed.js\"><\/script>\t\t\t\t<\/div>\n\t\t\t\t<\/div>\n\t\t\t\t<\/div>\n\t\t\t\t\t<\/div>\n\t\t\t\t<\/div>\n\t\t\t\t<\/div>\n\t\t","protected":false},"excerpt":{"rendered":"<p>Leon Hilliard Hughes Socia fundadora Conozca a Leon Hilliard Hughes Hil Hughes asisti\u00f3 a la Universidad de Emory como estudiante de pregrado, especializ\u00e1ndose en Qu\u00edmica, Filosof\u00eda y Estudios Asi\u00e1ticos. Este enfoque en el estudio de Asia incluye la participaci\u00f3n en el programa de japon\u00e9s de la Universidad de Stanford en Kioto. Hil tiene un MBA [&hellip;]<\/p>\n","protected":false},"author":1,"featured_media":0,"parent":4202,"menu_order":0,"comment_status":"closed","ping_status":"closed","template":"elementor_header_footer","meta":{"nf_dc_page":"","footnotes":""},"class_list":["post-4199","page","type-page","status-publish","hentry"],"_links":{"self":[{"href":"https:\/\/morrisonhugheslaw.com\/es\/wp-json\/wp\/v2\/pages\/4199","targetHints":{"allow":["GET"]}}],"collection":[{"href":"https:\/\/morrisonhugheslaw.com\/es\/wp-json\/wp\/v2\/pages"}],"about":[{"href":"https:\/\/morrisonhugheslaw.com\/es\/wp-json\/wp\/v2\/types\/page"}],"author":[{"embeddable":true,"href":"https:\/\/morrisonhugheslaw.com\/es\/wp-json\/wp\/v2\/users\/1"}],"replies":[{"embeddable":true,"href":"https:\/\/morrisonhugheslaw.com\/es\/wp-json\/wp\/v2\/comments?post=4199"}],"version-history":[{"count":3,"href":"https:\/\/morrisonhugheslaw.com\/es\/wp-json\/wp\/v2\/pages\/4199\/revisions"}],"predecessor-version":[{"id":4344,"href":"https:\/\/morrisonhugheslaw.com\/es\/wp-json\/wp\/v2\/pages\/4199\/revisions\/4344"}],"up":[{"embeddable":true,"href":"https:\/\/morrisonhugheslaw.com\/es\/wp-json\/wp\/v2\/pages\/4202"}],"wp:attachment":[{"href":"https:\/\/morrisonhugheslaw.com\/es\/wp-json\/wp\/v2\/media?parent=4199"}],"curies":[{"name":"wp","href":"https:\/\/api.w.org\/{rel}","templated":true}]}}