{"id":4200,"date":"2024-11-26T18:31:46","date_gmt":"2024-11-26T18:31:46","guid":{"rendered":"https:\/\/morrisonhugheslaw.com\/tristan-b-morrison\/"},"modified":"2026-04-29T14:00:14","modified_gmt":"2026-04-29T14:00:14","slug":"tristan-b-morrison","status":"publish","type":"page","link":"https:\/\/morrisonhugheslaw.com\/es\/about\/tristan-b-morrison\/","title":{"rendered":"Tristan B. Morrison"},"content":{"rendered":"\t\t<div data-elementor-type=\"wp-page\" data-elementor-id=\"4200\" class=\"elementor elementor-4200 elementor-318\" data-elementor-post-type=\"page\">\n\t\t\t\t<div class=\"elementor-element elementor-element-8fcb43b e-flex e-con-boxed e-con e-parent\" data-id=\"8fcb43b\" data-element_type=\"container\" data-e-type=\"container\" data-settings=\"{&quot;background_background&quot;:&quot;classic&quot;}\">\n\t\t\t\t\t<div class=\"e-con-inner\">\n\t\t\t\t\t<\/div>\n\t\t\t\t<\/div>\n\t\t<div class=\"elementor-element elementor-element-a4b5345 e-con-full e-flex e-con e-parent\" data-id=\"a4b5345\" data-element_type=\"container\" data-e-type=\"container\">\n\t\t<div class=\"elementor-element elementor-element-e8cc1bd e-con-full e-flex e-con e-child\" data-id=\"e8cc1bd\" data-element_type=\"container\" data-e-type=\"container\">\n\t\t\t\t<div class=\"elementor-element elementor-element-0638c3e elementor-widget elementor-widget-image\" data-id=\"0638c3e\" data-element_type=\"widget\" data-e-type=\"widget\" data-widget_type=\"image.default\">\n\t\t\t\t<div class=\"elementor-widget-container\">\n\t\t\t\t\t\t\t\t\t\t\t\t\t\t\t<img decoding=\"async\" src=\"https:\/\/morrisonhugheslaw.com\/wp-content\/uploads\/2026\/04\/Tristan-updated-headshot.png\" title=\"\" alt=\"\" loading=\"lazy\" \/>\t\t\t\t\t\t\t\t\t\t\t\t\t\t\t<\/div>\n\t\t\t\t<\/div>\n\t\t<div class=\"elementor-element elementor-element-49457c9 e-con-full e-flex e-con e-child\" data-id=\"49457c9\" data-element_type=\"container\" data-e-type=\"container\" data-settings=\"{&quot;background_background&quot;:&quot;classic&quot;}\">\n\t\t\t\t<div class=\"elementor-element elementor-element-88d6988 elementor-widget elementor-widget-heading\" data-id=\"88d6988\" data-element_type=\"widget\" data-e-type=\"widget\" data-widget_type=\"heading.default\">\n\t\t\t\t<div class=\"elementor-widget-container\">\n\t\t\t\t\t<h2 class=\"elementor-heading-title elementor-size-default\">Tristan B. Morrison\n<\/h2>\t\t\t\t<\/div>\n\t\t\t\t<\/div>\n\t\t\t\t<div class=\"elementor-element elementor-element-24399e0 elementor-widget elementor-widget-heading\" data-id=\"24399e0\" data-element_type=\"widget\" data-e-type=\"widget\" data-widget_type=\"heading.default\">\n\t\t\t\t<div class=\"elementor-widget-container\">\n\t\t\t\t\t<h2 class=\"elementor-heading-title elementor-size-default\">Socio fundador\n<\/h2>\t\t\t\t<\/div>\n\t\t\t\t<\/div>\n\t\t\t\t<\/div>\n\t\t\t\t<\/div>\n\t\t<div class=\"elementor-element elementor-element-619bdc5 e-con-full e-flex e-con e-child\" data-id=\"619bdc5\" data-element_type=\"container\" data-e-type=\"container\">\n\t\t\t\t<div class=\"elementor-element elementor-element-2161a73 elementor-widget elementor-widget-heading\" data-id=\"2161a73\" data-element_type=\"widget\" data-e-type=\"widget\" data-widget_type=\"heading.default\">\n\t\t\t\t<div class=\"elementor-widget-container\">\n\t\t\t\t\t<h2 class=\"elementor-heading-title elementor-size-default\">Conoce a Tristan B. Morrison\n<\/h2>\t\t\t\t<\/div>\n\t\t\t\t<\/div>\n\t\t\t\t<div class=\"elementor-element elementor-element-2d1c89e elementor-widget elementor-widget-text-editor\" data-id=\"2d1c89e\" data-element_type=\"widget\" data-e-type=\"widget\" data-widget_type=\"text-editor.default\">\n\t\t\t\t<div class=\"elementor-widget-container\">\n\t\t\t\t\t\t\t\t\t<p>Tristan Morrison es socio fundador de Morrison &amp; Hughes. El Sr. Morrison tiene m\u00e1s de 20 a\u00f1os de experiencia en la tramitaci\u00f3n de demandas de indemnizaci\u00f3n laboral y otras demandas por lesiones. Es un orgulloso licenciado en Derecho por la UGA, tiene la calificaci\u00f3n AV Preeminente y ha obtenido numerosas victorias para sus clientes en los juicios. Es miembro activo de la Secci\u00f3n de Indemnizaci\u00f3n Laboral y fue nombrado miembro de la Junta Directiva del LRIS del Colegio de Abogados de Atlanta.   <\/p><p>El Sr. Morrison conoce el sector de los seguros desde dentro. Anteriormente trabaj\u00f3 en dos de los mejores bufetes de defensa de los condados de Fulton y Cobb. Conoce a fondo la ley y se ocupa de los accidentes m\u00e1s graves, como lesiones catastr\u00f3ficas, lesiones cerebrales traum\u00e1ticas, amputaciones y accidentes de tr\u00e1fico en el trabajo.  <\/p><p>El Sr. Morrison tambi\u00e9n recauda fondos para m\u00faltiples organizaciones ben\u00e9ficas. Vive en Powder Springs con su mujer, sus hijos y su perro Gran Pirineo. <\/p>\t\t\t\t\t\t\t\t<\/div>\n\t\t\t\t<\/div>\n\t\t\t\t<div class=\"elementor-element elementor-element-c47effd elementor-widget elementor-widget-heading\" data-id=\"c47effd\" data-element_type=\"widget\" data-e-type=\"widget\" data-widget_type=\"heading.default\">\n\t\t\t\t<div class=\"elementor-widget-container\">\n\t\t\t\t\t<h2 class=\"elementor-heading-title elementor-size-default\">Premios<\/h2>\t\t\t\t<\/div>\n\t\t\t\t<\/div>\n\t\t<div class=\"elementor-element elementor-element-18a7a73 e-grid e-con-full e-con e-child\" data-id=\"18a7a73\" data-element_type=\"container\" data-e-type=\"container\">\n\t\t\t\t<div class=\"elementor-element elementor-element-5dab995 elementor-widget elementor-widget-image\" data-id=\"5dab995\" data-element_type=\"widget\" data-e-type=\"widget\" data-widget_type=\"image.default\">\n\t\t\t\t<div class=\"elementor-widget-container\">\n\t\t\t\t\t\t\t\t\t\t\t\t\t\t\t<img decoding=\"async\" src=\"https:\/\/morrisonhugheslaw.com\/wp-content\/uploads\/2024\/11\/MVA-Top-25-small.2403191202550.png\" title=\"\" alt=\"\" loading=\"lazy\" \/>\t\t\t\t\t\t\t\t\t\t\t\t\t\t\t<\/div>\n\t\t\t\t<\/div>\n\t\t\t\t<div class=\"elementor-element elementor-element-bfd7d93 elementor-widget elementor-widget-image\" data-id=\"bfd7d93\" data-element_type=\"widget\" data-e-type=\"widget\" data-widget_type=\"image.default\">\n\t\t\t\t<div class=\"elementor-widget-container\">\n\t\t\t\t\t\t\t\t\t\t\t\t\t\t\t<img decoding=\"async\" src=\"https:\/\/morrisonhugheslaw.com\/wp-content\/uploads\/2024\/11\/NTL-Top-100small.2403191201550.png\" title=\"\" alt=\"\" loading=\"lazy\" \/>\t\t\t\t\t\t\t\t\t\t\t\t\t\t\t<\/div>\n\t\t\t\t<\/div>\n\t\t\t\t<div class=\"elementor-element elementor-element-7b7cbb7 elementor-widget elementor-widget-image\" data-id=\"7b7cbb7\" data-element_type=\"widget\" data-e-type=\"widget\" data-widget_type=\"image.default\">\n\t\t\t\t<div class=\"elementor-widget-container\">\n\t\t\t\t\t\t\t\t\t\t\t\t\t\t\t<img decoding=\"async\" src=\"https:\/\/morrisonhugheslaw.com\/wp-content\/uploads\/2024\/11\/mybadge.2.2401261225129.png\" title=\"\" alt=\"\" loading=\"lazy\" \/>\t\t\t\t\t\t\t\t\t\t\t\t\t\t\t<\/div>\n\t\t\t\t<\/div>\n\t\t\t\t<div class=\"elementor-element elementor-element-f172b4d e-transform elementor-widget elementor-widget-image\" data-id=\"f172b4d\" data-element_type=\"widget\" data-e-type=\"widget\" data-settings=\"{&quot;_transform_scale_effect&quot;:{&quot;unit&quot;:&quot;px&quot;,&quot;size&quot;:1.1999999999999999555910790149937383830547332763671875,&quot;sizes&quot;:[]},&quot;_transform_scale_effect_tablet&quot;:{&quot;unit&quot;:&quot;px&quot;,&quot;size&quot;:&quot;&quot;,&quot;sizes&quot;:[]},&quot;_transform_scale_effect_mobile&quot;:{&quot;unit&quot;:&quot;px&quot;,&quot;size&quot;:&quot;&quot;,&quot;sizes&quot;:[]}}\" data-widget_type=\"image.default\">\n\t\t\t\t<div class=\"elementor-widget-container\">\n\t\t\t\t\t\t\t\t\t\t\t\t\t\t\t<img decoding=\"async\" src=\"https:\/\/morrisonhugheslaw.com\/wp-content\/uploads\/2024\/11\/tristia-LC-v.2401261226550.png\" title=\"\" alt=\"\" loading=\"lazy\" \/>\t\t\t\t\t\t\t\t\t\t\t\t\t\t\t<\/div>\n\t\t\t\t<\/div>\n\t\t\t\t<div class=\"elementor-element elementor-element-fd6ae95 e-transform elementor-widget elementor-widget-image\" data-id=\"fd6ae95\" data-element_type=\"widget\" data-e-type=\"widget\" data-settings=\"{&quot;_transform_scale_effect&quot;:{&quot;unit&quot;:&quot;px&quot;,&quot;size&quot;:0.6999999999999999555910790149937383830547332763671875,&quot;sizes&quot;:[]},&quot;_transform_scale_effect_tablet&quot;:{&quot;unit&quot;:&quot;px&quot;,&quot;size&quot;:1,&quot;sizes&quot;:[]},&quot;_transform_scale_effect_mobile&quot;:{&quot;unit&quot;:&quot;px&quot;,&quot;size&quot;:&quot;&quot;,&quot;sizes&quot;:[]}}\" data-widget_type=\"image.default\">\n\t\t\t\t<div class=\"elementor-widget-container\">\n\t\t\t\t\t\t\t\t\t\t\t\t\t\t\t<img fetchpriority=\"high\" decoding=\"async\" width=\"300\" height=\"294\" src=\"https:\/\/morrisonhugheslaw.com\/wp-content\/uploads\/2025\/02\/Client-Connoisseur-Badge-300x294.png\" class=\"attachment-medium size-medium wp-image-4201\" alt=\"\" srcset=\"https:\/\/morrisonhugheslaw.com\/wp-content\/uploads\/2025\/02\/Client-Connoisseur-Badge-300x294.png 300w, https:\/\/morrisonhugheslaw.com\/wp-content\/uploads\/2025\/02\/Client-Connoisseur-Badge-1024x1004.png 1024w, https:\/\/morrisonhugheslaw.com\/wp-content\/uploads\/2025\/02\/Client-Connoisseur-Badge-768x753.png 768w, https:\/\/morrisonhugheslaw.com\/wp-content\/uploads\/2025\/02\/Client-Connoisseur-Badge-1536x1505.webp 1536w, https:\/\/morrisonhugheslaw.com\/wp-content\/uploads\/2025\/02\/Client-Connoisseur-Badge.webp 1920w\" sizes=\"(max-width: 300px) 100vw, 300px\" \/>\t\t\t\t\t\t\t\t\t\t\t\t\t\t\t<\/div>\n\t\t\t\t<\/div>\n\t\t\t\t<\/div>\n\t\t\t\t<\/div>\n\t\t\t\t<\/div>\n\t\t<div class=\"elementor-element elementor-element-dc2c1ab e-flex e-con-boxed e-con e-parent\" data-id=\"dc2c1ab\" data-element_type=\"container\" data-e-type=\"container\">\n\t\t\t\t\t<div class=\"e-con-inner\">\n\t\t<div class=\"elementor-element elementor-element-fed2242 e-con-full e-flex e-con e-child\" data-id=\"fed2242\" data-element_type=\"container\" data-e-type=\"container\" data-settings=\"{&quot;background_background&quot;:&quot;classic&quot;}\">\n\t\t\t\t<div class=\"elementor-element elementor-element-05ef524 elementor-widget elementor-widget-heading\" data-id=\"05ef524\" data-element_type=\"widget\" data-e-type=\"widget\" data-widget_type=\"heading.default\">\n\t\t\t\t<div class=\"elementor-widget-container\">\n\t\t\t\t\t<h2 class=\"elementor-heading-title elementor-size-default\">No retrocedemos<\/h2>\t\t\t\t<\/div>\n\t\t\t\t<\/div>\n\t\t\t\t<div class=\"elementor-element elementor-element-42be5d7 elementor-widget elementor-widget-heading\" data-id=\"42be5d7\" data-element_type=\"widget\" data-e-type=\"widget\" data-widget_type=\"heading.default\">\n\t\t\t\t<div class=\"elementor-widget-container\">\n\t\t\t\t\t<h2 class=\"elementor-heading-title elementor-size-default\">No luches solo esta batalla\n<\/h2>\t\t\t\t<\/div>\n\t\t\t\t<\/div>\n\t\t\t\t<div class=\"elementor-element elementor-element-fbe32d7 elementor-widget-divider--view-line elementor-widget elementor-widget-divider\" data-id=\"fbe32d7\" data-element_type=\"widget\" data-e-type=\"widget\" data-widget_type=\"divider.default\">\n\t\t\t\t<div class=\"elementor-widget-container\">\n\t\t\t\t\t\t\t<div class=\"elementor-divider\">\n\t\t\t<span class=\"elementor-divider-separator\">\n\t\t\t\t\t\t<\/span>\n\t\t<\/div>\n\t\t\t\t\t\t<\/div>\n\t\t\t\t<\/div>\n\t\t\t\t<div class=\"elementor-element elementor-element-dd45f8c elementor-widget elementor-widget-text-editor\" data-id=\"dd45f8c\" data-element_type=\"widget\" data-e-type=\"widget\" data-widget_type=\"text-editor.default\">\n\t\t\t\t<div class=\"elementor-widget-container\">\n\t\t\t\t\t\t\t\t\t<section id=\"ContentV1\" class=\"cnt v1 lt-bg alt-bg pd_v main_cnt anm\" data-onvisible=\"anm\"><div class=\"mn_wd flx-at-1280 f_gp f_t\" data-flexswap=\"\"><div class=\"cnt half anm_hlf-r\"><div id=\"MainContent\" class=\"cnt-stl \" data-content=\"true\" data-inject=\"block\" data-skip=\"\"><div id=\"StaffSystemS1Content\" class=\"cnt-stl mrg_bt\" data-content=\"true\" data-inject=\"block\" data-skip=\"\"><div class=\"ta_\"><p>Tanto si tienes preguntas como si est\u00e1s listo para empezar, nuestro equipo jur\u00eddico est\u00e1 dispuesto a ayudarte. Rellena nuestro formulario o ll\u00e1manos al <a href=\"tel:4046892734\">(404) 689-2734<\/a> <\/p><\/div><\/div><div class=\"fit full\"><picture class=\"img pd-h- stf-img\" role=\"presentation\"><source srcset=\"\/cms\/thumbnails\/33\/455x565\/images\/staff\/TRISTAN-MORRISON.2307271605550.jpg\" media=\"(max-width: 500px)\"><\/source><source srcset=\"\/cms\/thumbnails\/33\/455x565\/images\/staff\/TRISTAN-MORRISON.2307271605550.jpg\" media=\"(max-width: 1279px)\"><\/source><\/picture><\/div><\/div><\/div><\/div><\/section>\t\t\t\t\t\t\t\t<\/div>\n\t\t\t\t<\/div>\n\t\t\t\t<div class=\"elementor-element elementor-element-b725529 elementor-widget elementor-widget-html\" data-id=\"b725529\" data-element_type=\"widget\" data-e-type=\"widget\" data-widget_type=\"html.default\">\n\t\t\t\t<div class=\"elementor-widget-container\">\n\t\t\t\t\t<iframe src=\"https:\/\/link.whipple.media\/widget\/form\/smuJijKiDfdfGUcfYPnV\" style=\"width:100%;height:100%;border:none;border-radius:3px\" id=\"inline-smuJijKiDfdfGUcfYPnV\" data-layout=\"{'id':'INLINE'}\" data-trigger-type=\"alwaysShow\" data-trigger-value=\"\" data-activation-type=\"alwaysActivated\" data-activation-value=\"\" data-deactivation-type=\"neverDeactivate\" data-deactivation-value=\"\" data-form-name=\"Contact Us Form\" data-height=\"522\" data-layout-iframe-id=\"inline-smuJijKiDfdfGUcfYPnV\" data-form-id=\"smuJijKiDfdfGUcfYPnV\" title=\"Formulario de contacto\">\n<\/iframe>\n<script src=\"https:\/\/link.whipple.media\/js\/form_embed.js\"><\/script>\t\t\t\t<\/div>\n\t\t\t\t<\/div>\n\t\t\t\t<\/div>\n\t\t\t\t\t<\/div>\n\t\t\t\t<\/div>\n\t\t\t\t<\/div>\n\t\t","protected":false},"excerpt":{"rendered":"<p>Tristan B. Morrison Socio fundador Conoce a Tristan B. Morrison Tristan Morrison es socio fundador de Morrison &amp; Hughes. El Sr. Morrison tiene m\u00e1s de 20 a\u00f1os de experiencia en la tramitaci\u00f3n de demandas de indemnizaci\u00f3n laboral y otras demandas por lesiones. Es un orgulloso licenciado en Derecho por la UGA, tiene la calificaci\u00f3n AV [&hellip;]<\/p>\n","protected":false},"author":1,"featured_media":0,"parent":4202,"menu_order":0,"comment_status":"closed","ping_status":"closed","template":"elementor_header_footer","meta":{"nf_dc_page":"","footnotes":""},"class_list":["post-4200","page","type-page","status-publish","hentry"],"_links":{"self":[{"href":"https:\/\/morrisonhugheslaw.com\/es\/wp-json\/wp\/v2\/pages\/4200","targetHints":{"allow":["GET"]}}],"collection":[{"href":"https:\/\/morrisonhugheslaw.com\/es\/wp-json\/wp\/v2\/pages"}],"about":[{"href":"https:\/\/morrisonhugheslaw.com\/es\/wp-json\/wp\/v2\/types\/page"}],"author":[{"embeddable":true,"href":"https:\/\/morrisonhugheslaw.com\/es\/wp-json\/wp\/v2\/users\/1"}],"replies":[{"embeddable":true,"href":"https:\/\/morrisonhugheslaw.com\/es\/wp-json\/wp\/v2\/comments?post=4200"}],"version-history":[{"count":7,"href":"https:\/\/morrisonhugheslaw.com\/es\/wp-json\/wp\/v2\/pages\/4200\/revisions"}],"predecessor-version":[{"id":6112,"href":"https:\/\/morrisonhugheslaw.com\/es\/wp-json\/wp\/v2\/pages\/4200\/revisions\/6112"}],"up":[{"embeddable":true,"href":"https:\/\/morrisonhugheslaw.com\/es\/wp-json\/wp\/v2\/pages\/4202"}],"wp:attachment":[{"href":"https:\/\/morrisonhugheslaw.com\/es\/wp-json\/wp\/v2\/media?parent=4200"}],"curies":[{"name":"wp","href":"https:\/\/api.w.org\/{rel}","templated":true}]}}